{"id":49084,"date":"2025-11-24T21:09:46","date_gmt":"2025-11-24T20:09:46","guid":{"rendered":"https:\/\/caminaktion.eu\/sonance\/"},"modified":"2026-02-16T14:30:28","modified_gmt":"2026-02-16T13:30:28","slug":"sonance","status":"publish","type":"page","link":"https:\/\/caminaktion.eu\/en\/sonance\/","title":{"rendered":"Germain Zambi &amp; Ana\u00efs Mauri: Sonance"},"content":{"rendered":"<p>[et_pb_section fb_built=&#8221;1&#8243; _builder_version=&#8221;4.16&#8243; global_colors_info=&#8221;{}&#8221;][et_pb_row module_class=&#8221; et_pb_row_fullwidth&#8221; _builder_version=&#8221;4.16&#8243; background_size=&#8221;initial&#8221; background_position=&#8221;top_left&#8221; background_repeat=&#8221;repeat&#8221; width=&#8221;89%&#8221; width_tablet=&#8221;80%&#8221; width_phone=&#8221;&#8221; width_last_edited=&#8221;on|desktop&#8221; max_width=&#8221;89%&#8221; max_width_tablet=&#8221;80%&#8221; max_width_phone=&#8221;&#8221; max_width_last_edited=&#8221;on|desktop&#8221; make_fullwidth=&#8221;on&#8221; global_colors_info=&#8221;{}&#8221;][et_pb_column type=&#8221;4_4&#8243; _builder_version=&#8221;4.16&#8243; custom_padding=&#8221;|||&#8221; global_colors_info=&#8221;{}&#8221; custom_padding__hover=&#8221;|||&#8221;][et_pb_text _builder_version=&#8221;4.18.0&#8243; global_colors_info=&#8221;{}&#8221;]<\/p>\n<h1><strong>Germain Zambi &amp; Ana\u00efs Mauri<\/strong><\/h1>\n<h1><b><i>Sonance<\/i><\/b><\/h1>\n<h1><span style=\"font-size: 34px;\">Duet &#8211; krump<\/span><\/h1>\n<p>[\/et_pb_text][\/et_pb_column][\/et_pb_row][et_pb_row column_structure=&#8221;3_5,2_5&#8243; module_class=&#8221; et_pb_row_fullwidth&#8221; _builder_version=&#8221;4.16&#8243; width=&#8221;89%&#8221; width_tablet=&#8221;80%&#8221; width_phone=&#8221;&#8221; width_last_edited=&#8221;on|desktop&#8221; max_width=&#8221;89%&#8221; max_width_tablet=&#8221;80%&#8221; max_width_phone=&#8221;&#8221; max_width_last_edited=&#8221;on|desktop&#8221; make_fullwidth=&#8221;on&#8221; global_colors_info=&#8221;{}&#8221;][et_pb_column type=&#8221;3_5&#8243; _builder_version=&#8221;4.16&#8243; custom_padding=&#8221;|||&#8221; global_colors_info=&#8221;{}&#8221; custom_padding__hover=&#8221;|||&#8221;][et_pb_video src=&#8221;https:\/\/vimeo.com\/caminaktion\/sonance-trailer?share=copy&#038;fl=sv&#038;fe=ci&#8221; _builder_version=&#8221;4.27.5&#8243; _module_preset=&#8221;default&#8221; hover_enabled=&#8221;0&#8243; sticky_enabled=&#8221;0&#8243;][\/et_pb_video][\/et_pb_column][et_pb_column type=&#8221;2_5&#8243; _builder_version=&#8221;4.16&#8243; custom_padding=&#8221;|||&#8221; global_colors_info=&#8221;{}&#8221; custom_padding__hover=&#8221;|||&#8221;][et_pb_text _builder_version=&#8221;4.27.4&#8243; custom_margin=&#8221;100px||||false|false&#8221; custom_padding=&#8221;||0px|||&#8221; global_colors_info=&#8221;{}&#8221;]<\/p>\n<h3 style=\"text-align: left;\"><span style=\"font-size: 34px;\">Duo<\/span><\/h3>\n<h3 style=\"text-align: left;\"><span style=\"font-family: inherit; font-weight: normal; color: #000000;\">Creation 2025<\/span><\/h3>\n<p style=\"text-align: left;\"><span style=\"font-size: 20px; font-family: inherit; font-weight: normal;\">Duration: 25 minutes <\/span><span style=\"font-size: 20px; font-family: inherit; font-weight: normal;\"><\/span><\/p>\n<p style=\"text-align: left;\"><span style=\"color: #00b1b3; font-family: inherit;\">Suitable to all audiences. <\/span><\/p>\n<p style=\"text-align: left;\"><span style=\"color: #00b1b3; font-family: inherit;\">Outreach &amp; education: krump workshop &amp; masterclass<\/span><span style=\"color: #00b1b3; font-family: inherit;\"><\/span><\/p>\n<p style=\"text-align: left;\"><span style=\"color: #00b1b3; font-family: inherit;\"><\/span><\/p>\n<p>[\/et_pb_text][\/et_pb_column][\/et_pb_row][et_pb_row column_structure=&#8221;1_2,1_2&#8243; module_class=&#8221; et_pb_row_fullwidth&#8221; _builder_version=&#8221;4.16&#8243; width=&#8221;89%&#8221; width_tablet=&#8221;80%&#8221; width_phone=&#8221;&#8221; width_last_edited=&#8221;on|desktop&#8221; max_width=&#8221;89%&#8221; max_width_tablet=&#8221;80%&#8221; max_width_phone=&#8221;&#8221; max_width_last_edited=&#8221;on|desktop&#8221; make_fullwidth=&#8221;on&#8221; global_colors_info=&#8221;{}&#8221;][et_pb_column type=&#8221;1_2&#8243; _builder_version=&#8221;4.16&#8243; custom_padding=&#8221;|||&#8221; global_colors_info=&#8221;{}&#8221; custom_padding__hover=&#8221;|||&#8221;][et_pb_text _builder_version=&#8221;4.17.1&#8243; _module_preset=&#8221;default&#8221; global_colors_info=&#8221;{}&#8221;]<\/p>\n<p><strong><em>Sonance<\/em> is the first creation by Ana\u00efs Mauri and Germain Zambi, an emblematic duo of today&#8217;s krump scene.<\/strong><\/p>\n<p>Ana\u00efs Mauri and Germain Zambi form one of the most iconic duos in Krump dance, a discipline born in the 2000s in the disadvantaged communities of Los Angeles and popularized by David LaChapelle\u2019s 2005 film <em>Rize<\/em>.<\/p>\n<p>They are renowned with their names Queen Naab, Queen Rucboi or Silent for Ana\u00efs, and Twin Sniper or Samo for Germain. Together, they embody what this dance holds most powerfully: a blend of revolt and love.<\/p>\n<p>Born respectively in Italy and in Congo, Ana\u00efs and Germain found in France, at the age of 10, a home where their art could grow.<\/p>\n<p>Naturally reserved, these two young dancers now give their bodies total freedom to tell the world what their words will never be able to express.<\/p>\n<p>Nourished by new musical influences and their life experiences, they are ready to enter this new chapter of their artistic journey.<\/p>\n<p>&nbsp;<\/p>\n<p>[\/et_pb_text][\/et_pb_column][et_pb_column type=&#8221;1_2&#8243; _builder_version=&#8221;4.16&#8243; custom_padding=&#8221;|||&#8221; global_colors_info=&#8221;{}&#8221; custom_padding__hover=&#8221;|||&#8221;][et_pb_text _builder_version=&#8221;4.17.1&#8243; _module_preset=&#8221;default&#8221; global_colors_info=&#8221;{}&#8221;]<\/p>\n<p><strong>How do those who do not speak make themselves heard?<\/strong><\/p>\n<p>What sound does the complicity of two introverted beings make? <\/p>\n<p>Ana\u00efs and Germain, singular and leading dancers of today\u2019s Krump scene, respond to these questions in this first creation. <\/p>\n<p>Sonance is the effect that spreads when you meet the one who understands you. <\/p>\n<p>Sonance is the silent conversation between two bodies that listen to each other. It is the music that unfolds when harmony is found \u2014 the connection that lights up the spectators. <\/p>\n<p>A movement that requires no words, only trust.<\/p>\n<p><em>Sonance<\/em>.<\/p>\n<p>[\/et_pb_text][\/et_pb_column][\/et_pb_row][et_pb_row column_structure=&#8221;2_5,3_5&#8243; module_class=&#8221; et_pb_row_fullwidth&#8221; _builder_version=&#8221;4.27.4&#8243; width=&#8221;89%&#8221; width_tablet=&#8221;80%&#8221; width_phone=&#8221;&#8221; width_last_edited=&#8221;on|desktop&#8221; max_width=&#8221;89%&#8221; max_width_tablet=&#8221;80%&#8221; max_width_phone=&#8221;&#8221; max_width_last_edited=&#8221;on|desktop&#8221; make_fullwidth=&#8221;on&#8221; global_colors_info=&#8221;{}&#8221;][et_pb_column type=&#8221;2_5&#8243; _builder_version=&#8221;4.16&#8243; custom_padding=&#8221;|||&#8221; global_colors_info=&#8221;{}&#8221; custom_padding__hover=&#8221;|||&#8221;][et_pb_text _builder_version=&#8221;4.27.4&#8243; _module_preset=&#8221;default&#8221; global_colors_info=&#8221;{}&#8221;]<\/p>\n<p><span style=\"font-size: small;\"><strong>Germain Zambi<\/strong> discovered dance through hiphop, but it was Krump that marked a true turning point in his path.<\/span><\/p>\n<p><span style=\"font-size: small;\">Having practiced this discipline for more than 10 years now, he considers it much more than just a dance style: for him, Krump is a powerful means of expression, a creative outlet, but also a deep link with a living culture and a community.<br \/><\/span><\/p>\n<p><span style=\"font-size: small;\">Always curious and open, he nourishes his practice through other artistic forms, whether urban or contemporary or live music, convinced that each new approach enriches his sensitivity and his choreographic language.<\/span><\/p>\n<p><span style=\"font-size: small;\"><br \/>Over the years, Germain has collaborated with several companies and choreographers, among them : D\u00e9lit de Fa\u00e7ade with the work <em>\u00c0 taille humaine<\/em> (2021); How Now with <em>Dead Trees Give No Shelter<\/em> (2022); choreographer David Drouard for the piece <em>MU<\/em> (2021); Amala Dianor with the acclaimed work <em>DUB<\/em> (2023). <br \/><\/span><\/p>\n<p><span style=\"font-size: small;\">Commissioned by Philharmonie de Paris (2025), he developed <em>Intimacy<\/em> with piccolo double bassist Florentin Ginot.<\/span><\/p>\n<p><span style=\"font-size: small;\"><\/span><\/p>\n<p><span style=\"font-size: small;\"><\/span><\/p>\n<p><span style=\"font-size: small;\"><\/span><\/p>\n<p><span style=\"font-size: small;\"><strong>Ana\u00efs Mauri<\/strong> was born and raised in Italy, in Bellagio, a small village on Lake Como.<br \/><\/span><\/p>\n<p><span style=\"font-size: small;\">She began dancing at a very young age, following the passion that her older sister and her mother had nurtured for a long time.<\/span><\/p>\n<p><span style=\"font-size: small;\"><br \/>From the age of 4, she trained in classical dance, then modern dance and hiphop. Her village school quickly became too small for her and she moved with her parents to Paris at the age of 10.<\/span><\/p>\n<p><span style=\"font-size: small;\">In France, she discovered Krump in 2016 with Naab: it was love at first sight, and it never left her. This dance fascinated her and became her main means of expression.<br \/><\/span><\/p>\n<p><span style=\"font-size: small;\">She became a recognized dancer within the Krump and all-style community, winning several renowned battles in France and abroad, such as <strong>Fusion Concept, Illest Battle, Royal Rumble International<\/strong>, and the <strong>Nike Own the Floor<\/strong> battle.<\/span><\/p>\n<p><span style=\"font-size: small;\">Avec sa s\u0153ur Dafne Bianchi, she develops the duet <em>La Breva<\/em> (2026).<\/span><\/p>\n<p style=\"text-align: justify;\">\n<p>[\/et_pb_text][\/et_pb_column][et_pb_column type=&#8221;3_5&#8243; _builder_version=&#8221;4.27.4&#8243; _module_preset=&#8221;default&#8221; global_colors_info=&#8221;{}&#8221;][et_pb_image src=&#8221;https:\/\/caminaktion.eu\/wp-content\/uploads\/2025\/11\/copypow.rousselyimg_9427-scaled.jpg&#8221; _builder_version=&#8221;4.27.5&#8243; _module_preset=&#8221;default&#8221; alt=&#8221;\u00a9pow.rousselyimg 9427&#8243; title_text=&#8221;\u00a9pow.rousselyimg 9427&#8243; hover_enabled=&#8221;0&#8243; sticky_enabled=&#8221;0&#8243;][\/et_pb_image][\/et_pb_column][\/et_pb_row][et_pb_row column_structure=&#8221;3_5,2_5&#8243; _builder_version=&#8221;4.27.4&#8243; _module_preset=&#8221;default&#8221; width=&#8221;89%&#8221; max_width=&#8221;2560px&#8221; global_colors_info=&#8221;{}&#8221;][et_pb_column type=&#8221;3_5&#8243; _builder_version=&#8221;4.27.4&#8243; _module_preset=&#8221;default&#8221; global_colors_info=&#8221;{}&#8221;][et_pb_text _builder_version=&#8221;4.27.4&#8243; _module_preset=&#8221;default&#8221; global_colors_info=&#8221;{}&#8221;]<\/p>\n<h3>Tour agenda<\/h3>\n<p>[\/et_pb_text][et_pb_code _builder_version=&#8221;4.27.4&#8243; _module_preset=&#8221;default&#8221; global_colors_info=&#8221;{}&#8221;]<script id=\"timely_script\" class=\"timely-script\" src=\"https:\/\/events.timely.fun\/embed.js\" data-src=\"https:\/\/events.timely.fun\/0y60xwmh?tags=677680576\" data-max-height=\"0\" ><\/script>[\/et_pb_code][\/et_pb_column][et_pb_column type=&#8221;2_5&#8243; _builder_version=&#8221;4.27.4&#8243; _module_preset=&#8221;default&#8221; global_colors_info=&#8221;{}&#8221;][et_pb_text _builder_version=&#8221;4.27.4&#8243; _module_preset=&#8221;default&#8221; global_colors_info=&#8221;{}&#8221;]<\/p>\n<h3>Cast<\/h3>\n<p>[\/et_pb_text][et_pb_text _builder_version=&#8221;4.27.4&#8243; text_font=&#8221;||||||||&#8221; text_font_size=&#8221;16px&#8221; text_line_height=&#8221;1.5em&#8221; global_colors_info=&#8221;{}&#8221;]<\/p>\n<p><span style=\"font-family: inherit;\"><strong>Choreography &amp; dance |<\/strong> Ana\u00efs Mauri &amp; Germain Zambi<\/span><\/p>\n<p><span style=\"font-family: inherit;\"><strong>Support |<\/strong>\u00a0SPot Network<\/span><\/p>\n<p><span style=\"font-family: inherit;\"><strong>Production &amp; touring |<\/strong> camin aktion<\/span><\/p>\n<p>&nbsp;<\/p>\n<p>[\/et_pb_text][et_pb_button button_url=&#8221;https:\/\/caminaktion.eu\/wp-content\/uploads\/2025\/11\/sonance-en.pdf&#8221; url_new_window=&#8221;on&#8221; button_text=&#8221;Dossier&#8221; button_alignment=&#8221;left&#8221; _builder_version=&#8221;4.27.4&#8243; custom_button=&#8221;on&#8221; button_text_size=&#8221;16px&#8221; button_border_radius=&#8221;100px&#8221; button_font=&#8221;Raleway|700|||||||&#8221; button_use_icon=&#8221;off&#8221; button_text_color_hover=&#8221;#ffffff&#8221; button_border_radius_hover=&#8221;100px&#8221; button_bg_color_hover=&#8221;#00b1b3&#8243; saved_tabs=&#8221;all&#8221; global_colors_info=&#8221;{}&#8221; button_text_size__hover_enabled=&#8221;off&#8221; button_one_text_size__hover_enabled=&#8221;off&#8221; button_two_text_size__hover_enabled=&#8221;off&#8221; button_text_color__hover_enabled=&#8221;on&#8221; button_text_color__hover=&#8221;#ffffff&#8221; button_one_text_color__hover_enabled=&#8221;off&#8221; button_two_text_color__hover_enabled=&#8221;off&#8221; button_border_width__hover_enabled=&#8221;off&#8221; button_one_border_width__hover_enabled=&#8221;off&#8221; button_two_border_width__hover_enabled=&#8221;off&#8221; button_border_color__hover_enabled=&#8221;off&#8221; button_one_border_color__hover_enabled=&#8221;off&#8221; button_two_border_color__hover_enabled=&#8221;off&#8221; button_border_radius__hover_enabled=&#8221;on&#8221; button_border_radius__hover=&#8221;100px&#8221; button_one_border_radius__hover_enabled=&#8221;off&#8221; button_two_border_radius__hover_enabled=&#8221;off&#8221; button_letter_spacing__hover_enabled=&#8221;off&#8221; button_one_letter_spacing__hover_enabled=&#8221;off&#8221; button_two_letter_spacing__hover_enabled=&#8221;off&#8221; button_bg_color__hover_enabled=&#8221;on&#8221; button_bg_color__hover=&#8221;#00b1b3&#8243; button_one_bg_color__hover_enabled=&#8221;off&#8221; button_two_bg_color__hover_enabled=&#8221;off&#8221;][\/et_pb_button][\/et_pb_column][\/et_pb_row][et_pb_row _builder_version=&#8221;4.27.4&#8243; _module_preset=&#8221;default&#8221; width=&#8221;94%&#8221; max_width=&#8221;2560px&#8221; global_colors_info=&#8221;{}&#8221;][et_pb_column type=&#8221;4_4&#8243; _builder_version=&#8221;4.27.4&#8243; _module_preset=&#8221;default&#8221; global_colors_info=&#8221;{}&#8221;][et_pb_code _builder_version=&#8221;4.27.4&#8243; _module_preset=&#8221;default&#8221; module_alignment=&#8221;center&#8221; global_colors_info=&#8221;{}&#8221;]<script type=\"text\/javascript\">jQuery(function() { _initLayerSlider( '#layerslider_99_x6bezx4k1k3n', {sliderVersion: '8.0.1', type: 'fullwidth', responsiveUnder: 0, layersContainer: 0, allowFullscreen: true, slideBGSize: 'auto', pauseOnHover: 'enabled', skin: 'v5', sliderFadeInDuration: 350, globalBGColor: '#000000', showBarTimer: true, thumbnailNavigation: 'always', useSrcset: true, skinsPath: 'https:\/\/caminaktion.eu\/wp-content\/plugins\/LayerSlider\/assets\/static\/layerslider\/skins\/', performanceMode: true}); });<\/script><div id=\"layerslider_99_x6bezx4k1k3n\"  class=\"ls-wp-container fitvidsignore ls-selectable\" style=\"width:750px;height:500px;margin:0 auto;margin-bottom: 0px;\"><div class=\"ls-slide\" ><img loading=\"lazy\" decoding=\"async\" width=\"1280\" height=\"853\" src=\"https:\/\/caminaktion.eu\/wp-content\/uploads\/2025\/11\/ls-project-99-slide-1.jpg\" class=\"ls-tn\" alt=\"\" srcset=\"https:\/\/caminaktion.eu\/wp-content\/uploads\/2025\/11\/ls-project-99-slide-1.jpg 1280w, https:\/\/caminaktion.eu\/wp-content\/uploads\/2025\/11\/ls-project-99-slide-1-980x653.jpg 980w, https:\/\/caminaktion.eu\/wp-content\/uploads\/2025\/11\/ls-project-99-slide-1-480x320.jpg 480w\" sizes=\"(min-width: 0px) and (max-width: 480px) 480px, (min-width: 481px) and (max-width: 980px) 980px, (min-width: 981px) 1280px, 100vw\" \/><img loading=\"lazy\" decoding=\"async\" width=\"1707\" height=\"2560\" src=\"https:\/\/caminaktion.eu\/wp-content\/uploads\/2025\/11\/copypow.rousselyimg_9427-scaled.jpeg\" class=\"ls-l ls-img-layer\" alt=\"\" srcset=\"https:\/\/caminaktion.eu\/wp-content\/uploads\/2025\/11\/copypow.rousselyimg_9427-scaled.jpeg 1707w, https:\/\/caminaktion.eu\/wp-content\/uploads\/2025\/11\/copypow.rousselyimg_9427-1280x1920.jpeg 1280w, https:\/\/caminaktion.eu\/wp-content\/uploads\/2025\/11\/copypow.rousselyimg_9427-980x1470.jpeg 980w, https:\/\/caminaktion.eu\/wp-content\/uploads\/2025\/11\/copypow.rousselyimg_9427-480x720.jpeg 480w\" sizes=\"(min-width: 0px) and (max-width: 480px) 480px, (min-width: 481px) and (max-width: 980px) 980px, (min-width: 981px) and (max-width: 1280px) 1280px, (min-width: 1281px) 1707px, 100vw\" style=\"width:335px;height:502px;top:-2px;left:208px;\"><\/div><div class=\"ls-slide\" ><img loading=\"lazy\" decoding=\"async\" width=\"1280\" height=\"853\" src=\"https:\/\/caminaktion.eu\/wp-content\/uploads\/2025\/11\/ls-project-99-slide-4.jpg\" class=\"ls-tn\" alt=\"\" srcset=\"https:\/\/caminaktion.eu\/wp-content\/uploads\/2025\/11\/ls-project-99-slide-4.jpg 1280w, https:\/\/caminaktion.eu\/wp-content\/uploads\/2025\/11\/ls-project-99-slide-4-980x653.jpg 980w, https:\/\/caminaktion.eu\/wp-content\/uploads\/2025\/11\/ls-project-99-slide-4-480x320.jpg 480w\" sizes=\"(min-width: 0px) and (max-width: 480px) 480px, (min-width: 481px) and (max-width: 980px) 980px, (min-width: 981px) 1280px, 100vw\" \/><img loading=\"lazy\" decoding=\"async\" width=\"1707\" height=\"2560\" src=\"https:\/\/caminaktion.eu\/wp-content\/uploads\/2025\/11\/copypow.rousselyimg_9429-scaled.jpeg\" class=\"ls-l ls-img-layer\" alt=\"\" srcset=\"https:\/\/caminaktion.eu\/wp-content\/uploads\/2025\/11\/copypow.rousselyimg_9429-scaled.jpeg 1707w, https:\/\/caminaktion.eu\/wp-content\/uploads\/2025\/11\/copypow.rousselyimg_9429-1280x1920.jpeg 1280w, https:\/\/caminaktion.eu\/wp-content\/uploads\/2025\/11\/copypow.rousselyimg_9429-980x1470.jpeg 980w, https:\/\/caminaktion.eu\/wp-content\/uploads\/2025\/11\/copypow.rousselyimg_9429-480x720.jpeg 480w\" sizes=\"(min-width: 0px) and (max-width: 480px) 480px, (min-width: 481px) and (max-width: 980px) 980px, (min-width: 981px) and (max-width: 1280px) 1280px, (min-width: 1281px) 1707px, 100vw\" style=\"width:336px;height:504px;top:-4px;left:207px;\"><\/div><div class=\"ls-slide\" ><img loading=\"lazy\" decoding=\"async\" width=\"1280\" height=\"853\" src=\"https:\/\/caminaktion.eu\/wp-content\/uploads\/2025\/11\/ls-project-99-slide-2.jpg\" class=\"ls-tn\" alt=\"\" srcset=\"https:\/\/caminaktion.eu\/wp-content\/uploads\/2025\/11\/ls-project-99-slide-2.jpg 1280w, https:\/\/caminaktion.eu\/wp-content\/uploads\/2025\/11\/ls-project-99-slide-2-980x653.jpg 980w, https:\/\/caminaktion.eu\/wp-content\/uploads\/2025\/11\/ls-project-99-slide-2-480x320.jpg 480w\" sizes=\"(min-width: 0px) and (max-width: 480px) 480px, (min-width: 481px) and (max-width: 980px) 980px, (min-width: 981px) 1280px, 100vw\" \/><img loading=\"lazy\" decoding=\"async\" width=\"2560\" height=\"1550\" src=\"https:\/\/caminaktion.eu\/wp-content\/uploads\/2025\/11\/copykopeto-img_0264-horizontal-scaled.jpeg\" class=\"ls-l ls-img-layer\" alt=\"\" srcset=\"https:\/\/caminaktion.eu\/wp-content\/uploads\/2025\/11\/copykopeto-img_0264-horizontal-scaled.jpeg 2560w, https:\/\/caminaktion.eu\/wp-content\/uploads\/2025\/11\/copykopeto-img_0264-horizontal-1280x775.jpeg 1280w, https:\/\/caminaktion.eu\/wp-content\/uploads\/2025\/11\/copykopeto-img_0264-horizontal-980x593.jpeg 980w, https:\/\/caminaktion.eu\/wp-content\/uploads\/2025\/11\/copykopeto-img_0264-horizontal-480x291.jpeg 480w\" sizes=\"(min-width: 0px) and (max-width: 480px) 480px, (min-width: 481px) and (max-width: 980px) 980px, (min-width: 981px) and (max-width: 1280px) 1280px, (min-width: 1281px) 2560px, 100vw\" style=\"width:831px;height:503px;top:-3px;left:-40px;\"><\/div><div class=\"ls-slide\" ><img loading=\"lazy\" decoding=\"async\" width=\"1280\" height=\"853\" src=\"https:\/\/caminaktion.eu\/wp-content\/uploads\/2025\/11\/ls-project-99-slide-3.jpg\" class=\"ls-tn\" alt=\"\" srcset=\"https:\/\/caminaktion.eu\/wp-content\/uploads\/2025\/11\/ls-project-99-slide-3.jpg 1280w, https:\/\/caminaktion.eu\/wp-content\/uploads\/2025\/11\/ls-project-99-slide-3-980x653.jpg 980w, https:\/\/caminaktion.eu\/wp-content\/uploads\/2025\/11\/ls-project-99-slide-3-480x320.jpg 480w\" sizes=\"(min-width: 0px) and (max-width: 480px) 480px, (min-width: 481px) and (max-width: 980px) 980px, (min-width: 981px) 1280px, 100vw\" \/><img loading=\"lazy\" decoding=\"async\" width=\"1565\" height=\"1160\" src=\"https:\/\/caminaktion.eu\/wp-content\/uploads\/2025\/11\/copykopeto-85f11f7d-6f56-426e-8635-fb1819452e92.jpeg\" class=\"ls-l ls-img-layer\" alt=\"\" srcset=\"https:\/\/caminaktion.eu\/wp-content\/uploads\/2025\/11\/copykopeto-85f11f7d-6f56-426e-8635-fb1819452e92.jpeg 1565w, https:\/\/caminaktion.eu\/wp-content\/uploads\/2025\/11\/copykopeto-85f11f7d-6f56-426e-8635-fb1819452e92-1280x949.jpeg 1280w, https:\/\/caminaktion.eu\/wp-content\/uploads\/2025\/11\/copykopeto-85f11f7d-6f56-426e-8635-fb1819452e92-980x726.jpeg 980w, https:\/\/caminaktion.eu\/wp-content\/uploads\/2025\/11\/copykopeto-85f11f7d-6f56-426e-8635-fb1819452e92-480x356.jpeg 480w\" sizes=\"(min-width: 0px) and (max-width: 480px) 480px, (min-width: 481px) and (max-width: 980px) 980px, (min-width: 981px) and (max-width: 1280px) 1280px, (min-width: 1281px) 1565px, 100vw\" style=\"width:755px;height:560px;top:-60px;left:0px;\"><\/div><\/div>[\/et_pb_code][\/et_pb_column][\/et_pb_row][et_pb_row module_class=&#8221; et_pb_row_fullwidth&#8221; _builder_version=&#8221;4.16&#8243; width=&#8221;89%&#8221; width_tablet=&#8221;80%&#8221; width_phone=&#8221;&#8221; width_last_edited=&#8221;on|desktop&#8221; max_width=&#8221;89%&#8221; max_width_tablet=&#8221;80%&#8221; max_width_phone=&#8221;&#8221; max_width_last_edited=&#8221;on|desktop&#8221; make_fullwidth=&#8221;on&#8221; global_colors_info=&#8221;{}&#8221;][et_pb_column type=&#8221;4_4&#8243; _builder_version=&#8221;4.16&#8243; custom_padding=&#8221;|||&#8221; global_colors_info=&#8221;{}&#8221; custom_padding__hover=&#8221;|||&#8221;][et_pb_text _builder_version=&#8221;4.27.5&#8243; text_font_size=&#8221;12px&#8221; hover_enabled=&#8221;0&#8243; global_colors_info=&#8221;{}&#8221; sticky_enabled=&#8221;0&#8243;]<\/p>\n<p style=\"text-align: right;\">Color photos \u00a9Pow.roussely. B&amp;W photos \u00a9 kopeto<\/p>\n<p>[\/et_pb_text][\/et_pb_column][\/et_pb_row][\/et_pb_section][et_pb_section fb_built=&#8221;1&#8243; fullwidth=&#8221;on&#8221; _builder_version=&#8221;4.16&#8243; global_colors_info=&#8221;{}&#8221;][\/et_pb_section]<\/p>\n","protected":false},"excerpt":{"rendered":"<p>Germain Zambi &amp; Ana\u00efs Mauri Sonance Duet &#8211; krumpDuo Creation 2025 Duration: 25 minutes Suitable to all audiences. Outreach &amp; education: krump workshop &amp; masterclass Sonance is the first creation by Ana\u00efs Mauri and Germain Zambi, an emblematic duo of today&#8217;s krump scene. Ana\u00efs Mauri and Germain Zambi form one of the most iconic duos [&hellip;]<\/p>\n","protected":false},"author":1,"featured_media":46630,"parent":0,"menu_order":0,"comment_status":"closed","ping_status":"closed","template":"","meta":{"_seopress_robots_primary_cat":"","_seopress_titles_title":"","_seopress_titles_desc":"","_seopress_robots_index":"","_et_pb_use_builder":"on","_et_pb_old_content":"","_et_gb_content_width":"","footnotes":""},"class_list":["post-49084","page","type-page","status-publish","has-post-thumbnail","hentry"],"_links":{"self":[{"href":"https:\/\/caminaktion.eu\/en\/wp-json\/wp\/v2\/pages\/49084","targetHints":{"allow":["GET"]}}],"collection":[{"href":"https:\/\/caminaktion.eu\/en\/wp-json\/wp\/v2\/pages"}],"about":[{"href":"https:\/\/caminaktion.eu\/en\/wp-json\/wp\/v2\/types\/page"}],"author":[{"embeddable":true,"href":"https:\/\/caminaktion.eu\/en\/wp-json\/wp\/v2\/users\/1"}],"replies":[{"embeddable":true,"href":"https:\/\/caminaktion.eu\/en\/wp-json\/wp\/v2\/comments?post=49084"}],"version-history":[{"count":13,"href":"https:\/\/caminaktion.eu\/en\/wp-json\/wp\/v2\/pages\/49084\/revisions"}],"predecessor-version":[{"id":49185,"href":"https:\/\/caminaktion.eu\/en\/wp-json\/wp\/v2\/pages\/49084\/revisions\/49185"}],"wp:featuredmedia":[{"embeddable":true,"href":"https:\/\/caminaktion.eu\/en\/wp-json\/wp\/v2\/media\/46630"}],"wp:attachment":[{"href":"https:\/\/caminaktion.eu\/en\/wp-json\/wp\/v2\/media?parent=49084"}],"curies":[{"name":"wp","href":"https:\/\/api.w.org\/{rel}","templated":true}]}}