{"id":48102,"date":"2025-10-19T14:20:36","date_gmt":"2025-10-19T12:20:36","guid":{"rendered":"https:\/\/caminaktion.eu\/kiswinsida\/"},"modified":"2025-10-19T21:15:05","modified_gmt":"2025-10-19T19:15:05","slug":"kiswinsida","status":"publish","type":"page","link":"https:\/\/caminaktion.eu\/en\/kiswinsida\/","title":{"rendered":"Kiswinsida Olivier Gansaore"},"content":{"rendered":"<p>[et_pb_section fb_built=&#8221;1&#8243; _builder_version=&#8221;4.21.0&#8243; _module_preset=&#8221;default&#8221; global_colors_info=&#8221;{}&#8221;][et_pb_row _builder_version=&#8221;4.21.0&#8243; _module_preset=&#8221;default&#8221; width=&#8221;100%&#8221; global_colors_info=&#8221;{}&#8221;][et_pb_column type=&#8221;4_4&#8243; _builder_version=&#8221;4.21.0&#8243; _module_preset=&#8221;default&#8221; global_colors_info=&#8221;{}&#8221;][et_pb_text _builder_version=&#8221;4.21.0&#8243; _module_preset=&#8221;default&#8221; global_colors_info=&#8221;{}&#8221;]<\/p>\n<h1>Kiswinsida Olivier Gansaore<\/h1>\n<h2>Ouagadougou | Montpellier<\/h2>\n<p>[\/et_pb_text][\/et_pb_column][\/et_pb_row][et_pb_row _builder_version=&#8221;4.21.0&#8243; _module_preset=&#8221;default&#8221; global_colors_info=&#8221;{}&#8221;][et_pb_column type=&#8221;4_4&#8243; _builder_version=&#8221;4.21.0&#8243; _module_preset=&#8221;default&#8221; global_colors_info=&#8221;{}&#8221;][et_pb_image src=&#8221;https:\/\/caminaktion.eu\/wp-content\/uploads\/2025\/10\/img_4816-1-scaled.jpg&#8221; alt=&#8221;img 4816&#8243; title_text=&#8221;img 4816&#8243; _builder_version=&#8221;4.27.4&#8243; _module_preset=&#8221;default&#8221; global_colors_info=&#8221;{}&#8221;][\/et_pb_image][\/et_pb_column][\/et_pb_row][et_pb_row _builder_version=&#8221;4.21.0&#8243; _module_preset=&#8221;default&#8221; global_colors_info=&#8221;{}&#8221;][et_pb_column type=&#8221;4_4&#8243; _builder_version=&#8221;4.21.0&#8243; _module_preset=&#8221;default&#8221; global_colors_info=&#8221;{}&#8221;][et_pb_button button_url=&#8221;https:\/\/caminaktion.eu\/en\/remember\/&#8221; url_new_window=&#8221;on&#8221; button_text=&#8221;REMEMBER ACTE 02&#8243; button_alignment=&#8221;center&#8221; _builder_version=&#8221;4.27.4&#8243; custom_button=&#8221;on&#8221; button_text_size=&#8221;20px&#8221; button_border_radius=&#8221;100px&#8221; button_font=&#8221;Raleway|700|on||||||&#8221; button_use_icon=&#8221;off&#8221; hover_enabled=&#8221;0&#8243; button_text_color_hover=&#8221;#ffffff&#8221; button_border_radius_hover=&#8221;100px&#8221; button_bg_color_hover=&#8221;#00b1b3&#8243; saved_tabs=&#8221;all&#8221; global_colors_info=&#8221;{}&#8221; button_text_size__hover_enabled=&#8221;off&#8221; button_one_text_size__hover_enabled=&#8221;off&#8221; button_two_text_size__hover_enabled=&#8221;off&#8221; button_text_color__hover_enabled=&#8221;on&#8221; button_text_color__hover=&#8221;#ffffff&#8221; button_one_text_color__hover_enabled=&#8221;off&#8221; button_two_text_color__hover_enabled=&#8221;off&#8221; button_border_width__hover_enabled=&#8221;off&#8221; button_one_border_width__hover_enabled=&#8221;off&#8221; button_two_border_width__hover_enabled=&#8221;off&#8221; button_border_color__hover_enabled=&#8221;off&#8221; button_one_border_color__hover_enabled=&#8221;off&#8221; button_two_border_color__hover_enabled=&#8221;off&#8221; button_border_radius__hover_enabled=&#8221;on&#8221; button_border_radius__hover=&#8221;100px&#8221; button_one_border_radius__hover_enabled=&#8221;off&#8221; button_two_border_radius__hover_enabled=&#8221;off&#8221; button_letter_spacing__hover_enabled=&#8221;off&#8221; button_one_letter_spacing__hover_enabled=&#8221;off&#8221; button_two_letter_spacing__hover_enabled=&#8221;off&#8221; button_bg_color__hover_enabled=&#8221;on&#8221; button_bg_color__hover=&#8221;#00b1b3&#8243; button_one_bg_color__hover_enabled=&#8221;off&#8221; button_two_bg_color__hover_enabled=&#8221;off&#8221; sticky_enabled=&#8221;0&#8243;][\/et_pb_button][\/et_pb_column][\/et_pb_row][et_pb_row column_structure=&#8221;1_2,1_2&#8243; _builder_version=&#8221;4.21.0&#8243; _module_preset=&#8221;default&#8221; global_colors_info=&#8221;{}&#8221;][et_pb_column type=&#8221;1_2&#8243; _builder_version=&#8221;4.21.0&#8243; _module_preset=&#8221;default&#8221; global_colors_info=&#8221;{}&#8221;][et_pb_text _builder_version=&#8221;4.27.4&#8243; _module_preset=&#8221;default&#8221; global_colors_info=&#8221;{}&#8221;]<\/p>\n<p><strong>Holder of a Master\u2019s degree in Choreographic Studies from the Institut Chor\u00e9graphique International (CCI) \u2013 National Choreographic Center of Montpellier, Kiswinsida Olivier Gansaore is a Burkinabe choreographer whose artistic path spans over a decade of creation, transmission, and social engagement through dance.<\/strong><\/p>\n<p>A creator of multidisciplinary performances, Kiswinsida comes from the urban dance scene, where he quickly built a strong reputation through award-winning performances, including at the Semaine Nationale de la Culture (SNC), where he received the choreographic creation prize, before joining the three-year professional training program Yeleen Don at CDC La Termiti\u00e8re in Ouagadougou. There, he worked with renowned artists such as <strong>Serge Aim\u00e9 Coulibaly,<\/strong> <strong>Herman Diephuis, Fran\u00e7ois Verret, Ildevert M\u00e9da, Odile Sankara, Salia Sanou,<\/strong> and <strong>Seydou Boro<\/strong>.<\/p>\n<p>He is recognized for his rigor, his commitment to transmission, and his sensitivity in engaging with other artistic disciplines. Since then, he has multiplied artistic collaborations as a choreographer with numerous Burkinabe artists \u2014 actors, comedians, filmmakers, stage directors, musicians, and singers.<\/p>\n<p>He has worked as a dancer and assistant with<strong> Serge Aim\u00e9 Coulibaly<\/strong>, as assistant choreographer to <strong>Rosalba Torres Guerrero<\/strong>, and as a trainee performer with <strong>Josef Nadj<\/strong> on the project <em>Full Moon<\/em>. He also worked with <strong>R\u00e9gine Chopinot, Phia M\u00e9nard,<\/strong> and <strong>Aur\u00e9lie Charon<\/strong> on <em>Avant Toute Chose<\/em>, a project by the Fondation Herm\u00e8s at MC93, and has collaborated with visual artists such as <strong>Fran\u00e7oise P\u00e9trovitch<\/strong>.<\/p>\n<p>&nbsp;<\/p>\n<p>[\/et_pb_text][\/et_pb_column][et_pb_column type=&#8221;1_2&#8243; _builder_version=&#8221;4.21.0&#8243; _module_preset=&#8221;default&#8221; global_colors_info=&#8221;{}&#8221;][et_pb_text _builder_version=&#8221;4.27.4&#8243; _module_preset=&#8221;default&#8221; global_colors_info=&#8221;{}&#8221;]<\/p>\n<p>His artistic approach examines contemporary challenges and social realities, using the body as a medium for poetry and dialogue. He co-created projects intertwining choreography, speech, and memory \u2014 such as <em>On se dessine un monde<\/em> \u2014 and serves as artistic director of <strong>Compagnie Grand Geste<\/strong>, which regularly brings dance into prisons through the project <em>Vague Des Ailes<\/em>.<\/p>\n<p>Committed to education and transmission, he leads workshops for children, disadvantaged youth, and marginalized communities, including AFROCAV and Afro Dance. He has also created several commissioned works.<\/p>\n<p>He has three solo creations to his name \u2014 <strong><em>ARZEKA<\/em><\/strong> (2018), <strong><em>REMEMBER ACTE 01<\/em><\/strong> (2021), and <a href=\"https:\/\/caminaktion.eu\/en\/remember\"><strong><em>REMEMBER ACTE 02<\/em><\/strong><\/a> (2025\/26) \u2014 presented on numerous national and international stages: Germany, France, Senegal, Mali, MASA (Abidjan), the Biennale de la danse in C\u00f4te d\u2019Ivoire, R\u00e9cr\u00e9\u00e2trales, and Festival Dialogue de Corps.<\/p>\n<p>He has taken part in several professional development programs in West Africa, including the ANKATA Coaching Project and L\u2019Art de l\u2019Enseignement de la Danse.<\/p>\n<p><strong>A complete and committed artist, Kiswinsida Olivier Gansaore embodies a generation of African creators for whom dance is both an art and a legacy, a responsibility and a tool \u2014 a means of self-affirmation, resistance, expression, and transformation.<\/strong><\/p>\n<p>[\/et_pb_text][\/et_pb_column][\/et_pb_row][et_pb_row _builder_version=&#8221;4.27.4&#8243; _module_preset=&#8221;default&#8221; global_colors_info=&#8221;{}&#8221;][et_pb_column type=&#8221;4_4&#8243; _builder_version=&#8221;4.27.4&#8243; _module_preset=&#8221;default&#8221; global_colors_info=&#8221;{}&#8221;][et_pb_text _builder_version=&#8221;4.27.4&#8243; _module_preset=&#8221;default&#8221; global_colors_info=&#8221;{}&#8221;]<\/p>\n<p style=\"text-align: right;\"><span style=\"font-size: x-small;\">Photo \u00a9 Dirk Korell<\/span><\/p>\n<p style=\"text-align: right;\">\n<p style=\"text-align: right;\">\n<p style=\"text-align: right;\">\n<p>[\/et_pb_text][\/et_pb_column][\/et_pb_row][\/et_pb_section]<\/p>\n","protected":false},"excerpt":{"rendered":"<p>Kiswinsida Olivier Gansaore Ouagadougou | MontpellierHolder of a Master\u2019s degree in Choreographic Studies from the Institut Chor\u00e9graphique International (CCI) \u2013 National Choreographic Center of Montpellier, Kiswinsida Olivier Gansaore is a Burkinabe choreographer whose artistic path spans over a decade of creation, transmission, and social engagement through dance. A creator of multidisciplinary performances, Kiswinsida comes from [&hellip;]<\/p>\n","protected":false},"author":1,"featured_media":48045,"parent":0,"menu_order":0,"comment_status":"closed","ping_status":"closed","template":"","meta":{"_seopress_robots_primary_cat":"","_seopress_titles_title":"","_seopress_titles_desc":"","_seopress_robots_index":"","_et_pb_use_builder":"on","_et_pb_old_content":"","_et_gb_content_width":"","footnotes":""},"class_list":["post-48102","page","type-page","status-publish","has-post-thumbnail","hentry"],"_links":{"self":[{"href":"https:\/\/caminaktion.eu\/en\/wp-json\/wp\/v2\/pages\/48102","targetHints":{"allow":["GET"]}}],"collection":[{"href":"https:\/\/caminaktion.eu\/en\/wp-json\/wp\/v2\/pages"}],"about":[{"href":"https:\/\/caminaktion.eu\/en\/wp-json\/wp\/v2\/types\/page"}],"author":[{"embeddable":true,"href":"https:\/\/caminaktion.eu\/en\/wp-json\/wp\/v2\/users\/1"}],"replies":[{"embeddable":true,"href":"https:\/\/caminaktion.eu\/en\/wp-json\/wp\/v2\/comments?post=48102"}],"version-history":[{"count":6,"href":"https:\/\/caminaktion.eu\/en\/wp-json\/wp\/v2\/pages\/48102\/revisions"}],"predecessor-version":[{"id":48296,"href":"https:\/\/caminaktion.eu\/en\/wp-json\/wp\/v2\/pages\/48102\/revisions\/48296"}],"wp:featuredmedia":[{"embeddable":true,"href":"https:\/\/caminaktion.eu\/en\/wp-json\/wp\/v2\/media\/48045"}],"wp:attachment":[{"href":"https:\/\/caminaktion.eu\/en\/wp-json\/wp\/v2\/media?parent=48102"}],"curies":[{"name":"wp","href":"https:\/\/api.w.org\/{rel}","templated":true}]}}