{"id":47685,"date":"2025-10-17T18:47:14","date_gmt":"2025-10-17T16:47:14","guid":{"rendered":"https:\/\/caminaktion.eu\/hypeocc-social\/"},"modified":"2025-10-21T10:04:18","modified_gmt":"2025-10-21T08:04:18","slug":"hypeocc-social","status":"publish","type":"page","link":"https:\/\/caminaktion.eu\/en\/hypeocc-social\/","title":{"rendered":"HYPE OCC &#8211; a festival with social impact"},"content":{"rendered":"<p>[et_pb_section fb_built=&#8221;1&#8243; _builder_version=&#8221;4.21.0&#8243; _module_preset=&#8221;default&#8221; global_colors_info=&#8221;{}&#8221;][et_pb_row _builder_version=&#8221;4.21.0&#8243; _module_preset=&#8221;default&#8221; width=&#8221;100%&#8221; global_colors_info=&#8221;{}&#8221;][et_pb_column type=&#8221;4_4&#8243; _builder_version=&#8221;4.21.0&#8243; _module_preset=&#8221;default&#8221; global_colors_info=&#8221;{}&#8221;][et_pb_text _builder_version=&#8221;4.27.4&#8243; _module_preset=&#8221;default&#8221; custom_margin=&#8221;||-24px||false|false&#8221; global_colors_info=&#8221;{}&#8221;]<\/p>\n<h1><strong>HYPE OCC &#8211; a festival with social impact<\/strong><\/h1>\n<p>[\/et_pb_text][\/et_pb_column][\/et_pb_row][et_pb_row _builder_version=&#8221;4.21.0&#8243; _module_preset=&#8221;default&#8221; global_colors_info=&#8221;{}&#8221;][et_pb_column type=&#8221;4_4&#8243; _builder_version=&#8221;4.21.0&#8243; _module_preset=&#8221;default&#8221; global_colors_info=&#8221;{}&#8221;][et_pb_text _builder_version=&#8221;4.27.4&#8243; _module_preset=&#8221;default&#8221; global_colors_info=&#8221;{}&#8221;]<\/p>\n<h3>Hiphop culture \u2014 and the dances born from struggles for rights and liberation \u2014 are inseparable from their social dimension. We stand by this.<\/h3>\n<p>[\/et_pb_text][\/et_pb_column][\/et_pb_row][et_pb_row _builder_version=&#8221;4.27.4&#8243; _module_preset=&#8221;default&#8221; global_colors_info=&#8221;{}&#8221;][et_pb_column type=&#8221;4_4&#8243; _builder_version=&#8221;4.27.4&#8243; _module_preset=&#8221;default&#8221; global_colors_info=&#8221;{}&#8221;][et_pb_code _builder_version=&#8221;4.27.4&#8243; _module_preset=&#8221;default&#8221; global_colors_info=&#8221;{}&#8221;]<iframe loading=\"lazy\" title=\"vimeo-player\" src=\"https:\/\/player.vimeo.com\/video\/1079876772?h=dfb8ded2ee#t=2m30s\" width=\"640\" height=\"360\" frameborder=\"0\" referrerpolicy=\"strict-origin-when-cross-origin\" allow=\"autoplay; fullscreen; picture-in-picture; clipboard-write; encrypted-media; web-share\"   allowfullscreen><\/iframe> [\/et_pb_code][\/et_pb_column][\/et_pb_row][et_pb_row column_structure=&#8221;3_5,1_5,1_5&#8243; _builder_version=&#8221;4.23&#8243; _module_preset=&#8221;default&#8221; width=&#8221;100%&#8221; max_width=&#8221;1844px&#8221; custom_margin=&#8221;-30px||-50px||false|false&#8221; global_colors_info=&#8221;{}&#8221;][et_pb_column type=&#8221;3_5&#8243; _builder_version=&#8221;4.23&#8243; _module_preset=&#8221;default&#8221; global_colors_info=&#8221;{}&#8221;][\/et_pb_column][et_pb_column type=&#8221;1_5&#8243; _builder_version=&#8221;4.23&#8243; _module_preset=&#8221;default&#8221; global_colors_info=&#8221;{}&#8221;][\/et_pb_column][et_pb_column type=&#8221;1_5&#8243; _builder_version=&#8221;4.23&#8243; _module_preset=&#8221;default&#8221; global_colors_info=&#8221;{}&#8221;][\/et_pb_column][\/et_pb_row][et_pb_row _builder_version=&#8221;4.21.0&#8243; _module_preset=&#8221;default&#8221; global_colors_info=&#8221;{}&#8221;][et_pb_column type=&#8221;4_4&#8243; _builder_version=&#8221;4.21.0&#8243; _module_preset=&#8221;default&#8221; global_colors_info=&#8221;{}&#8221;][et_pb_button button_url=&#8221;https:\/\/caminaktion.eu\/en\/donations&#8221; button_text=&#8221;SUPPORT THE FESTIVAL&#8221; button_alignment=&#8221;center&#8221; button_text_last_edited=&#8221;off|desktop&#8221; _builder_version=&#8221;4.27.4&#8243; _module_preset=&#8221;default&#8221; custom_button=&#8221;on&#8221; button_text_size=&#8221;22px&#8221; button_text_color=&#8221;#FFFFFF&#8221; button_bg_color=&#8221;#ff1d25&#8243; button_border_width=&#8221;3px&#8221; button_border_color=&#8221;#FFFFFF&#8221; button_border_radius=&#8221;0px&#8221; button_letter_spacing=&#8221;1px&#8221; button_font=&#8221;|800|||||||&#8221; button_icon=&#8221;&#x24;||divi||400&#8243; custom_margin=&#8221;||50px||false|false&#8221; animation_style=&#8221;roll&#8221; saved_tabs=&#8221;all&#8221; global_colors_info=&#8221;{}&#8221; button_text__hover_enabled=&#8221;off|desktop&#8221;][\/et_pb_button][\/et_pb_column][\/et_pb_row][et_pb_row _builder_version=&#8221;4.27.4&#8243; _module_preset=&#8221;default&#8221; custom_margin=&#8221;||-30px||false|false&#8221; locked=&#8221;off&#8221; global_colors_info=&#8221;{}&#8221;][et_pb_column type=&#8221;4_4&#8243; _builder_version=&#8221;4.21.0&#8243; _module_preset=&#8221;default&#8221; global_colors_info=&#8221;{}&#8221;][et_pb_text _builder_version=&#8221;4.27.4&#8243; _module_preset=&#8221;default&#8221; text_line_height=&#8221;1.4em&#8221; global_colors_info=&#8221;{}&#8221;]<\/p>\n<h4 style=\"text-align: center;\"><strong>HipHop + dance + solidarity = HYPE OCC !<\/strong><\/h4>\n<p>[\/et_pb_text][\/et_pb_column][\/et_pb_row][et_pb_row column_structure=&#8221;1_2,1_2&#8243; _builder_version=&#8221;4.21.0&#8243; _module_preset=&#8221;default&#8221; global_colors_info=&#8221;{}&#8221;][et_pb_column type=&#8221;1_2&#8243; _builder_version=&#8221;4.21.0&#8243; _module_preset=&#8221;default&#8221; global_colors_info=&#8221;{}&#8221;][et_pb_text _builder_version=&#8221;4.27.4&#8243; _module_preset=&#8221;default&#8221; text_line_height=&#8221;1.4em&#8221; global_colors_info=&#8221;{}&#8221;]<\/p>\n<p><b>The values of hiphop culture are universal. Respect, sharing, togetherness, diversity, and peace are the foundations of this movement \u2014 a global phenomenon that resonates not only through its artistic forms but also through its profoundly humanist philosophy.<\/b><\/p>\n<p>For us, camin aktion, a creative agency with a social impact, this vision is reflected in our year-round work.<\/p>\n<p>Alongside the festival, company partnerships, our own productions, and training programs, we run <strong><a href=\"https:\/\/caminaktion.eu\/en\/incubator\">camin\u2019cubator<\/a><\/strong>, a program supporting emerging and newly arrived artists \u2014 some of whom have already performed at the HYPE OCC festival.<\/p>\n<p><span style=\"background-color: #ffffff; font-size: 20px;\">We also place strong emphasis on arts and cultural education.<br \/><\/span><\/p>\n<p><span style=\"font-size: 20px; background-color: #ffffff;\">Our association leads the <strong><a href=\"https:\/\/caminaktion.eu\/en\/jesuis-program\">#JeSuis socio-cultural program<\/a><\/strong>, which fosters human and cultural mediation. Through this program, we create access to culture and artistic practice for newly arrived individuals, unaccompanied minors, LGBTQIA+ refugees, and the local population \u2014 including the hearing impaired community \u2014 so that artistic and cultural experience becomes a vector of empowerment, exchange, and diversity.<br \/><\/span><span style=\"background-color: #ffffff; font-size: 20px;\"><\/span><\/p>\n<p>&nbsp;<\/p>\n<p>[\/et_pb_text][\/et_pb_column][et_pb_column type=&#8221;1_2&#8243; _builder_version=&#8221;4.21.0&#8243; _module_preset=&#8221;default&#8221; global_colors_info=&#8221;{}&#8221;][et_pb_text _builder_version=&#8221;4.27.4&#8243; _module_preset=&#8221;default&#8221; text_line_height=&#8221;1.4em&#8221; global_colors_info=&#8221;{}&#8221;]<\/p>\n<p>\u00a0<strong>This universalist vision also guides our approach to HYPE OCC in Montpellier, since its first edition in 2023.<br \/><\/strong><\/p>\n<p>Through an invitation policy for young people in precarious situations and for those traditionally excluded from cultural offers, we strive to make art and culture accessible to all. This approach is supported by dedicated cultural mediation. <strong>This year, a school session at La Mosson neighbourhood is offered to school groups and displaced youth.<\/strong><\/p>\n<p>We actively <strong>involve young amateur artists<\/strong> through dance and rap showcases, and of course, the jam, battle, and cyphers are open to them as well.<\/p>\n<p>Since 2024, we have pursued a proactive <strong>accessibility<\/strong> <strong>policy<\/strong>, ensuring the presence of French Sign Language (LSF) interpreters at as many of our events as possible. Our dance workshops are wheel chair accessible.<\/p>\n<p>This social commitment naturally comes with an economic impact \u2014 particularly for solidarity ticketing, mediation, and interpreter engagement. <strong>Here, you too can become a solidarity actor.<\/strong><\/p>\n<p>During the ticketing process, you are invited to choose a <strong>solidarity ticket<\/strong>, helping us offer invitations to people in vulnerable situations. You can also make a <strong>donation<\/strong> to our association, which is eligible for tax deduction for tax payers in France.<\/p>\n<p><strong>So that together, we can meet, celebrate, share, and dance. <em>Merci!<\/em><\/strong><\/p>\n<p>&nbsp;<\/p>\n<p>[\/et_pb_text][\/et_pb_column][\/et_pb_row][et_pb_row _builder_version=&#8221;4.27.4&#8243; _module_preset=&#8221;default&#8221; global_colors_info=&#8221;{}&#8221;][et_pb_column type=&#8221;4_4&#8243; _builder_version=&#8221;4.27.4&#8243; _module_preset=&#8221;default&#8221; global_colors_info=&#8221;{}&#8221;][et_pb_text _builder_version=&#8221;4.27.4&#8243; _module_preset=&#8221;default&#8221; global_colors_info=&#8221;{}&#8221;]<\/p>\n<p><em><span style=\"font-size: medium;\">*The #JeSuis program is supported by <strong>Caisse des D\u00e9p\u00f4ts et Consignations<\/strong> <strong>(principal patron)<\/strong> and <strong>Montpellier M\u00e9diterran\u00e9e M\u00e9tropole<\/strong>.<\/span><\/em><\/p>\n<p>[\/et_pb_text][\/et_pb_column][\/et_pb_row][et_pb_row _builder_version=&#8221;4.27.4&#8243; _module_preset=&#8221;default&#8221; global_colors_info=&#8221;{}&#8221;][et_pb_column type=&#8221;4_4&#8243; _builder_version=&#8221;4.27.4&#8243; _module_preset=&#8221;default&#8221; global_colors_info=&#8221;{}&#8221;][et_pb_text _builder_version=&#8221;4.27.4&#8243; _module_preset=&#8221;default&#8221; text_font=&#8221;Archivo Black|700|||||||&#8221; text_font_size=&#8221;38px&#8221; global_colors_info=&#8221;{}&#8221;]<\/p>\n<p style=\"text-align: center;\"><strong>SOLIDARITY SUPPORT &#8211; PRORAM #JeSuis<\/strong><\/p>\n<p>[\/et_pb_text][\/et_pb_column][\/et_pb_row][et_pb_row column_structure=&#8221;1_2,1_2&#8243; _builder_version=&#8221;4.27.0&#8243; _module_preset=&#8221;default&#8221; global_colors_info=&#8221;{}&#8221;][et_pb_column type=&#8221;1_2&#8243; _builder_version=&#8221;4.27.0&#8243; _module_preset=&#8221;default&#8221; global_colors_info=&#8221;{}&#8221;][et_pb_image src=&#8221;https:\/\/caminaktion.eu\/wp-content\/uploads\/2025\/07\/mecenat_principal.jpg&#8221; alt=&#8221;mecenat principal&#8221; title_text=&#8221;mecenat principal&#8221; align=&#8221;center&#8221; _builder_version=&#8221;4.27.4&#8243; _module_preset=&#8221;default&#8221; width=&#8221;56%&#8221; max_width=&#8221;100%&#8221; custom_margin=&#8221;||||false|false&#8221; global_colors_info=&#8221;{}&#8221;][\/et_pb_image][\/et_pb_column][et_pb_column type=&#8221;1_2&#8243; _builder_version=&#8221;4.27.0&#8243; _module_preset=&#8221;default&#8221; global_colors_info=&#8221;{}&#8221;][et_pb_image src=&#8221;https:\/\/caminaktion.eu\/wp-content\/uploads\/2025\/06\/logo-metropole.png&#8221; alt=&#8221;logo me\u0301tropole&#8221; title_text=&#8221;logo me\u0301tropole&#8221; align=&#8221;center&#8221; _builder_version=&#8221;4.27.4&#8243; _module_preset=&#8221;default&#8221; width=&#8221;100%&#8221; max_width=&#8221;100%&#8221; custom_margin=&#8221;||||false|false&#8221; global_colors_info=&#8221;{}&#8221;][\/et_pb_image][\/et_pb_column][\/et_pb_row][\/et_pb_section]<\/p>\n","protected":false},"excerpt":{"rendered":"<p>HYPE OCC &#8211; a festival with social impactHiphop culture \u2014 and the dances born from struggles for rights and liberation \u2014 are inseparable from their social dimension. We stand by this.HipHop + dance + solidarity = HYPE OCC !The values of hiphop culture are universal. Respect, sharing, togetherness, diversity, and peace are the foundations of [&hellip;]<\/p>\n","protected":false},"author":1,"featured_media":0,"parent":0,"menu_order":0,"comment_status":"closed","ping_status":"closed","template":"","meta":{"_seopress_robots_primary_cat":"","_seopress_titles_title":"","_seopress_titles_desc":"","_seopress_robots_index":"","_et_pb_use_builder":"on","_et_pb_old_content":"","_et_gb_content_width":"","footnotes":""},"class_list":["post-47685","page","type-page","status-publish","hentry"],"_links":{"self":[{"href":"https:\/\/caminaktion.eu\/en\/wp-json\/wp\/v2\/pages\/47685","targetHints":{"allow":["GET"]}}],"collection":[{"href":"https:\/\/caminaktion.eu\/en\/wp-json\/wp\/v2\/pages"}],"about":[{"href":"https:\/\/caminaktion.eu\/en\/wp-json\/wp\/v2\/types\/page"}],"author":[{"embeddable":true,"href":"https:\/\/caminaktion.eu\/en\/wp-json\/wp\/v2\/users\/1"}],"replies":[{"embeddable":true,"href":"https:\/\/caminaktion.eu\/en\/wp-json\/wp\/v2\/comments?post=47685"}],"version-history":[{"count":11,"href":"https:\/\/caminaktion.eu\/en\/wp-json\/wp\/v2\/pages\/47685\/revisions"}],"predecessor-version":[{"id":48378,"href":"https:\/\/caminaktion.eu\/en\/wp-json\/wp\/v2\/pages\/47685\/revisions\/48378"}],"wp:attachment":[{"href":"https:\/\/caminaktion.eu\/en\/wp-json\/wp\/v2\/media?parent=47685"}],"curies":[{"name":"wp","href":"https:\/\/api.w.org\/{rel}","templated":true}]}}