{"id":46603,"date":"2024-10-27T14:45:28","date_gmt":"2024-10-27T13:45:28","guid":{"rendered":"https:\/\/caminaktion.eu\/hypeocc\/"},"modified":"2026-03-18T18:24:11","modified_gmt":"2026-03-18T17:24:11","slug":"hypeocc","status":"publish","type":"page","link":"https:\/\/caminaktion.eu\/en\/hypeocc\/","title":{"rendered":"HYPE OCC"},"content":{"rendered":"<p>[et_pb_section fb_built=&#8221;1&#8243; _builder_version=&#8221;4.21.0&#8243; _module_preset=&#8221;default&#8221; global_colors_info=&#8221;{}&#8221;][et_pb_row _builder_version=&#8221;4.22.2&#8243; _module_preset=&#8221;default&#8221; width=&#8221;100%&#8221; max_width=&#8221;1349px&#8221; max_width_tablet=&#8221;1349px&#8221; max_width_phone=&#8221;1349px&#8221; max_width_last_edited=&#8221;on|desktop&#8221; global_colors_info=&#8221;{}&#8221;][et_pb_column type=&#8221;4_4&#8243; _builder_version=&#8221;4.21.0&#8243; _module_preset=&#8221;default&#8221; global_colors_info=&#8221;{}&#8221;][et_pb_image src=&#8221;https:\/\/caminaktion.eu\/wp-content\/uploads\/2025\/10\/logo-sous-titre-region-large-en.jpeg&#8221; title_text=&#8221;Logo sous-titre Re\u0301gion large EN&#8221; url=&#8221;https:\/\/caminaktion.eu\/hypeocc-communique&#8221; _builder_version=&#8221;4.27.4&#8243; _module_preset=&#8221;default&#8221; global_colors_info=&#8221;{}&#8221; transform_styles__hover_enabled=&#8221;off|desktop&#8221; transform_scale__hover_enabled=&#8221;off|desktop&#8221; transform_translate__hover_enabled=&#8221;off|desktop&#8221; transform_rotate__hover_enabled=&#8221;off|desktop&#8221; transform_skew__hover_enabled=&#8221;off|desktop&#8221; transform_origin__hover_enabled=&#8221;off|desktop&#8221; transform_scale__hover=&#8221;110%|110%&#8221;][\/et_pb_image][\/et_pb_column][\/et_pb_row][et_pb_row _builder_version=&#8221;4.27.5&#8243; _module_preset=&#8221;default&#8221;][et_pb_column _builder_version=&#8221;4.27.5&#8243; _module_preset=&#8221;default&#8221; type=&#8221;4_4&#8243;][et_pb_text _builder_version=&#8221;4.27.5&#8243; _module_preset=&#8221;default&#8221; hover_enabled=&#8221;0&#8243; sticky_enabled=&#8221;0&#8243;]<\/p>\n<h3 style=\"text-align: center;\"><span style=\"color: #ff0000;\"><strong>NOTE THE DATES: NEXT EDITION 13 OCTOBER &#8211; 17 NOVEMBER 2026!!!<\/strong><\/span><\/h3>\n<p>[\/et_pb_text][\/et_pb_column][\/et_pb_row][et_pb_row column_structure=&#8221;3_5,1_5,1_5&#8243; _builder_version=&#8221;4.23&#8243; _module_preset=&#8221;default&#8221; width=&#8221;100%&#8221; max_width=&#8221;1844px&#8221; custom_margin=&#8221;-30px||-50px||false|false&#8221; global_colors_info=&#8221;{}&#8221;][et_pb_column type=&#8221;3_5&#8243; _builder_version=&#8221;4.23&#8243; _module_preset=&#8221;default&#8221; global_colors_info=&#8221;{}&#8221;][\/et_pb_column][et_pb_column type=&#8221;1_5&#8243; _builder_version=&#8221;4.23&#8243; _module_preset=&#8221;default&#8221; global_colors_info=&#8221;{}&#8221;][\/et_pb_column][et_pb_column type=&#8221;1_5&#8243; _builder_version=&#8221;4.23&#8243; _module_preset=&#8221;default&#8221; global_colors_info=&#8221;{}&#8221;][\/et_pb_column][\/et_pb_row][et_pb_row column_structure=&#8221;2_5,3_5&#8243; _builder_version=&#8221;4.22.2&#8243; _module_preset=&#8221;default&#8221; width=&#8221;100%&#8221; max_width=&#8221;1349px&#8221; max_width_tablet=&#8221;1349px&#8221; max_width_phone=&#8221;1349px&#8221; max_width_last_edited=&#8221;on|desktop&#8221; global_colors_info=&#8221;{}&#8221;][et_pb_column type=&#8221;2_5&#8243; _builder_version=&#8221;4.21.0&#8243; _module_preset=&#8221;default&#8221; global_colors_info=&#8221;{}&#8221;][et_pb_image src=&#8221;https:\/\/caminaktion.eu\/wp-content\/uploads\/2025\/10\/affichette-2.jpg&#8221; title_text=&#8221;Affichette-2&#8243; _builder_version=&#8221;4.27.4&#8243; _module_preset=&#8221;default&#8221; global_colors_info=&#8221;{}&#8221;][\/et_pb_image][et_pb_text _builder_version=&#8221;4.27.4&#8243; _module_preset=&#8221;default&#8221; custom_margin=&#8221;-40px||||false|false&#8221; global_colors_info=&#8221;{}&#8221;]<\/p>\n<p style=\"text-align: right;\"><span style=\"font-size: x-small;\">Photo \u00a9 Pow.roussely<\/span><\/p>\n<p>[\/et_pb_text][\/et_pb_column][et_pb_column type=&#8221;3_5&#8243; _builder_version=&#8221;4.21.0&#8243; _module_preset=&#8221;default&#8221; global_colors_info=&#8221;{}&#8221;][et_pb_text _builder_version=&#8221;4.27.4&#8243; _module_preset=&#8221;default&#8221; custom_margin=&#8221;||||false|false&#8221; custom_margin_tablet=&#8221;0px||||false|false&#8221; custom_margin_phone=&#8221;0px||||false|false&#8221; custom_margin_last_edited=&#8221;on|phone&#8221; global_colors_info=&#8221;{}&#8221;]<\/p>\n<p style=\"text-align: left;\"><strong>A celebration of dances born from hiphop culture in all their forms, origins, and contemporary echoes: welcome to the 3rd edition of HYPE OCC, a festival initiated by camin aktion and now carried forward with partners in four cities across Occitanie and presented in 12 venues, both urban and rural..<\/strong><\/p>\n<p style=\"text-align: left;\">Performances, local and nationwide creations, works-in-progress, battles, a danced conference, jams, concerts, film screenings, workshops, masterclasses, and professional encounters: hip-hop culture shines in all its dimensions, inviting you to watch, to be amazed, to take part, and to share.<\/p>\n<p style=\"text-align: left;\"><span style=\"font-size: large;\"><\/span><\/p>\n<p style=\"text-align: right;\">[\/et_pb_text][et_pb_button button_url=&#8221;https:\/\/caminaktion.eu\/en\/hypeocc-occitania&#8221; url_new_window=&#8221;on&#8221; button_text=&#8221;REGIONAL PROGRAM&#8221; button_alignment=&#8221;left&#8221; _builder_version=&#8221;4.27.4&#8243; custom_button=&#8221;on&#8221; button_text_size=&#8221;20px&#8221; button_bg_color=&#8221;#FF1D25&#8243; button_border_radius=&#8221;0px&#8221; button_font=&#8221;Raleway|700|||||||&#8221; button_use_icon=&#8221;off&#8221; background_layout=&#8221;dark&#8221; custom_margin=&#8221;-40px||||false|false&#8221; button_text_color_hover=&#8221;#ffffff&#8221; button_bg_color_hover=&#8221;#00B1B3&#8243; saved_tabs=&#8221;all&#8221; global_colors_info=&#8221;{}&#8221; button_text_size__hover_enabled=&#8221;off&#8221; button_one_text_size__hover_enabled=&#8221;off&#8221; button_two_text_size__hover_enabled=&#8221;off&#8221; button_text_color__hover_enabled=&#8221;on&#8221; button_text_color__hover=&#8221;#ffffff&#8221; button_one_text_color__hover_enabled=&#8221;off&#8221; button_two_text_color__hover_enabled=&#8221;off&#8221; button_border_width__hover_enabled=&#8221;off&#8221; button_one_border_width__hover_enabled=&#8221;off&#8221; button_two_border_width__hover_enabled=&#8221;off&#8221; button_border_color__hover_enabled=&#8221;off&#8221; button_one_border_color__hover_enabled=&#8221;off&#8221; button_two_border_color__hover_enabled=&#8221;off&#8221; button_border_radius__hover_enabled=&#8221;off&#8221; button_one_border_radius__hover_enabled=&#8221;off&#8221; button_two_border_radius__hover_enabled=&#8221;off&#8221; button_letter_spacing__hover_enabled=&#8221;off&#8221; button_one_letter_spacing__hover_enabled=&#8221;off&#8221; button_two_letter_spacing__hover_enabled=&#8221;off&#8221; button_bg_color__hover_enabled=&#8221;on&#8221; button_bg_color__hover=&#8221;#00B1B3&#8243; button_one_bg_color__hover_enabled=&#8221;off&#8221; button_two_bg_color__hover_enabled=&#8221;off&#8221;][\/et_pb_button][et_pb_button button_url=&#8221;https:\/\/caminaktion.eu\/en\/hypeocc-edito&#8221; url_new_window=&#8221;on&#8221; button_text=&#8221;EDITORIAL&#8221; button_alignment=&#8221;left&#8221; _builder_version=&#8221;4.27.4&#8243; custom_button=&#8221;on&#8221; button_text_size=&#8221;20px&#8221; button_bg_color=&#8221;#FF1D25&#8243; button_border_radius=&#8221;0px&#8221; button_font=&#8221;Raleway|700|||||||&#8221; button_use_icon=&#8221;off&#8221; background_layout=&#8221;dark&#8221; button_text_color_hover=&#8221;#ffffff&#8221; button_bg_color_hover=&#8221;#00B1B3&#8243; saved_tabs=&#8221;all&#8221; global_colors_info=&#8221;{}&#8221; button_text_size__hover_enabled=&#8221;off&#8221; button_one_text_size__hover_enabled=&#8221;off&#8221; button_two_text_size__hover_enabled=&#8221;off&#8221; button_text_color__hover_enabled=&#8221;on&#8221; button_text_color__hover=&#8221;#ffffff&#8221; button_one_text_color__hover_enabled=&#8221;off&#8221; button_two_text_color__hover_enabled=&#8221;off&#8221; button_border_width__hover_enabled=&#8221;off&#8221; button_one_border_width__hover_enabled=&#8221;off&#8221; button_two_border_width__hover_enabled=&#8221;off&#8221; button_border_color__hover_enabled=&#8221;off&#8221; button_one_border_color__hover_enabled=&#8221;off&#8221; button_two_border_color__hover_enabled=&#8221;off&#8221; button_border_radius__hover_enabled=&#8221;off&#8221; button_one_border_radius__hover_enabled=&#8221;off&#8221; button_two_border_radius__hover_enabled=&#8221;off&#8221; button_letter_spacing__hover_enabled=&#8221;off&#8221; button_one_letter_spacing__hover_enabled=&#8221;off&#8221; button_two_letter_spacing__hover_enabled=&#8221;off&#8221; button_bg_color__hover_enabled=&#8221;on&#8221; button_bg_color__hover=&#8221;#00B1B3&#8243; button_one_bg_color__hover_enabled=&#8221;off&#8221; button_two_bg_color__hover_enabled=&#8221;off&#8221;][\/et_pb_button][et_pb_text _builder_version=&#8221;4.27.4&#8243; _module_preset=&#8221;default&#8221; custom_margin=&#8221;||||false|false&#8221; custom_margin_tablet=&#8221;0px||||false|false&#8221; custom_margin_phone=&#8221;0px||||false|false&#8221; custom_margin_last_edited=&#8221;on|phone&#8221; global_colors_info=&#8221;{}&#8221;]<\/p>\n<p style=\"text-align: left;\"><span style=\"font-size: medium;\"><span style=\"color: #ff1d25;\"><a href=\"https:\/\/caminaktion.eu\/en\/hypeocc-perpignan\" style=\"color: #ff1d25;\"><strong><\/strong><\/a><strong><a href=\"https:\/\/caminaktion.eu\/en\/hypeocc-foix\" style=\"color: #ff1d25;\">Foix<\/a> | 14-25 October 2025 <\/strong><span style=\"color: #0a0000;\">| L&#8217;Estive, Sc\u00e8ne nationale de Foix et de l&#8217;Ari\u00e8ge<\/span><\/span><\/span><\/p>\n<p style=\"text-align: left;\"><span style=\"font-size: medium;\"><span style=\"color: #ff1d25;\"><a href=\"https:\/\/caminaktion.eu\/en\/hypeocc-perpignan\" style=\"color: #ff1d25;\"><strong>Perpignan<\/strong><\/a> | <strong>18-25 October 2025<\/strong> <\/span>| <\/span><span style=\"font-size: medium;\">Casa Musicale<\/span><\/p>\n<p style=\"text-align: left;\"><span style=\"font-size: medium;\"><span style=\"color: #ff1d25;\"><a href=\"https:\/\/caminaktion.eu\/en\/hypeocc-tarbes\" style=\"color: #ff1d25;\"><strong>Tarbes<\/strong><\/a> | <strong>3-4 November 2025<\/strong><\/span> | Dans6T &amp; Le Parvis \u2731 Sc\u00e8ne Nationale Tarbes Pyr\u00e9n\u00e9es<\/span><\/p>\n<p style=\"text-align: left;\"><span style=\"font-size: medium;\"><span style=\"color: #ff1d25;\"><span style=\"color: #ff0000;\"><a href=\"https:\/\/caminaktion.eu\/en\/hypeocc-montpellier\" style=\"color: #ff0000;\"><b>Montpellier<\/b><\/a><\/span> | <strong>31 October-15 November<\/strong><\/span> | Agora, cit\u00e9 internationale de la danse | P\u00f4le de D\u00e9veloppement Chor\u00e9graphique Bernard Glandier | Hangar Th\u00e9\u00e2tre | Cin\u00e9ma Utopia | Halle Tropisme | Maison pour Tous Louis Feuillade<\/span><\/p>\n<p style=\"text-align: right;\">\n<p>[\/et_pb_text][\/et_pb_column][\/et_pb_row][et_pb_row column_structure=&#8221;1_2,1_2&#8243; _builder_version=&#8221;4.27.4&#8243; _module_preset=&#8221;default&#8221; width=&#8221;88%&#8221; max_width=&#8221;1290px&#8221; max_width_tablet=&#8221;2020%&#8221; max_width_phone=&#8221;2020%&#8221; max_width_last_edited=&#8221;on|phone&#8221; global_colors_info=&#8221;{}&#8221;][et_pb_column type=&#8221;1_2&#8243; _builder_version=&#8221;4.27.2&#8243; _module_preset=&#8221;default&#8221; global_colors_info=&#8221;{}&#8221;][et_pb_text _builder_version=&#8221;4.27.4&#8243; _module_preset=&#8221;default&#8221; text_line_height=&#8221;1em&#8221; custom_margin=&#8221;0px||||false|false&#8221; global_colors_info=&#8221;{}&#8221;]<\/p>\n<p style=\"text-align: left;\"><span style=\"font-size: medium;\">The <strong>HYPE OCC<\/strong> festival is a creation of camin aktion. Launched in 2023, its mission is to offer a new platform for the diversity of urban dances, in all their forms and expressions. It supports both dance companies and the wider choreographic field, while bringing audiences in the region a richer and more diverse artistic offering.\u00a0<\/span><\/p>\n<p style=\"text-align: left;\"><span style=\"font-size: medium;\">By the 2024 edition, the regional ambition had already taken shape: HYPE OCC was co-organized by <strong>camin aktion, L\u2019Estive \u2013 Sc\u00e8ne nationale de Foix et de l\u2019Ari\u00e8ge<\/strong>, and <strong>La Casa Musicale<\/strong> in Perpignan.<br \/><\/span><\/p>\n<p style=\"text-align: left;\"><span style=\"font-size: medium;\">This year, Tarbes joins the circle, with our partners <strong>Dans6T<\/strong> and <strong>Le Parvis \u2731 Sc\u00e8ne Nationale Tarbes-Pyr\u00e9n\u00e9es. L\u2019Estive, Sc\u00e8ne nationale de Foix et d&#8217;Ari\u00e8ge, <\/strong>extends the program into rural areas.<br \/><\/span><\/p>\n<p style=\"text-align: left;\"><span style=\"font-size: medium;\"><strong>HYPE OCC has become a network<\/strong> for sharing, support, and the mobility of works, open to all audiences. With this approach, it contributes to the collective energy of <strong>RHOCC \u2013 HipHop network Occitanie<\/strong> \u2013 and the<strong> Dance Network Occitanie<\/strong>.<br \/><\/span><\/p>\n<p style=\"text-align: left;\"><span style=\"font-size: medium;\">For its regional dimension, it is supported by <strong>DRAC Occitanie<\/strong> and <strong>R\u00e9gion Occitanie<\/strong>. <\/span><\/p>\n<p style=\"text-align: left;\">\n<p>[\/et_pb_text][\/et_pb_column][et_pb_column type=&#8221;1_2&#8243; _builder_version=&#8221;4.27.2&#8243; _module_preset=&#8221;default&#8221; global_colors_info=&#8221;{}&#8221;][et_pb_text _builder_version=&#8221;4.27.4&#8243; _module_preset=&#8221;default&#8221; text_line_height=&#8221;1em&#8221; custom_margin=&#8221;0px||||false|false&#8221; global_colors_info=&#8221;{}&#8221;]<\/p>\n<p style=\"text-align: left;\"><span style=\"font-size: medium;\">In Foix, <strong>L\u2019Estive, Sc\u00e8ne nationale de Foix et d&#8217;Ari\u00e8ge,<\/strong>\u00a0presents the festival in connection with its <strong>Block<\/strong> <strong>Party<\/strong> on its own stage and in Saint-Girons.<br \/><\/span><\/p>\n<p style=\"text-align: left;\"><span style=\"font-size: medium;\">In Perpignan, the festival is produced by <strong>La Casa Musicale <\/strong>with the support of the <strong>City of Perpignan, <\/strong>the<strong> D\u00e9partement des Pyr\u00e9n\u00e9es-Orientales, <\/strong>the<strong> Occitanie Region, DRAC Occitanie, <\/strong>the<strong> Pr\u00e9fecture des Pyr\u00e9n\u00e9es-Orientales,<\/strong> and the<strong> Caisse des Allocations Familiales des Pyr\u00e9n\u00e9es-Orientales.<br \/><\/strong><\/span><\/p>\n<p style=\"text-align: left;\"><span style=\"font-size: medium;\"><strong>Dans6T<\/strong> and <strong>Le Parvis \u2731 Sc\u00e8ne Nationale Tarbes Pyr\u00e9n\u00e9es <\/strong>bring HYPE OCC to life with the brand-new <strong>festival FEST-NOV! \u2013 a celebration of dance in the<\/strong> Hautes-Pyr\u00e9n\u00e9es, in complicity with La Soulane and Traverses<strong><br \/><\/strong><\/span><\/p>\n<p style=\"text-align: left;\"><span style=\"font-size: medium;\">In Montpellier, the 2025 edition is supported by the <strong>City of Montpellier<\/strong> and realized in collaboration with our partners <strong>Agora \u2013 International Dance City, P\u00f4le Chor\u00e9graphique Bernard Glandier, ENSAD, Hangar Th\u00e9\u00e2tre, Cin\u00e9ma Utopia, Halle Tropisme, <\/strong>and<strong> Maison pour Tous Louis Feuillade.<\/strong><br \/><\/span><\/p>\n<p>[\/et_pb_text][\/et_pb_column][\/et_pb_row][et_pb_row column_structure=&#8221;1_2,1_2&#8243; _builder_version=&#8221;4.27.4&#8243; _module_preset=&#8221;default&#8221; global_colors_info=&#8221;{}&#8221;][et_pb_column type=&#8221;1_2&#8243; _builder_version=&#8221;4.27.4&#8243; _module_preset=&#8221;default&#8221; global_colors_info=&#8221;{}&#8221;][et_pb_button button_url=&#8221;https:\/\/caminaktion.eu\/en\/hypeocc-2024&#8243; url_new_window=&#8221;on&#8221; button_text=&#8221;EDITION 2024&#8243; button_alignment=&#8221;center&#8221; _builder_version=&#8221;4.27.4&#8243; custom_button=&#8221;on&#8221; button_text_size=&#8221;20px&#8221; button_bg_color=&#8221;#FF1D25&#8243; button_border_radius=&#8221;0px&#8221; button_font=&#8221;Raleway|700|||||||&#8221; button_use_icon=&#8221;off&#8221; background_layout=&#8221;dark&#8221; button_bg_color_tablet=&#8221;&#8221; button_bg_color_phone=&#8221;&#8221; button_bg_color_last_edited=&#8221;on|desktop&#8221; button_text_color_hover=&#8221;#ffffff&#8221; button_bg_color_hover=&#8221;#00B1B3&#8243; saved_tabs=&#8221;all&#8221; global_colors_info=&#8221;{}&#8221; button_text_size__hover_enabled=&#8221;off&#8221; button_one_text_size__hover_enabled=&#8221;off&#8221; button_two_text_size__hover_enabled=&#8221;off&#8221; button_text_color__hover_enabled=&#8221;on&#8221; button_text_color__hover=&#8221;#ffffff&#8221; button_one_text_color__hover_enabled=&#8221;off&#8221; button_two_text_color__hover_enabled=&#8221;off&#8221; button_border_width__hover_enabled=&#8221;off&#8221; button_one_border_width__hover_enabled=&#8221;off&#8221; button_two_border_width__hover_enabled=&#8221;off&#8221; button_border_color__hover_enabled=&#8221;off&#8221; button_one_border_color__hover_enabled=&#8221;off&#8221; button_two_border_color__hover_enabled=&#8221;off&#8221; button_border_radius__hover_enabled=&#8221;off&#8221; button_one_border_radius__hover_enabled=&#8221;off&#8221; button_two_border_radius__hover_enabled=&#8221;off&#8221; button_letter_spacing__hover_enabled=&#8221;off&#8221; button_one_letter_spacing__hover_enabled=&#8221;off&#8221; button_two_letter_spacing__hover_enabled=&#8221;off&#8221; button_bg_color__hover_enabled=&#8221;on|desktop&#8221; button_bg_color__hover=&#8221;#FF1D25&#8243; button_one_bg_color__hover_enabled=&#8221;off&#8221; button_two_bg_color__hover_enabled=&#8221;off&#8221; button_bg_enable_color__hover=&#8221;on&#8221;][\/et_pb_button][\/et_pb_column][et_pb_column type=&#8221;1_2&#8243; _builder_version=&#8221;4.27.4&#8243; _module_preset=&#8221;default&#8221; global_colors_info=&#8221;{}&#8221;][et_pb_button button_url=&#8221;https:\/\/caminaktion.eu\/en\/hypeocc-2023&#8243; url_new_window=&#8221;on&#8221; button_text=&#8221;EDITION 2023&#8243; button_alignment=&#8221;center&#8221; _builder_version=&#8221;4.27.4&#8243; custom_button=&#8221;on&#8221; button_text_size=&#8221;20px&#8221; button_bg_color=&#8221;#FF1D25&#8243; button_border_radius=&#8221;0px&#8221; button_font=&#8221;Raleway|700|||||||&#8221; button_use_icon=&#8221;off&#8221; background_layout=&#8221;dark&#8221; button_bg_color_tablet=&#8221;&#8221; button_bg_color_phone=&#8221;&#8221; button_bg_color_last_edited=&#8221;on|desktop&#8221; button_text_color_hover=&#8221;#ffffff&#8221; button_bg_color_hover=&#8221;#00B1B3&#8243; saved_tabs=&#8221;all&#8221; global_colors_info=&#8221;{}&#8221; button_text_size__hover_enabled=&#8221;off&#8221; button_one_text_size__hover_enabled=&#8221;off&#8221; button_two_text_size__hover_enabled=&#8221;off&#8221; button_text_color__hover_enabled=&#8221;on&#8221; button_text_color__hover=&#8221;#ffffff&#8221; button_one_text_color__hover_enabled=&#8221;off&#8221; button_two_text_color__hover_enabled=&#8221;off&#8221; button_border_width__hover_enabled=&#8221;off&#8221; button_one_border_width__hover_enabled=&#8221;off&#8221; button_two_border_width__hover_enabled=&#8221;off&#8221; button_border_color__hover_enabled=&#8221;off&#8221; button_one_border_color__hover_enabled=&#8221;off&#8221; button_two_border_color__hover_enabled=&#8221;off&#8221; button_border_radius__hover_enabled=&#8221;off&#8221; button_one_border_radius__hover_enabled=&#8221;off&#8221; button_two_border_radius__hover_enabled=&#8221;off&#8221; button_letter_spacing__hover_enabled=&#8221;off&#8221; button_one_letter_spacing__hover_enabled=&#8221;off&#8221; button_two_letter_spacing__hover_enabled=&#8221;off&#8221; button_bg_color__hover_enabled=&#8221;on|desktop&#8221; button_bg_color__hover=&#8221;#FF1D25&#8243; button_one_bg_color__hover_enabled=&#8221;off&#8221; button_two_bg_color__hover_enabled=&#8221;off&#8221; button_bg_enable_color__hover=&#8221;on&#8221;][\/et_pb_button][\/et_pb_column][\/et_pb_row][et_pb_row _builder_version=&#8221;4.27.4&#8243; _module_preset=&#8221;default&#8221; global_colors_info=&#8221;{}&#8221;][et_pb_column type=&#8221;4_4&#8243; _builder_version=&#8221;4.27.4&#8243; _module_preset=&#8221;default&#8221; global_colors_info=&#8221;{}&#8221;][et_pb_text _builder_version=&#8221;4.27.4&#8243; _module_preset=&#8221;default&#8221; text_font=&#8221;Archivo Black|700|||||||&#8221; text_font_size=&#8221;38px&#8221; global_colors_info=&#8221;{}&#8221;]<\/p>\n<p style=\"text-align: center;\">REGIONAL SUPPORT<\/p>\n<p>[\/et_pb_text][\/et_pb_column][\/et_pb_row][et_pb_row column_structure=&#8221;1_2,1_2&#8243; _builder_version=&#8221;4.27.0&#8243; _module_preset=&#8221;default&#8221; global_colors_info=&#8221;{}&#8221;][et_pb_column type=&#8221;1_2&#8243; _builder_version=&#8221;4.27.0&#8243; _module_preset=&#8221;default&#8221; global_colors_info=&#8221;{}&#8221;][et_pb_image src=&#8221;https:\/\/caminaktion.eu\/wp-content\/uploads\/2024\/10\/drajes-1.png&#8221; title_text=&#8221;drajes&#8221; align=&#8221;right&#8221; _builder_version=&#8221;4.27.4&#8243; _module_preset=&#8221;default&#8221; global_colors_info=&#8221;{}&#8221;][\/et_pb_image][\/et_pb_column][et_pb_column type=&#8221;1_2&#8243; _builder_version=&#8221;4.27.2&#8243; _module_preset=&#8221;default&#8221; global_colors_info=&#8221;{}&#8221;][et_pb_image src=&#8221;https:\/\/caminaktion.eu\/wp-content\/uploads\/2024\/10\/OC-1706-instit-logo-rectangle-quadri-150&#215;150-72dpi.png&#8221; title_text=&#8221;OC-1706-instit-logo rectangle-quadri-150&#215;150-72dpi&#8221; _builder_version=&#8221;4.27.4&#8243; _module_preset=&#8221;default&#8221; width=&#8221;61%&#8221; global_colors_info=&#8221;{}&#8221;][\/et_pb_image][\/et_pb_column][\/et_pb_row][\/et_pb_section]<\/p>\n","protected":false},"excerpt":{"rendered":"<p>Une c\u00e9l\u00e9bration des danses issues de la culture hiphop sous toutes ses formes : bienvenue au festival HYPE OCC, concoct\u00e9 par camin aktion.<\/p>\n","protected":false},"author":1,"featured_media":41573,"parent":0,"menu_order":0,"comment_status":"closed","ping_status":"closed","template":"","meta":{"_seopress_robots_primary_cat":"","_seopress_titles_title":"HYPE OCC","_seopress_titles_desc":"Une c\u00e9l\u00e9bration des danses issues de la culture hiphop sous toutes ses formes, ses origines et reminiscences : bienvenue au festival HYPE OCC !","_seopress_robots_index":"","_et_pb_use_builder":"on","_et_pb_old_content":"","_et_gb_content_width":"","footnotes":""},"class_list":["post-46603","page","type-page","status-publish","has-post-thumbnail","hentry"],"_links":{"self":[{"href":"https:\/\/caminaktion.eu\/en\/wp-json\/wp\/v2\/pages\/46603","targetHints":{"allow":["GET"]}}],"collection":[{"href":"https:\/\/caminaktion.eu\/en\/wp-json\/wp\/v2\/pages"}],"about":[{"href":"https:\/\/caminaktion.eu\/en\/wp-json\/wp\/v2\/types\/page"}],"author":[{"embeddable":true,"href":"https:\/\/caminaktion.eu\/en\/wp-json\/wp\/v2\/users\/1"}],"replies":[{"embeddable":true,"href":"https:\/\/caminaktion.eu\/en\/wp-json\/wp\/v2\/comments?post=46603"}],"version-history":[{"count":32,"href":"https:\/\/caminaktion.eu\/en\/wp-json\/wp\/v2\/pages\/46603\/revisions"}],"predecessor-version":[{"id":49218,"href":"https:\/\/caminaktion.eu\/en\/wp-json\/wp\/v2\/pages\/46603\/revisions\/49218"}],"wp:featuredmedia":[{"embeddable":true,"href":"https:\/\/caminaktion.eu\/en\/wp-json\/wp\/v2\/media\/41573"}],"wp:attachment":[{"href":"https:\/\/caminaktion.eu\/en\/wp-json\/wp\/v2\/media?parent=46603"}],"curies":[{"name":"wp","href":"https:\/\/api.w.org\/{rel}","templated":true}]}}