{"id":46139,"date":"2025-05-13T08:29:22","date_gmt":"2025-05-13T06:29:22","guid":{"rendered":"https:\/\/caminaktion.eu\/?page_id=46139"},"modified":"2026-02-16T14:46:56","modified_gmt":"2026-02-16T13:46:56","slug":"hautecouture","status":"publish","type":"page","link":"https:\/\/caminaktion.eu\/en\/hautecouture\/","title":{"rendered":"Company Madoki | Haute Couture"},"content":{"rendered":"<p>[et_pb_section fb_built=&#8221;1&#8243; _builder_version=&#8221;4.16&#8243; global_colors_info=&#8221;{}&#8221;][et_pb_row module_class=&#8221; et_pb_row_fullwidth&#8221; _builder_version=&#8221;4.16&#8243; background_size=&#8221;initial&#8221; background_position=&#8221;top_left&#8221; background_repeat=&#8221;repeat&#8221; width=&#8221;89%&#8221; width_tablet=&#8221;80%&#8221; width_phone=&#8221;&#8221; width_last_edited=&#8221;on|desktop&#8221; max_width=&#8221;89%&#8221; max_width_tablet=&#8221;80%&#8221; max_width_phone=&#8221;&#8221; max_width_last_edited=&#8221;on|desktop&#8221; make_fullwidth=&#8221;on&#8221; global_colors_info=&#8221;{}&#8221;][et_pb_column type=&#8221;4_4&#8243; _builder_version=&#8221;4.16&#8243; custom_padding=&#8221;|||&#8221; global_colors_info=&#8221;{}&#8221; custom_padding__hover=&#8221;|||&#8221;][et_pb_text _builder_version=&#8221;4.18.0&#8243; global_colors_info=&#8221;{}&#8221;]<\/p>\n<h1><strong>Company Madoki <\/strong><\/h1>\n<h1><strong><em>Haute Couture &#8211; <span style=\"font-size: x-large;\">A moving collection<\/span><\/em><\/strong><\/h1>\n<h2>A choreography by Jos\u00e9pha Madoki (creation 2025)<\/h2>\n<p>[\/et_pb_text][\/et_pb_column][\/et_pb_row][et_pb_row module_class=&#8221; et_pb_row_fullwidth&#8221; _builder_version=&#8221;4.16&#8243; width=&#8221;89%&#8221; width_tablet=&#8221;80%&#8221; width_phone=&#8221;&#8221; width_last_edited=&#8221;on|desktop&#8221; max_width=&#8221;89%&#8221; max_width_tablet=&#8221;80%&#8221; max_width_phone=&#8221;&#8221; max_width_last_edited=&#8221;on|desktop&#8221; make_fullwidth=&#8221;on&#8221; global_colors_info=&#8221;{}&#8221;][et_pb_column type=&#8221;4_4&#8243; _builder_version=&#8221;4.16&#8243; custom_padding=&#8221;|||&#8221; global_colors_info=&#8221;{}&#8221; custom_padding__hover=&#8221;|||&#8221;][et_pb_text _builder_version=&#8221;4.19.5&#8243; custom_margin=&#8221;10px||||false|false&#8221; custom_padding=&#8221;||0px|||&#8221; global_colors_info=&#8221;{}&#8221;]<\/p>\n<h3 style=\"text-align: left;\"><span style=\"font-size: 34px;\">A work for 8 dancers<\/span><\/h3>\n<h3 style=\"text-align: left;\"><span style=\"font-family: inherit; font-weight: normal; color: #000000;\">Creation 2025<\/span><\/h3>\n<p style=\"text-align: left;\"><span style=\"font-size: 20px; font-family: inherit; font-weight: normal;\">Running time: 60 minutes <\/span><span style=\"font-size: 20px; font-family: inherit; font-weight: normal;\"><\/span><\/p>\n<p style=\"text-align: left;\"><span style=\"color: #00b1b3; font-family: inherit;\">Suitable to all audiences<\/span><\/p>\n<p style=\"text-align: left;\"><span style=\"color: #00b1b3; font-family: inherit;\"><\/span><\/p>\n<p>[\/et_pb_text][\/et_pb_column][\/et_pb_row][et_pb_row column_structure=&#8221;1_2,1_2&#8243; module_class=&#8221; et_pb_row_fullwidth&#8221; _builder_version=&#8221;4.16&#8243; width=&#8221;89%&#8221; width_tablet=&#8221;80%&#8221; width_phone=&#8221;&#8221; width_last_edited=&#8221;on|desktop&#8221; max_width=&#8221;89%&#8221; max_width_tablet=&#8221;80%&#8221; max_width_phone=&#8221;&#8221; max_width_last_edited=&#8221;on|desktop&#8221; make_fullwidth=&#8221;on&#8221; global_colors_info=&#8221;{}&#8221;][et_pb_column type=&#8221;1_2&#8243; _builder_version=&#8221;4.16&#8243; custom_padding=&#8221;|||&#8221; global_colors_info=&#8221;{}&#8221; custom_padding__hover=&#8221;|||&#8221;][et_pb_image src=&#8221;https:\/\/caminaktion.eu\/wp-content\/uploads\/2026\/02\/duylaupix-00001-web.jpg&#8221; alt=&#8221;duylaupix 00001 web&#8221; title_text=&#8221;duylaupix 00001 web&#8221; _builder_version=&#8221;4.27.5&#8243; _module_preset=&#8221;default&#8221; custom_margin=&#8221;30px||||false|false&#8221; global_colors_info=&#8221;{}&#8221;][\/et_pb_image][et_pb_image src=&#8221;https:\/\/caminaktion.eu\/wp-content\/uploads\/2026\/02\/duylaupix-00254-web-scaled.jpg&#8221; alt=&#8221;duylaupix 00254 web&#8221; title_text=&#8221;duylaupix 00254 web&#8221; _builder_version=&#8221;4.27.5&#8243; _module_preset=&#8221;default&#8221; global_colors_info=&#8221;{}&#8221;][\/et_pb_image][\/et_pb_column][et_pb_column type=&#8221;1_2&#8243; _builder_version=&#8221;4.27.4&#8243; _module_preset=&#8221;default&#8221; global_colors_info=&#8221;{}&#8221;][et_pb_text _builder_version=&#8221;4.27.5&#8243; _module_preset=&#8221;default&#8221; custom_margin=&#8221;50px||||false|false&#8221; global_colors_info=&#8221;{}&#8221;]<\/p>\n<p>&#8220;As an artist, dancer, choreographer, and more specifically a waacker, the world of fashion and haute couture has always been a source of inspiration for me.<\/p>\n<p>I am fascinated by the impact clothing can have on the way I approach movement. Depending on the piece or accessory I choose, the garment can become my play partner\u2014a source of creativity that pushes me to explore new paths in order to execute my gestures. It changes the way I move and navigate through space. More than any other dance style, Waacking has allowed me to explore and play with these codes. This culture is intrinsically linked to the world of fashion, as it draws inspiration\u2014among other things\u2014from Hollywood cinema and silent film stars of the 1940s. Waacking and haute couture share a common aesthetic of elegance, grace, and sophistication.<\/p>\n<p>For the waackers of the time, who came from a marginalized and minority community (the African-American and Latinx gay community), clothing was always a way to exist and affirm their identity. In the often exuberant and avant-garde vision of designers, fashion also questions norms and conventions. Depending on the era, the culture, and the moral context, it can either amplify or challenge perceptions of gender\u2014a dimension that resonates with those facing the heteronormativity of societal codes.<\/p>\n<p>To me, even today, clothing goes far beyond its utilitarian function of merely covering the body. It plays a crucial role in how we wish to be perceived\u2014and are perceived\u2014by others, as well as in how we interact with the world around us.<\/p>\n<p>With <em>Haute Couture<\/em>, accompanied by eight dancers on stage, I explore the idea of clothing as a tool for the metamorphosis of an individual.&#8221;<\/p>\n<p style=\"text-align: right;\">Jos\u00e9pha Madoki<\/p>\n<p>&nbsp;<\/p>\n<p>[\/et_pb_text][et_pb_button button_url=&#8221;https:\/\/caminaktion.eu\/wp-content\/uploads\/2026\/02\/haute-couture-2026.pdf&#8221; url_new_window=&#8221;on&#8221; button_text=&#8221;Dossier %91FR%93&#8243; button_alignment=&#8221;center&#8221; _builder_version=&#8221;4.27.5&#8243; custom_button=&#8221;on&#8221; button_text_size=&#8221;16px&#8221; button_border_radius=&#8221;100px&#8221; button_font=&#8221;Raleway|700|||||||&#8221; button_use_icon=&#8221;off&#8221; hover_enabled=&#8221;0&#8243; button_text_color_hover=&#8221;#ffffff&#8221; button_border_radius_hover=&#8221;100px&#8221; button_bg_color_hover=&#8221;#00b1b3&#8243; saved_tabs=&#8221;all&#8221; global_colors_info=&#8221;{}&#8221; button_text_size__hover_enabled=&#8221;off&#8221; button_one_text_size__hover_enabled=&#8221;off&#8221; button_two_text_size__hover_enabled=&#8221;off&#8221; button_text_color__hover_enabled=&#8221;on&#8221; button_text_color__hover=&#8221;#ffffff&#8221; button_one_text_color__hover_enabled=&#8221;off&#8221; button_two_text_color__hover_enabled=&#8221;off&#8221; button_border_width__hover_enabled=&#8221;off&#8221; button_one_border_width__hover_enabled=&#8221;off&#8221; button_two_border_width__hover_enabled=&#8221;off&#8221; button_border_color__hover_enabled=&#8221;off&#8221; button_one_border_color__hover_enabled=&#8221;off&#8221; button_two_border_color__hover_enabled=&#8221;off&#8221; button_border_radius__hover_enabled=&#8221;on&#8221; button_border_radius__hover=&#8221;100px&#8221; button_one_border_radius__hover_enabled=&#8221;off&#8221; button_two_border_radius__hover_enabled=&#8221;off&#8221; button_letter_spacing__hover_enabled=&#8221;off&#8221; button_one_letter_spacing__hover_enabled=&#8221;off&#8221; button_two_letter_spacing__hover_enabled=&#8221;off&#8221; button_bg_color__hover_enabled=&#8221;on&#8221; button_bg_color__hover=&#8221;#00b1b3&#8243; button_one_bg_color__hover_enabled=&#8221;off&#8221; button_two_bg_color__hover_enabled=&#8221;off&#8221; sticky_enabled=&#8221;0&#8243;][\/et_pb_button][et_pb_button button_url=&#8221;https:\/\/caminaktion.eu\/wp-content\/uploads\/2026\/02\/ft-haute-couture-vf-maj-270126.pdf&#8221; url_new_window=&#8221;on&#8221; button_text=&#8221;Tech rider %91FR%93&#8243; button_alignment=&#8221;center&#8221; _builder_version=&#8221;4.27.5&#8243; custom_button=&#8221;on&#8221; button_text_size=&#8221;16px&#8221; button_border_radius=&#8221;100px&#8221; button_font=&#8221;Raleway|700|||||||&#8221; button_use_icon=&#8221;off&#8221; hover_enabled=&#8221;0&#8243; button_text_color_hover=&#8221;#ffffff&#8221; button_border_radius_hover=&#8221;100px&#8221; button_bg_color_hover=&#8221;#00b1b3&#8243; saved_tabs=&#8221;all&#8221; global_colors_info=&#8221;{}&#8221; button_text_size__hover_enabled=&#8221;off&#8221; button_one_text_size__hover_enabled=&#8221;off&#8221; button_two_text_size__hover_enabled=&#8221;off&#8221; button_text_color__hover_enabled=&#8221;on&#8221; button_text_color__hover=&#8221;#ffffff&#8221; button_one_text_color__hover_enabled=&#8221;off&#8221; button_two_text_color__hover_enabled=&#8221;off&#8221; button_border_width__hover_enabled=&#8221;off&#8221; button_one_border_width__hover_enabled=&#8221;off&#8221; button_two_border_width__hover_enabled=&#8221;off&#8221; button_border_color__hover_enabled=&#8221;off&#8221; button_one_border_color__hover_enabled=&#8221;off&#8221; button_two_border_color__hover_enabled=&#8221;off&#8221; button_border_radius__hover_enabled=&#8221;on&#8221; button_border_radius__hover=&#8221;100px&#8221; button_one_border_radius__hover_enabled=&#8221;off&#8221; button_two_border_radius__hover_enabled=&#8221;off&#8221; button_letter_spacing__hover_enabled=&#8221;off&#8221; button_one_letter_spacing__hover_enabled=&#8221;off&#8221; button_two_letter_spacing__hover_enabled=&#8221;off&#8221; button_bg_color__hover_enabled=&#8221;on&#8221; button_bg_color__hover=&#8221;#00b1b3&#8243; button_one_bg_color__hover_enabled=&#8221;off&#8221; button_two_bg_color__hover_enabled=&#8221;off&#8221; sticky_enabled=&#8221;0&#8243;][\/et_pb_button][\/et_pb_column][\/et_pb_row][et_pb_row column_structure=&#8221;1_2,1_2&#8243; module_class=&#8221; et_pb_row_fullwidth&#8221; _builder_version=&#8221;4.16&#8243; width=&#8221;89%&#8221; width_tablet=&#8221;80%&#8221; width_phone=&#8221;&#8221; width_last_edited=&#8221;on|desktop&#8221; max_width=&#8221;89%&#8221; max_width_tablet=&#8221;80%&#8221; max_width_phone=&#8221;&#8221; max_width_last_edited=&#8221;on|desktop&#8221; make_fullwidth=&#8221;on&#8221; global_colors_info=&#8221;{}&#8221;][et_pb_column type=&#8221;1_2&#8243; _builder_version=&#8221;4.16&#8243; custom_padding=&#8221;|||&#8221; global_colors_info=&#8221;{}&#8221; custom_padding__hover=&#8221;|||&#8221;][et_pb_text _builder_version=&#8221;4.16&#8243; _module_preset=&#8221;default&#8221; global_colors_info=&#8221;{}&#8221;]<\/p>\n<p style=\"text-align: justify;\"><strong>In this creation, Jos\u00e9pha Madoki connects her two passions: fashion and dance\u2014 two forms of artistic expression that have always shared a close and symbiotic relationship. These two fields constantly influence one another and reflect the cultural and social trends of their time.<\/strong><\/p>\n<p style=\"text-align: justify;\">With <em>Haute Couture<\/em>, the choreographer uses clothing as a tool for transforming both the body and movement. Clothing also acts as a social marker\u2014a symbol of status that shapes how an individual is perceived and accepted within a group or social space.<\/p>\n<p style=\"text-align: justify;\">Madoki collaborates with fashion designer <strong>Mario Faundez<\/strong> and a team of emerging designers to imagine and create garments that embody a refined and sophisticated aesthetic. Sometimes playful partners, sometimes creative elements or sources of constraint, these garments allow the dancers on stage to assert their identities and express their individuality.<\/p>\n<p style=\"text-align: justify;\">\n<p>[\/et_pb_text][\/et_pb_column][et_pb_column type=&#8221;1_2&#8243; _builder_version=&#8221;4.27.4&#8243; _module_preset=&#8221;default&#8221; global_colors_info=&#8221;{}&#8221;][et_pb_text _builder_version=&#8221;4.17.1&#8243; _module_preset=&#8221;default&#8221; global_colors_info=&#8221;{}&#8221;]<\/p>\n<p><em>Haute Couture<\/em> is a choreographic creation born from the meeting of choreographer Jos\u00e9pha Madoki and designer Mario Faundez. Conceived as a close dialogue between dance, Waacking, and fashion design, the project places clothing at the heart of the creative process: far beyond simple stage attire, it becomes a vector of movement, a revealer of attitude, and a medium for storytelling.<\/p>\n<p>This collaboration also includes a strong educational component. Master\u2019s students in Fashion Design from Atelier Chardon Savard, where Mario Faundez teaches, are fully integrated into the creative process. The development of the costumes runs through every phase of the piece\u2014dramaturgical and choreographic research, residencies, and costume development. The process allows both dancers and young designers to understand the demands and dynamics of their respective professions.<\/p>\n<p>The project is also a space for reflection on the ecological impact of fashion, notably through upcycling practices, and on the power of clothing as a tool for self-affirmation. The creation explores how garments can become a means of individual and collective emancipation.<\/p>\n<p>[\/et_pb_text][\/et_pb_column][\/et_pb_row][et_pb_row column_structure=&#8221;1_2,1_4,1_4&#8243; module_class=&#8221; et_pb_row_fullwidth&#8221; _builder_version=&#8221;4.16&#8243; width=&#8221;89%&#8221; width_tablet=&#8221;80%&#8221; width_phone=&#8221;&#8221; width_last_edited=&#8221;on|desktop&#8221; max_width=&#8221;89%&#8221; max_width_tablet=&#8221;80%&#8221; max_width_phone=&#8221;&#8221; max_width_last_edited=&#8221;on|desktop&#8221; make_fullwidth=&#8221;on&#8221; global_colors_info=&#8221;{}&#8221;][et_pb_column type=&#8221;1_2&#8243; _builder_version=&#8221;4.16&#8243; custom_padding=&#8221;|||&#8221; global_colors_info=&#8221;{}&#8221; custom_padding__hover=&#8221;|||&#8221;][et_pb_text _builder_version=&#8221;4.16&#8243; _module_preset=&#8221;default&#8221; global_colors_info=&#8221;{}&#8221;]<\/p>\n<h3>Upcoming tour dates<\/h3>\n<p>[\/et_pb_text][et_pb_code _builder_version=&#8221;4.27.4&#8243; global_colors_info=&#8221;{}&#8221;]<script id=\"timely_script\" class=\"timely-script\" src=\"https:\/\/events.timely.fun\/embed.js\" data-src=\"https:\/\/events.timely.fun\/0y60xwmh?tags=677672179\" data-max-height=\"0\" ><\/script>[\/et_pb_code][\/et_pb_column][et_pb_column type=&#8221;1_4&#8243; _builder_version=&#8221;4.16&#8243; custom_padding=&#8221;|||&#8221; global_colors_info=&#8221;{}&#8221; custom_padding__hover=&#8221;|||&#8221;][et_pb_text _builder_version=&#8221;4.27.4&#8243; text_font=&#8221;||||||||&#8221; text_font_size=&#8221;16px&#8221; text_line_height=&#8221;1.5em&#8221; global_colors_info=&#8221;{}&#8221;]<\/p>\n<p><span style=\"font-family: inherit;\"><strong>Choreography<\/strong> | Jos\u00e9pha Madoki aka Princess Madoki<\/span><\/p>\n<p><span style=\"font-family: inherit;\"><strong>Fashion design<\/strong> | Mario Faundez, with the participation of students at Atelier Chardon Savard<\/span><\/p>\n<p><span style=\"font-family: inherit;\"><strong>Dancers<\/strong> | R\u00e9mi Bajrami, C\u00e9lia Derrahi, Tomasz Gawecki, Mariam Kamara, Exauc\u00e9 Lokebo, Coralie Murgia, Mathis Said, Lexane Turc<\/span><\/p>\n<p><span style=\"font-family: inherit;\"><strong>Original music<\/strong> | Naajet<\/span><\/p>\n<p><span style=\"font-family: inherit;\"><strong>Lighting design <\/strong>| <\/span><span style=\"font-family: inherit;\">Marine Stroeher<\/span><span style=\"font-family: inherit;\"><\/span><\/p>\n<p><strong><span style=\"font-family: inherit;\">Set<\/span><\/strong><span style=\"font-family: inherit;\"> design | Marta Pasquetti<\/span><span style=\"font-family: inherit;\"><\/span><\/p>\n<p><span style=\"font-family: inherit;\"><strong>Producer <\/strong>| Dirk Korell<\/span><\/p>\n<p><span style=\"font-family: inherit;\"><strong>Junior producer <\/strong>| Camille Daudet De Windt<\/span><\/p>\n<p><span style=\"font-family: inherit;\"><strong>Bookings <\/strong>| camin aktion<\/span><\/p>\n<p>&nbsp;<\/p>\n<p>[\/et_pb_text][\/et_pb_column][et_pb_column type=&#8221;1_4&#8243; _builder_version=&#8221;4.16&#8243; custom_padding=&#8221;|||&#8221; global_colors_info=&#8221;{}&#8221; custom_padding__hover=&#8221;|||&#8221;][et_pb_text _builder_version=&#8221;4.27.4&#8243; text_font=&#8221;||||||||&#8221; text_font_size=&#8221;16px&#8221; text_line_height=&#8221;1.5em&#8221; global_colors_info=&#8221;{}&#8221;]<\/p>\n<p><strong>Production |<\/strong> Company Madoki<\/p>\n<p><strong>Executive production<\/strong>\u00a0| camin aktion<\/p>\n<p><strong>Co-production<\/strong> | Le Carreau du Temple, Paris ; Compagnie DCA &#8211; La Chaufferie, St-Denis ; CCN de Cr\u00e9teil\u00a0 Val de Marne ; Centre de la danse Pierre Doussaint, GPS&amp;O, Les Mureaux<\/p>\n<p><strong>Support<\/strong> | Ville de Paris (creation residency support by Ville de Paris) ; R\u00e9gion Ile-de-France<\/p>\n<p><strong>Residencies <\/strong>| Le Carreau du Temple, Paris ; La Place, Paris ; La M\u00e9nagerie de Verre, Paris ; Maison de la Musique\/Conservatoire, Nanterre ; CCN Cr\u00e9teil ; Centre de la Danse Pierre Doussaint, Les Mureaux ;<br \/>Theatre Simone Signoret, Conflans-Sainte-Honorine<\/p>\n<p><strong>Studio space <\/strong>| CND, Centre national de la danse<\/p>\n<p>[\/et_pb_text][\/et_pb_column][\/et_pb_row][et_pb_row module_class=&#8221; et_pb_row_fullwidth&#8221; _builder_version=&#8221;4.16&#8243; width=&#8221;89%&#8221; width_tablet=&#8221;80%&#8221; width_phone=&#8221;&#8221; width_last_edited=&#8221;on|desktop&#8221; max_width=&#8221;89%&#8221; max_width_tablet=&#8221;80%&#8221; max_width_phone=&#8221;&#8221; max_width_last_edited=&#8221;on|desktop&#8221; make_fullwidth=&#8221;on&#8221; global_colors_info=&#8221;{}&#8221;][et_pb_column type=&#8221;4_4&#8243; _builder_version=&#8221;4.16&#8243; custom_padding=&#8221;|||&#8221; global_colors_info=&#8221;{}&#8221; custom_padding__hover=&#8221;|||&#8221;][et_pb_text _builder_version=&#8221;4.27.5&#8243; text_font_size=&#8221;12px&#8221; global_colors_info=&#8221;{}&#8221;]<\/p>\n<p style=\"text-align: right;\">Photos \u00a9 Duy-Laurent Tran<\/p>\n<p>[\/et_pb_text][\/et_pb_column][\/et_pb_row][\/et_pb_section][et_pb_section fb_built=&#8221;1&#8243; fullwidth=&#8221;on&#8221; _builder_version=&#8221;4.16&#8243; global_colors_info=&#8221;{}&#8221;][\/et_pb_section]<\/p>\n","protected":false},"excerpt":{"rendered":"<p>Company Madoki Haute Couture &#8211; A moving collection A choreography by Jos\u00e9pha Madoki (creation 2025)A work for 8 dancers Creation 2025 Running time: 60 minutes Suitable to all audiences &#8220;As an artist, dancer, choreographer, and more specifically a waacker, the world of fashion and haute couture has always been a source of inspiration for me. [&hellip;]<\/p>\n","protected":false},"author":1,"featured_media":46147,"parent":0,"menu_order":0,"comment_status":"closed","ping_status":"closed","template":"","meta":{"_seopress_robots_primary_cat":"","_seopress_titles_title":"","_seopress_titles_desc":"","_seopress_robots_index":"","_et_pb_use_builder":"on","_et_pb_old_content":"","_et_gb_content_width":"","footnotes":""},"class_list":["post-46139","page","type-page","status-publish","has-post-thumbnail","hentry"],"_links":{"self":[{"href":"https:\/\/caminaktion.eu\/en\/wp-json\/wp\/v2\/pages\/46139","targetHints":{"allow":["GET"]}}],"collection":[{"href":"https:\/\/caminaktion.eu\/en\/wp-json\/wp\/v2\/pages"}],"about":[{"href":"https:\/\/caminaktion.eu\/en\/wp-json\/wp\/v2\/types\/page"}],"author":[{"embeddable":true,"href":"https:\/\/caminaktion.eu\/en\/wp-json\/wp\/v2\/users\/1"}],"replies":[{"embeddable":true,"href":"https:\/\/caminaktion.eu\/en\/wp-json\/wp\/v2\/comments?post=46139"}],"version-history":[{"count":18,"href":"https:\/\/caminaktion.eu\/en\/wp-json\/wp\/v2\/pages\/46139\/revisions"}],"predecessor-version":[{"id":49193,"href":"https:\/\/caminaktion.eu\/en\/wp-json\/wp\/v2\/pages\/46139\/revisions\/49193"}],"wp:featuredmedia":[{"embeddable":true,"href":"https:\/\/caminaktion.eu\/en\/wp-json\/wp\/v2\/media\/46147"}],"wp:attachment":[{"href":"https:\/\/caminaktion.eu\/en\/wp-json\/wp\/v2\/media?parent=46139"}],"curies":[{"name":"wp","href":"https:\/\/api.w.org\/{rel}","templated":true}]}}