{"id":45589,"date":"2023-10-19T20:28:35","date_gmt":"2023-10-19T18:28:35","guid":{"rendered":"https:\/\/caminaktion.eu\/hypeocc-edito\/"},"modified":"2025-10-17T22:36:50","modified_gmt":"2025-10-17T20:36:50","slug":"hypeocc-edito2023","status":"publish","type":"page","link":"https:\/\/caminaktion.eu\/en\/hypeocc-edito2023\/","title":{"rendered":"HYPE OCC editorial 2023"},"content":{"rendered":"\n[et_pb_section fb_built=&#8221;1&#8243; _builder_version=&#8221;4.21.0&#8243; _module_preset=&#8221;default&#8221; global_colors_info=&#8221;{}&#8221;][et_pb_row _builder_version=&#8221;4.21.0&#8243; _module_preset=&#8221;default&#8221; width=&#8221;100%&#8221; global_colors_info=&#8221;{}&#8221;][et_pb_column type=&#8221;4_4&#8243; _builder_version=&#8221;4.21.0&#8243; _module_preset=&#8221;default&#8221; global_colors_info=&#8221;{}&#8221;][et_pb_text _builder_version=&#8221;4.24.0&#8243; _module_preset=&#8221;default&#8221; custom_margin=&#8221;||-24px||false|false&#8221; global_colors_info=&#8221;{}&#8221;]<h1><strong>Festival HYPE OCC<\/strong><\/h1>[\/et_pb_text][\/et_pb_column][\/et_pb_row][et_pb_row _builder_version=&#8221;4.21.0&#8243; _module_preset=&#8221;default&#8221; global_colors_info=&#8221;{}&#8221;][et_pb_column type=&#8221;4_4&#8243; _builder_version=&#8221;4.21.0&#8243; _module_preset=&#8221;default&#8221; global_colors_info=&#8221;{}&#8221;][et_pb_text _builder_version=&#8221;4.21.0&#8243; _module_preset=&#8221;default&#8221; global_colors_info=&#8221;{}&#8221;]<h2>A celebration of dances stemming from hiphop culture in all its forms, in the Occitanie region.<\/h2>[\/et_pb_text][\/et_pb_column][\/et_pb_row][et_pb_row _builder_version=&#8221;4.21.0&#8243; _module_preset=&#8221;default&#8221; global_colors_info=&#8221;{}&#8221;][et_pb_column type=&#8221;4_4&#8243; _builder_version=&#8221;4.21.0&#8243; _module_preset=&#8221;default&#8221; global_colors_info=&#8221;{}&#8221;][et_pb_image src=&#8221;https:\/\/caminaktion.eu\/wp-content\/uploads\/2024\/10\/Logo-2024-scaled.jpg&#8221; title_text=&#8221;Logo 2024&#8243; _builder_version=&#8221;4.27.3&#8243; _module_preset=&#8221;default&#8221; global_colors_info=&#8221;{}&#8221;][\/et_pb_image][\/et_pb_column][\/et_pb_row][et_pb_row column_structure=&#8221;3_5,1_5,1_5&#8243; _builder_version=&#8221;4.23&#8243; _module_preset=&#8221;default&#8221; width=&#8221;100%&#8221; max_width=&#8221;1844px&#8221; custom_margin=&#8221;-30px||-50px||false|false&#8221; global_colors_info=&#8221;{}&#8221;][et_pb_column type=&#8221;3_5&#8243; _builder_version=&#8221;4.23&#8243; _module_preset=&#8221;default&#8221; global_colors_info=&#8221;{}&#8221;][\/et_pb_column][et_pb_column type=&#8221;1_5&#8243; _builder_version=&#8221;4.23&#8243; _module_preset=&#8221;default&#8221; global_colors_info=&#8221;{}&#8221;][\/et_pb_column][et_pb_column type=&#8221;1_5&#8243; _builder_version=&#8221;4.23&#8243; _module_preset=&#8221;default&#8221; global_colors_info=&#8221;{}&#8221;][\/et_pb_column][\/et_pb_row][et_pb_row column_structure=&#8221;1_2,1_2&#8243; _builder_version=&#8221;4.21.0&#8243; _module_preset=&#8221;default&#8221; global_colors_info=&#8221;{}&#8221;][et_pb_column type=&#8221;1_2&#8243; _builder_version=&#8221;4.21.0&#8243; _module_preset=&#8221;default&#8221; global_colors_info=&#8221;{}&#8221;][et_pb_text _builder_version=&#8221;4.21.0&#8243; _module_preset=&#8221;default&#8221; global_colors_info=&#8221;{}&#8221;]<h4><strong>And for the second act: HYPE OCC 2024\u2026<br \/><\/strong><\/h4>\n<h4><strong>And for the third act: HYPE OCC expands to three cities in Occitanie!<\/strong><\/h4>\n<p>In November 2023, <strong>camin aktion, a production- and creative agency with social added value<\/strong>, took on an ambitious challenge: to create a festival dedicated to all forms of dance originating from hiphop culture, celebrating both its roots and today&#8217;s evolutions. The festival\u2019s vision extends regionally, aiming to foster a network of shared dynamics\u2014first in Occitanie and eventually connecting with initiatives across France and internationally.<\/p>\n<p>HYPE OCC champions values we hold dear, resonating with the principles of hiphop culture: <strong>diversity, inclusion, accessibility, cultural democracy, tolerance, and artistic excellence.<\/strong><\/p>\n<h4>The Universal Appeal of Hiphop Dance<\/h4>\n<p>Hiphop culture, emerging 50 years ago, has grown into a global phenomenon. Among its cornerstones, dance stands out for its astonishing variety of styles and techniques. Originating as social dance &#8211; non-academic, accessible, and rooted in convivial community settings &#8211; hiphop dance remains inclusive and participatory, welcoming all while fostering exchanges in cyphers and battles for the more initiated.<\/p>[\/et_pb_text][\/et_pb_column][et_pb_column type=&#8221;1_2&#8243; _builder_version=&#8221;4.21.0&#8243; _module_preset=&#8221;default&#8221; global_colors_info=&#8221;{}&#8221;][et_pb_text _builder_version=&#8221;4.21.0&#8243; _module_preset=&#8221;default&#8221; global_colors_info=&#8221;{}&#8221;]<h4><span style=\"font-size: 20px; color: #232323;\">Since the 1990s, choreographic creation within hiphop has flourished, particularly in France, enriching the broader choreographic landscape. Drawing on the technical and aesthetic depth cultivated in non-academic spaces, it innovates with fresh codes and dramaturgical approaches.<\/span><\/h4>\n<p><span style=\"font-size: 20px; color: #232323;\"><\/span><\/p>\n<h4>A Celebration of Evolution and Roots<\/h4>\n<p>Hiphop dances are deeply rooted in traditions born from the forced displacement of peoples, continuing to evolve while inspiring new forms, styles, and aesthetics. Other dances and musical cultures emerging in similar contexts have enriched this universe, often categorized as &#8220;urban&#8221; dances.<\/p>\n<p>HYPE OCC invites everyone to celebrate these dances in their myriad forms, alongside the multifaceted humanity they represent. Diversity remains a core value of hiphop culture, and its dances mirror the individuals who bring them to life. Through movement, style, and personality, dancers express themselves, showcasing the richness and accessibility that define this global culture.<\/p>[\/et_pb_text][\/et_pb_column][\/et_pb_row][et_pb_row _builder_version=&#8221;4.24.0&#8243; _module_preset=&#8221;default&#8221; background_color=&#8221;#DFB758&#8243; custom_padding=&#8221;|10px||10px|false|false&#8221; global_colors_info=&#8221;{}&#8221;][et_pb_column type=&#8221;4_4&#8243; _builder_version=&#8221;4.23&#8243; _module_preset=&#8221;default&#8221; global_colors_info=&#8221;{}&#8221;][et_pb_text _builder_version=&#8221;4.27.3&#8243; _module_preset=&#8221;default&#8221; hover_enabled=&#8221;0&#8243; global_colors_info=&#8221;{}&#8221; content_last_edited=&#8221;on|tablet&#8221; sticky_enabled=&#8221;0&#8243; content_tablet=&#8221;<p><strong>A Festival with Social Added Value<br \/><\/strong><\/p>\n<p><span style=%22font-size: medium;%22>The values of the hiphop movement are universal. Respect, sharing, coexistence, diversity, and peace form the foundation of this culture, which has become a global phenomenon not only for its artistic expressions but also for its humanistic philosophy.<\/span><\/p>\n<p><span style=%22font-size: medium;%22>For <strong>camin aktion<\/strong>, a production- and creative agency with social added value, this vision is embodied in its year-round work. Alongside supporting companies with production and distribution, the organization develops its own productions and training programs, while also nurturing emerging artists through the <span style=%22font-size: medium;%22><strong><a href=%22https:\/\/caminaktion.eu\/en\/incubateur\/%22>camin&#8217;cubateur<\/a><\/strong><\/span>\u00a0initiative. Moreover, it places a strong emphasis on <strong>artistic and cultural education<\/strong>.<\/span><\/p>\n<p><span style=%22font-size: medium;%22>The agency leads the <span style=%22font-size: medium;%22><strong><a href=%22https:\/\/caminaktion.eu\/jesuis-programme\/%22>#JeSuis<\/a><\/strong><\/span>\u00a0program, dedicated to human and cultural mediation. Through this initiative, access to culture and artistic practice is created for newcomers, unaccompanied minors, refugees, and local communities, ensuring that cultural and artistic experiences become tools for empowerment, exchange, and diversity.<\/span><\/p>\n<p><span style=%22font-size: medium;%22><\/span><\/p>&#8221; content_phone=&#8221;<p><strong>A Festival with Social Added Value<br \/><\/strong><\/p>\n<p><span style=%22font-size: medium;%22>The values of the hiphop movement are universal. Respect, sharing, coexistence, diversity, and peace form the foundation of this culture, which has become a global phenomenon not only for its artistic expressions but also for its humanistic philosophy.<\/span><\/p>\n<p><span style=%22font-size: medium;%22>For <strong>camin aktion<\/strong>, a production- and creative agency with social added value, this vision is embodied in its year-round work. Alongside supporting companies with production and distribution, the organization develops its own productions and training programs, while also nurturing emerging artists through the <span style=%22font-size: medium;%22><strong><a href=%22https:\/\/caminaktion.eu\/en\/incubateur\/%22>camin&#8217;cubateur<\/a><\/strong><\/span>\u00a0initiative. Moreover, it places a strong emphasis on <strong>artistic and cultural education<\/strong>.<\/span><\/p>\n<p><span style=%22font-size: medium;%22>The agency leads the <span style=%22font-size: medium;%22><strong><a href=%22https:\/\/caminaktion.eu\/jesuis-programme\/%22>#JeSuis<\/a><\/strong><\/span>\u00a0program, dedicated to human and cultural mediation. Through this initiative, access to culture and artistic practice is created for newcomers, unaccompanied minors, refugees, and local communities, ensuring that cultural and artistic experiences become tools for empowerment, exchange, and diversity.<\/span><\/p>\n<p><span style=%22font-size: medium;%22><\/span><\/p>&#8220;]<p><strong>A Festival with Social Added Value<br \/><\/strong><\/p>\n<p><span style=\"font-size: medium;\">The values of the hiphop movement are universal. Respect, sharing, coexistence, diversity, and peace form the foundation of this culture, which has become a global phenomenon not only for its artistic expressions but also for its humanistic philosophy.<\/span><\/p>\n<p><span style=\"font-size: medium;\">For <strong>camin aktion<\/strong>, a production- and creative agency with social added value, this vision is embodied in its year-round work. Alongside supporting companies with production and distribution, the organization develops its own productions and training programs, while also nurturing emerging artists through the <span style=\"font-size: medium;\"><strong><a href=\"https:\/\/caminaktion.eu\/en\/incubateur\/\">camin&#8217;cubateur<\/a><\/strong><\/span>\u00a0initiative. Moreover, it places a strong emphasis on <strong>artistic and cultural education<\/strong>.<\/span><\/p>\n<p><span style=\"font-size: medium;\">The agency leads the <span style=\"font-size: medium;\"><strong><a href=\"https:\/\/caminaktion.eu\/jesuis-programme\/\">#JeSuis<\/a><\/strong><\/span>\u00a0program, dedicated to human and cultural mediation. Through this initiative, access to culture and artistic practice is created for newcomers, unaccompanied minors, refugees, and local communities, ensuring that cultural and artistic experiences become tools for empowerment, exchange, and diversity.<\/span><\/p>\n<p><span style=\"font-size: medium;\"><\/span><\/p>[\/et_pb_text][\/et_pb_column][\/et_pb_row][et_pb_row _builder_version=&#8221;4.23&#8243; _module_preset=&#8221;default&#8221; custom_padding=&#8221;|10px||10px|false|false&#8221; global_colors_info=&#8221;{}&#8221;][et_pb_column type=&#8221;4_4&#8243; _builder_version=&#8221;4.23&#8243; _module_preset=&#8221;default&#8221; global_colors_info=&#8221;{}&#8221;][et_pb_text _builder_version=&#8221;4.27.3&#8243; _module_preset=&#8221;default&#8221; hover_enabled=&#8221;0&#8243; global_colors_info=&#8221;{}&#8221; sticky_enabled=&#8221;0&#8243;]<p><strong>The festival dream team in Montpellier<\/strong><\/p>[\/et_pb_text][et_pb_text _builder_version=&#8221;4.27.3&#8243; _module_preset=&#8221;default&#8221; text_line_height=&#8221;1.1em&#8221; hover_enabled=&#8221;0&#8243; global_colors_info=&#8221;{}&#8221; sticky_enabled=&#8221;0&#8243;]<p><strong>Artistic direcrtion<\/strong> | Dirk Korell in collaboration with Letitia Mart\u00edn Sanchez, Na\u00efs Haidar &amp; Camille Daudet de Windt<\/p>\n<p><strong>Production<\/strong> | Dirk Korell, Camille Daudet De Windt and the support of Veronica Oyomo Maye<\/p>\n<p><strong>Communication<\/strong> | Letitia Mart\u00edn Sanchez, Dirk Korell<\/p>\n<p><strong>Graphic design<\/strong>\u00a0| agence entre\/autre<\/p>\n<p><strong>Administration<\/strong> | Dirk Korell<\/p>\n<p><strong>Festival HYPE OCC is a production by camin aktion<\/strong>\u00a0<strong><\/strong><\/p>\n<p><strong>Public support<\/strong> D\u00e9partement de l&#8217;H\u00e9rault, R\u00e9gion Occitanie, DRAJES<\/p>\n<p><strong>Partners<\/strong> La <a href=\"https:\/\/tropisme.coop\">Halle Tropisme<\/a> and <a href=\"http:\/\/www.cinemas-utopia.org\/montpellier\/\">Cin\u00e9ma Utopia<\/a>. <a href=\"https:\/\/www.desl-interpretation.fr\">Des&#8217;L<\/a> and <a href=\"http:\/\/assos.montpellier.fr\/TPL_CODE\/TPL_ASSOCIATION\/PAR_TPL_IDENTIFIANT\/705\/RETURN\/1\/2898-annuaire-des-associations.htm\">AGSMR<\/a> for the accessibility for hearing impaired communities. <a href=\"https:\/\/www.hoteldupalais-montpellier.fr\">H\u00f4tel du Palais<\/a> for artists&#8217; accommodation. <a href=\"https:\/\/castelnau-le-lez.cyclable.com\">Cyclable Montpellier<\/a> to support our vision of sustainable transport during the festival (and beyond!)<\/p>\n<p><strong>We thank<\/strong> the artistic, technical, administrative and production crews involved. Thanks to the committed workers at Th\u00e9\u00e2tre d&#8217;O, Halle Tropisme, at Cin\u00e9ma Utopia. To all the volonteers of the festival. To the beautiful young souls of the #JeSuis program to bring your energy, talent and your committment to your new home. To the educating artists Siaka Coulibaly and Kera Beatz, the mediators, to Veronica Oyomo Maye for her committment. To Dieyn\u00e9bou Fofana-Ballester for your thoughtful and accurate perspective. To Sandrine and her crew at <a href=\"http:\/\/www.print-tees.fr\">Print Tees<\/a>. To Olivier at Cyclable for the shared reflexionx on sustainable urban transports. To the team of camin aktion: Dirk Korell, Camille Daudet de Windt, Veronica Oyomo Maye, Letitia Mart\u00edn Sanchez, Na\u00efs Haidar and our board, Marie-Jos\u00e9e Cartier, Dorothea Kaiser-Wibaux and Emmanuelle Echassoux.<\/p>[\/et_pb_text][\/et_pb_column][\/et_pb_row][et_pb_row _builder_version=&#8221;4.27.2&#8243; _module_preset=&#8221;default&#8221; width=&#8221;100%&#8221; max_width=&#8221;1314px&#8221; custom_margin=&#8221;0px||||false|false&#8221; custom_padding=&#8221;|10px||10px|false|false&#8221; saved_tabs=&#8221;all&#8221; global_colors_info=&#8221;{}&#8221;][et_pb_column type=&#8221;4_4&#8243; _builder_version=&#8221;4.21.0&#8243; _module_preset=&#8221;default&#8221; global_colors_info=&#8221;{}&#8221;][\/et_pb_column][\/et_pb_row][et_pb_row column_structure=&#8221;1_3,1_3,1_3&#8243; _builder_version=&#8221;4.27.0&#8243; _module_preset=&#8221;default&#8221; global_colors_info=&#8221;{}&#8221;][et_pb_column type=&#8221;1_3&#8243; _builder_version=&#8221;4.27.0&#8243; _module_preset=&#8221;default&#8221; global_colors_info=&#8221;{}&#8221;][et_pb_image src=&#8221;https:\/\/caminaktion.eu\/wp-content\/uploads\/2024\/11\/Logo-couleur-light-petit.png&#8221; title_text=&#8221;Logo couleur light petit&#8221; align=&#8221;center&#8221; _builder_version=&#8221;4.27.3&#8243; _module_preset=&#8221;default&#8221; global_colors_info=&#8221;{}&#8221;][\/et_pb_image][\/et_pb_column][et_pb_column type=&#8221;1_3&#8243; _builder_version=&#8221;4.27.0&#8243; _module_preset=&#8221;default&#8221; global_colors_info=&#8221;{}&#8221;][et_pb_image src=&#8221;https:\/\/caminaktion.eu\/wp-content\/uploads\/2024\/10\/HALLE-TROPISME-CO-copie.png&#8221; title_text=&#8221;HALLE-TROPISME-CO copie&#8221; align=&#8221;center&#8221; _builder_version=&#8221;4.27.2&#8243; _module_preset=&#8221;default&#8221; height=&#8221;172px&#8221; global_colors_info=&#8221;{}&#8221;][\/et_pb_image][\/et_pb_column][et_pb_column type=&#8221;1_3&#8243; _builder_version=&#8221;4.27.0&#8243; _module_preset=&#8221;default&#8221; global_colors_info=&#8221;{}&#8221;][et_pb_image src=&#8221;https:\/\/caminaktion.eu\/wp-content\/uploads\/2024\/10\/799px-Utopia_logo.png&#8221; title_text=&#8221;799px-Utopia_logo&#8221; align=&#8221;center&#8221; _builder_version=&#8221;4.27.3&#8243; _module_preset=&#8221;default&#8221; custom_margin=&#8221;40px||||false|false&#8221; custom_margin_tablet=&#8221;40px||||false|false&#8221; custom_margin_phone=&#8221;0px||||false|false&#8221; custom_margin_last_edited=&#8221;on|desktop&#8221; global_colors_info=&#8221;{}&#8221;][\/et_pb_image][\/et_pb_column][\/et_pb_row][et_pb_row column_structure=&#8221;1_3,1_3,1_3&#8243; _builder_version=&#8221;4.27.0&#8243; _module_preset=&#8221;default&#8221; global_colors_info=&#8221;{}&#8221;][et_pb_column type=&#8221;1_3&#8243; _builder_version=&#8221;4.27.0&#8243; _module_preset=&#8221;default&#8221; global_colors_info=&#8221;{}&#8221;][et_pb_image src=&#8221;https:\/\/caminaktion.eu\/wp-content\/uploads\/2024\/10\/OC-1706-instit-logo-rectangle-quadri-150&#215;150-72dpi.png&#8221; title_text=&#8221;OC-1706-instit-logo rectangle-quadri-150&#215;150-72dpi&#8221; align=&#8221;center&#8221; _builder_version=&#8221;4.27.3&#8243; _module_preset=&#8221;default&#8221; global_colors_info=&#8221;{}&#8221;][\/et_pb_image][\/et_pb_column][et_pb_column type=&#8221;1_3&#8243; _builder_version=&#8221;4.27.2&#8243; _module_preset=&#8221;default&#8221; global_colors_info=&#8221;{}&#8221;][et_pb_image src=&#8221;https:\/\/caminaktion.eu\/wp-content\/uploads\/2024\/10\/drajes-1.png&#8221; title_text=&#8221;drajes&#8221; align=&#8221;center&#8221; _builder_version=&#8221;4.27.2&#8243; _module_preset=&#8221;default&#8221; global_colors_info=&#8221;{}&#8221;][\/et_pb_image][\/et_pb_column][et_pb_column type=&#8221;1_3&#8243; _builder_version=&#8221;4.27.0&#8243; _module_preset=&#8221;default&#8221; global_colors_info=&#8221;{}&#8221;][et_pb_image src=&#8221;https:\/\/caminaktion.eu\/wp-content\/uploads\/2023\/11\/NewLogoCD.png&#8221; title_text=&#8221;NewLogoCD&#8221; align=&#8221;center&#8221; _builder_version=&#8221;4.27.3&#8243; _module_preset=&#8221;default&#8221; width=&#8221;100%&#8221; max_width=&#8221;100%&#8221; global_colors_info=&#8221;{}&#8221;][\/et_pb_image][\/et_pb_column][\/et_pb_row][et_pb_row column_structure=&#8221;1_4,1_4,1_4,1_4&#8243; _builder_version=&#8221;4.27.3&#8243; _module_preset=&#8221;default&#8221; global_colors_info=&#8221;{}&#8221;][et_pb_column type=&#8221;1_4&#8243; _builder_version=&#8221;4.27.3&#8243; _module_preset=&#8221;default&#8221; global_colors_info=&#8221;{}&#8221;][et_pb_image src=&#8221;https:\/\/caminaktion.eu\/wp-content\/uploads\/2024\/11\/logo-desl.png&#8221; alt=&#8221;logo desl&#8221; title_text=&#8221;logo desl&#8221; align=&#8221;center&#8221; _builder_version=&#8221;4.27.3&#8243; _module_preset=&#8221;default&#8221; max_width=&#8221;98%&#8221; custom_margin=&#8221;60px||||false|false&#8221; custom_margin_tablet=&#8221;&#8221; custom_margin_phone=&#8221;0px||||false|false&#8221; custom_margin_last_edited=&#8221;on|phone&#8221; global_colors_info=&#8221;{}&#8221;][\/et_pb_image][\/et_pb_column][et_pb_column type=&#8221;1_4&#8243; _builder_version=&#8221;4.27.3&#8243; _module_preset=&#8221;default&#8221; global_colors_info=&#8221;{}&#8221;][et_pb_image src=&#8221;https:\/\/caminaktion.eu\/wp-content\/uploads\/2024\/12\/agsmr.jpeg&#8221; alt=&#8221;logo desl&#8221; title_text=&#8221;AGSMR&#8221; align=&#8221;center&#8221; _builder_version=&#8221;4.27.3&#8243; _module_preset=&#8221;default&#8221; max_width=&#8221;96%&#8221; custom_margin=&#8221;60px||||false|false&#8221; custom_margin_tablet=&#8221;&#8221; custom_margin_phone=&#8221;0px||||false|false&#8221; custom_margin_last_edited=&#8221;on|phone&#8221; global_colors_info=&#8221;{}&#8221;][\/et_pb_image][\/et_pb_column][et_pb_column type=&#8221;1_4&#8243; _builder_version=&#8221;4.27.3&#8243; _module_preset=&#8221;default&#8221; global_colors_info=&#8221;{}&#8221;][et_pb_image src=&#8221;https:\/\/caminaktion.eu\/wp-content\/uploads\/2024\/11\/cyclable.png&#8221; alt=&#8221;cyclable&#8221; title_text=&#8221;cyclable&#8221; align=&#8221;center&#8221; _builder_version=&#8221;4.27.3&#8243; _module_preset=&#8221;default&#8221; max_width=&#8221;86%&#8221; max_height=&#8221;1000px&#8221; custom_margin=&#8221;40px||||false|false&#8221; global_colors_info=&#8221;{}&#8221;][\/et_pb_image][\/et_pb_column][et_pb_column type=&#8221;1_4&#8243; _builder_version=&#8221;4.27.3&#8243; _module_preset=&#8221;default&#8221; global_colors_info=&#8221;{}&#8221;][et_pb_image src=&#8221;https:\/\/caminaktion.eu\/wp-content\/uploads\/2024\/11\/hotel-du-palais.jpg&#8221; alt=&#8221;h\u00f4tel du palais&#8221; title_text=&#8221;h\u00f4tel du palais&#8221; align=&#8221;center&#8221; _builder_version=&#8221;4.27.3&#8243; _module_preset=&#8221;default&#8221; max_height=&#8221;139px&#8221; global_colors_info=&#8221;{}&#8221;][\/et_pb_image][\/et_pb_column][\/et_pb_row][\/et_pb_section]\n","protected":false},"excerpt":{"rendered":"<p>Festival HYPE OCCA celebration of dances stemming from hiphop culture in all its forms, in the Occitanie region.And for the second act: HYPE OCC 2024\u2026 And for the third act: HYPE OCC expands to three cities in Occitanie! In November 2023, camin aktion, a production- and creative agency with social added value, took on an [&hellip;]<\/p>\n","protected":false},"author":1,"featured_media":0,"parent":0,"menu_order":0,"comment_status":"closed","ping_status":"closed","template":"","meta":{"_seopress_robots_primary_cat":"","_seopress_titles_title":"","_seopress_titles_desc":"","_seopress_robots_index":"","_et_pb_use_builder":"on","_et_pb_old_content":"","_et_gb_content_width":"","footnotes":""},"class_list":["post-45589","page","type-page","status-publish","hentry"],"_links":{"self":[{"href":"https:\/\/caminaktion.eu\/en\/wp-json\/wp\/v2\/pages\/45589","targetHints":{"allow":["GET"]}}],"collection":[{"href":"https:\/\/caminaktion.eu\/en\/wp-json\/wp\/v2\/pages"}],"about":[{"href":"https:\/\/caminaktion.eu\/en\/wp-json\/wp\/v2\/types\/page"}],"author":[{"embeddable":true,"href":"https:\/\/caminaktion.eu\/en\/wp-json\/wp\/v2\/users\/1"}],"replies":[{"embeddable":true,"href":"https:\/\/caminaktion.eu\/en\/wp-json\/wp\/v2\/comments?post=45589"}],"version-history":[{"count":7,"href":"https:\/\/caminaktion.eu\/en\/wp-json\/wp\/v2\/pages\/45589\/revisions"}],"predecessor-version":[{"id":47706,"href":"https:\/\/caminaktion.eu\/en\/wp-json\/wp\/v2\/pages\/45589\/revisions\/47706"}],"wp:attachment":[{"href":"https:\/\/caminaktion.eu\/en\/wp-json\/wp\/v2\/media?parent=45589"}],"curies":[{"name":"wp","href":"https:\/\/api.w.org\/{rel}","templated":true}]}}