{"id":45513,"date":"2024-11-15T08:12:36","date_gmt":"2024-11-15T07:12:36","guid":{"rendered":"https:\/\/caminaktion.eu\/hypeocc-billetterie\/"},"modified":"2024-11-22T23:03:20","modified_gmt":"2024-11-22T22:03:20","slug":"hypeocc-tickets","status":"publish","type":"page","link":"https:\/\/caminaktion.eu\/en\/hypeocc-tickets\/","title":{"rendered":"HYPE OCC Tickets"},"content":{"rendered":"<p>[et_pb_section fb_built=&#8221;1&#8243; _builder_version=&#8221;4.21.0&#8243; _module_preset=&#8221;default&#8221; global_colors_info=&#8221;{}&#8221;][et_pb_row _builder_version=&#8221;4.27.3&#8243; _module_preset=&#8221;default&#8221; width=&#8221;100%&#8221; max_width=&#8221;1349px&#8221; max_width_tablet=&#8221;1349px&#8221; max_width_phone=&#8221;1349px&#8221; max_width_last_edited=&#8221;on|desktop&#8221; global_colors_info=&#8221;{}&#8221;][et_pb_column type=&#8221;4_4&#8243; _builder_version=&#8221;4.21.0&#8243; _module_preset=&#8221;default&#8221; global_colors_info=&#8221;{}&#8221;][et_pb_image src=&#8221;https:\/\/caminaktion.eu\/wp-content\/uploads\/2023\/10\/HYPE-OCC-one-line-1.jpeg&#8221; title_text=&#8221;HYPE UP &#8211; recherches&#8221; _builder_version=&#8221;4.27.3&#8243; _module_preset=&#8221;default&#8221; global_colors_info=&#8221;{}&#8221; transform_styles__hover_enabled=&#8221;on|hover&#8221; transform_scale__hover_enabled=&#8221;on|hover&#8221; transform_translate__hover_enabled=&#8221;on|desktop&#8221; transform_rotate__hover_enabled=&#8221;on|hover&#8221; transform_skew__hover_enabled=&#8221;on|desktop&#8221; transform_origin__hover_enabled=&#8221;on|desktop&#8221; transform_scale__hover=&#8221;110%|110%&#8221;][\/et_pb_image][\/et_pb_column][\/et_pb_row][et_pb_row _builder_version=&#8221;4.27.3&#8243; _module_preset=&#8221;default&#8221; width=&#8221;100%&#8221; max_width=&#8221;1325px&#8221; custom_margin=&#8221;||0px||false|false&#8221; global_colors_info=&#8221;{}&#8221;][et_pb_column type=&#8221;4_4&#8243; _builder_version=&#8221;4.23&#8243; _module_preset=&#8221;default&#8221; global_colors_info=&#8221;{}&#8221;][et_pb_text _builder_version=&#8221;4.27.2&#8243; _module_preset=&#8221;default&#8221; custom_padding=&#8221;||0px|||&#8221; global_colors_info=&#8221;{}&#8221;]<\/p>\n<h1 style=\"text-align: center;\"><span style=\"color: #0a0a0a;\"><span style=\"caret-color: #0a0a0a;\"><b>Tickets &amp; registration<\/b><\/span><\/span><\/h1>\n<h1 style=\"text-align: center;\"><strong><span style=\"color: #0a0a0a;\"><\/span><\/strong><\/h1>\n<p><strong><span style=\"color: #0a0a0a;\"><\/span><\/strong><\/p>\n<p>[\/et_pb_text][\/et_pb_column][\/et_pb_row][et_pb_row _builder_version=&#8221;4.27.3&#8243; _module_preset=&#8221;default&#8221; width=&#8221;100%&#8221; max_width=&#8221;1312px&#8221; global_colors_info=&#8221;{}&#8221;][et_pb_column type=&#8221;4_4&#8243; _builder_version=&#8221;4.27.3&#8243; _module_preset=&#8221;default&#8221; global_colors_info=&#8221;{}&#8221;][et_pb_code _builder_version=&#8221;4.27.3&#8243; _module_preset=&#8221;default&#8221; hover_enabled=&#8221;0&#8243; global_colors_info=&#8221;{}&#8221; sticky_enabled=&#8221;0&#8243;]<div id=\"mec_skin_45088\" class=\"mec-wrap colorskin-custom  \">\r\n\r\n    \r\n    <div class=\"mec-tile\">\r\n        <div class=\"mec-calendar-topsec\">\r\n            <div class=\"mec-clear\">\r\n                \r\n                <div class=\"mec-calendar-table\" id=\"mec_skin_events_45088\">\r\n                                            <div class=\"mec-wrap colorskin-custom\">\r\n    <div class=\"mec-event-tile-view\">\r\n            <\/div>\r\n    <\/div>                                    <\/div>\r\n\r\n                            <\/div>\r\n        <\/div>\r\n    <\/div>\r\n\r\n    \r\n<\/div>\r\n[\/et_pb_code][\/et_pb_column][\/et_pb_row][et_pb_row column_structure=&#8221;1_3,1_3,1_3&#8243; _builder_version=&#8221;4.27.0&#8243; _module_preset=&#8221;default&#8221; global_colors_info=&#8221;{}&#8221;][et_pb_column type=&#8221;1_3&#8243; _builder_version=&#8221;4.27.0&#8243; _module_preset=&#8221;default&#8221; global_colors_info=&#8221;{}&#8221;][et_pb_image src=&#8221;https:\/\/caminaktion.eu\/wp-content\/uploads\/2024\/11\/Logo-couleur-light-petit.png&#8221; title_text=&#8221;Logo couleur light petit&#8221; align=&#8221;center&#8221; _builder_version=&#8221;4.27.3&#8243; _module_preset=&#8221;default&#8221; global_colors_info=&#8221;{}&#8221;][\/et_pb_image][\/et_pb_column][et_pb_column type=&#8221;1_3&#8243; _builder_version=&#8221;4.27.0&#8243; _module_preset=&#8221;default&#8221; global_colors_info=&#8221;{}&#8221;][et_pb_image src=&#8221;https:\/\/caminaktion.eu\/wp-content\/uploads\/2024\/10\/HALLE-TROPISME-CO-copie.png&#8221; title_text=&#8221;HALLE-TROPISME-CO copie&#8221; align=&#8221;center&#8221; _builder_version=&#8221;4.27.2&#8243; _module_preset=&#8221;default&#8221; height=&#8221;172px&#8221; global_colors_info=&#8221;{}&#8221;][\/et_pb_image][\/et_pb_column][et_pb_column type=&#8221;1_3&#8243; _builder_version=&#8221;4.27.0&#8243; _module_preset=&#8221;default&#8221; global_colors_info=&#8221;{}&#8221;][et_pb_image src=&#8221;https:\/\/caminaktion.eu\/wp-content\/uploads\/2024\/10\/799px-Utopia_logo.png&#8221; title_text=&#8221;799px-Utopia_logo&#8221; align=&#8221;center&#8221; _builder_version=&#8221;4.27.3&#8243; _module_preset=&#8221;default&#8221; custom_margin=&#8221;40px||||false|false&#8221; custom_margin_tablet=&#8221;40px||||false|false&#8221; custom_margin_phone=&#8221;0px||||false|false&#8221; custom_margin_last_edited=&#8221;on|desktop&#8221; global_colors_info=&#8221;{}&#8221;][\/et_pb_image][\/et_pb_column][\/et_pb_row][et_pb_row column_structure=&#8221;1_3,1_3,1_3&#8243; _builder_version=&#8221;4.27.0&#8243; _module_preset=&#8221;default&#8221; global_colors_info=&#8221;{}&#8221;][et_pb_column type=&#8221;1_3&#8243; _builder_version=&#8221;4.27.0&#8243; _module_preset=&#8221;default&#8221; global_colors_info=&#8221;{}&#8221;][et_pb_image src=&#8221;https:\/\/caminaktion.eu\/wp-content\/uploads\/2024\/10\/OC-1706-instit-logo-rectangle-quadri-150&#215;150-72dpi.png&#8221; title_text=&#8221;OC-1706-instit-logo rectangle-quadri-150&#215;150-72dpi&#8221; align=&#8221;center&#8221; _builder_version=&#8221;4.27.3&#8243; _module_preset=&#8221;default&#8221; global_colors_info=&#8221;{}&#8221;][\/et_pb_image][\/et_pb_column][et_pb_column type=&#8221;1_3&#8243; _builder_version=&#8221;4.27.2&#8243; _module_preset=&#8221;default&#8221; global_colors_info=&#8221;{}&#8221;][et_pb_image src=&#8221;https:\/\/caminaktion.eu\/wp-content\/uploads\/2024\/10\/drajes-1.png&#8221; title_text=&#8221;drajes&#8221; align=&#8221;center&#8221; _builder_version=&#8221;4.27.2&#8243; _module_preset=&#8221;default&#8221; global_colors_info=&#8221;{}&#8221;][\/et_pb_image][\/et_pb_column][et_pb_column type=&#8221;1_3&#8243; _builder_version=&#8221;4.27.0&#8243; _module_preset=&#8221;default&#8221; global_colors_info=&#8221;{}&#8221;][et_pb_image src=&#8221;https:\/\/caminaktion.eu\/wp-content\/uploads\/2023\/11\/NewLogoCD.png&#8221; title_text=&#8221;NewLogoCD&#8221; align=&#8221;center&#8221; _builder_version=&#8221;4.27.3&#8243; _module_preset=&#8221;default&#8221; width=&#8221;100%&#8221; max_width=&#8221;100%&#8221; global_colors_info=&#8221;{}&#8221;][\/et_pb_image][\/et_pb_column][\/et_pb_row][et_pb_row column_structure=&#8221;1_4,1_4,1_4,1_4&#8243; _builder_version=&#8221;4.27.3&#8243; _module_preset=&#8221;default&#8221; global_colors_info=&#8221;{}&#8221;][et_pb_column type=&#8221;1_4&#8243; _builder_version=&#8221;4.27.3&#8243; _module_preset=&#8221;default&#8221; global_colors_info=&#8221;{}&#8221;][et_pb_image src=&#8221;https:\/\/caminaktion.eu\/wp-content\/uploads\/2024\/11\/logo-desl.png&#8221; alt=&#8221;logo desl&#8221; title_text=&#8221;logo desl&#8221; align=&#8221;center&#8221; _builder_version=&#8221;4.27.3&#8243; _module_preset=&#8221;default&#8221; custom_margin=&#8221;40px||||false|false&#8221; custom_margin_tablet=&#8221;40px||||false|false&#8221; custom_margin_phone=&#8221;0px||||false|false&#8221; custom_margin_last_edited=&#8221;on|phone&#8221; global_colors_info=&#8221;{}&#8221;][\/et_pb_image][\/et_pb_column][et_pb_column type=&#8221;1_4&#8243; _builder_version=&#8221;4.27.3&#8243; _module_preset=&#8221;default&#8221; global_colors_info=&#8221;{}&#8221;][et_pb_image src=&#8221;https:\/\/caminaktion.eu\/wp-content\/uploads\/2024\/12\/agsmr.jpeg&#8221; alt=&#8221;agsmr&#8221; title_text=&#8221;agsmr&#8221; align=&#8221;center&#8221; _builder_version=&#8221;4.27.3&#8243; _module_preset=&#8221;default&#8221; custom_margin=&#8221;50px||||false|false&#8221; global_colors_info=&#8221;{}&#8221;][\/et_pb_image][\/et_pb_column][et_pb_column type=&#8221;1_4&#8243; _builder_version=&#8221;4.27.3&#8243; _module_preset=&#8221;default&#8221; global_colors_info=&#8221;{}&#8221;][et_pb_image src=&#8221;https:\/\/caminaktion.eu\/wp-content\/uploads\/2024\/11\/cyclable.png&#8221; alt=&#8221;cyclable&#8221; title_text=&#8221;cyclable&#8221; align=&#8221;center&#8221; _builder_version=&#8221;4.27.3&#8243; _module_preset=&#8221;default&#8221; max_width=&#8221;100%&#8221; max_height=&#8221;100px&#8221; custom_margin=&#8221;30px||||false|false&#8221; custom_margin_tablet=&#8221;&#8221; custom_margin_phone=&#8221;0px||||false|false&#8221; custom_margin_last_edited=&#8221;on|phone&#8221; global_colors_info=&#8221;{}&#8221;][\/et_pb_image][\/et_pb_column][et_pb_column type=&#8221;1_4&#8243; _builder_version=&#8221;4.27.3&#8243; _module_preset=&#8221;default&#8221; global_colors_info=&#8221;{}&#8221;][et_pb_image src=&#8221;https:\/\/caminaktion.eu\/wp-content\/uploads\/2024\/11\/hotel-du-palais.jpg&#8221; alt=&#8221;h\u00f4tel du palais&#8221; title_text=&#8221;h\u00f4tel du palais&#8221; align=&#8221;center&#8221; _builder_version=&#8221;4.27.3&#8243; _module_preset=&#8221;default&#8221; width=&#8221;100%&#8221; max_width=&#8221;100%&#8221; max_height=&#8221;139px&#8221; global_colors_info=&#8221;{}&#8221;][\/et_pb_image][\/et_pb_column][\/et_pb_row][\/et_pb_section]<\/p>\n","protected":false},"excerpt":{"rendered":"<p>La billetterie et r\u00e9servations du festival HYPE OCC 2024 \u00e0 Montpellier<\/p>\n","protected":false},"author":1,"featured_media":43634,"parent":0,"menu_order":0,"comment_status":"closed","ping_status":"closed","template":"","meta":{"_seopress_robots_primary_cat":"","_seopress_titles_title":"HYPE OCC Billetterie","_seopress_titles_desc":"Billetterie des diff\u00e9rents spectacles et ateliers propos\u00e9s pour le festival HYPE OCC 2024 \u00e0 Montpellier. R\u00e9servez votre place d\u00e8s maintenant !","_seopress_robots_index":"","_et_pb_use_builder":"on","_et_pb_old_content":"","_et_gb_content_width":"","footnotes":""},"class_list":["post-45513","page","type-page","status-publish","has-post-thumbnail","hentry"],"_links":{"self":[{"href":"https:\/\/caminaktion.eu\/en\/wp-json\/wp\/v2\/pages\/45513","targetHints":{"allow":["GET"]}}],"collection":[{"href":"https:\/\/caminaktion.eu\/en\/wp-json\/wp\/v2\/pages"}],"about":[{"href":"https:\/\/caminaktion.eu\/en\/wp-json\/wp\/v2\/types\/page"}],"author":[{"embeddable":true,"href":"https:\/\/caminaktion.eu\/en\/wp-json\/wp\/v2\/users\/1"}],"replies":[{"embeddable":true,"href":"https:\/\/caminaktion.eu\/en\/wp-json\/wp\/v2\/comments?post=45513"}],"version-history":[{"count":4,"href":"https:\/\/caminaktion.eu\/en\/wp-json\/wp\/v2\/pages\/45513\/revisions"}],"predecessor-version":[{"id":45569,"href":"https:\/\/caminaktion.eu\/en\/wp-json\/wp\/v2\/pages\/45513\/revisions\/45569"}],"wp:featuredmedia":[{"embeddable":true,"href":"https:\/\/caminaktion.eu\/en\/wp-json\/wp\/v2\/media\/43634"}],"wp:attachment":[{"href":"https:\/\/caminaktion.eu\/en\/wp-json\/wp\/v2\/media?parent=45513"}],"curies":[{"name":"wp","href":"https:\/\/api.w.org\/{rel}","templated":true}]}}