{"id":44614,"date":"2024-11-09T12:31:46","date_gmt":"2024-11-09T11:31:46","guid":{"rendered":"https:\/\/caminaktion.eu\/hypeocc-rencontre\/"},"modified":"2024-11-22T22:58:04","modified_gmt":"2024-11-22T21:58:04","slug":"hypeocc-encounter","status":"publish","type":"page","link":"https:\/\/caminaktion.eu\/en\/hypeocc-encounter\/","title":{"rendered":"HYPE OCC Professional encounter"},"content":{"rendered":"<p>[et_pb_section fb_built=&#8221;1&#8243; custom_padding_last_edited=&#8221;on|phone&#8221; _builder_version=&#8221;4.27.2&#8243; _module_preset=&#8221;default&#8221; background_image=&#8221;https:\/\/caminaktion.eu\/wp-content\/uploads\/2024\/11\/HYPE-OCC-blaster-seul.jpg&#8221; parallax=&#8221;on&#8221; max_width=&#8221;100%&#8221; module_alignment=&#8221;center&#8221; height=&#8221;1000px&#8221; max_height=&#8221;119px&#8221; max_height_tablet=&#8221;172px&#8221; max_height_phone=&#8221;119px&#8221; max_height_last_edited=&#8221;on|tablet&#8221; custom_padding=&#8221;0px||||false|false&#8221; custom_padding_tablet=&#8221;0px||||false|false&#8221; custom_padding_phone=&#8221;0px||||false|false&#8221; module_alignment_tablet=&#8221;center&#8221; module_alignment_phone=&#8221;left&#8221; module_alignment_last_edited=&#8221;on|desktop&#8221; global_colors_info=&#8221;{}&#8221;][et_pb_row column_structure=&#8221;2_5,3_5&#8243; _builder_version=&#8221;4.27.2&#8243; _module_preset=&#8221;default&#8221; global_colors_info=&#8221;{}&#8221;][et_pb_column type=&#8221;2_5&#8243; _builder_version=&#8221;4.27.2&#8243; _module_preset=&#8221;default&#8221; global_colors_info=&#8221;{}&#8221;][et_pb_image src=&#8221;https:\/\/caminaktion.eu\/wp-content\/uploads\/2024\/11\/HYPE-OCC-blanc.png&#8221; title_text=&#8221;HYPE OCC blanc&#8221; _builder_version=&#8221;4.27.2&#8243; _module_preset=&#8221;default&#8221; global_colors_info=&#8221;{}&#8221;][\/et_pb_image][\/et_pb_column][et_pb_column type=&#8221;3_5&#8243; _builder_version=&#8221;4.27.2&#8243; _module_preset=&#8221;default&#8221; global_colors_info=&#8221;{}&#8221;][\/et_pb_column][\/et_pb_row][\/et_pb_section][et_pb_section fb_built=&#8221;1&#8243; specialty=&#8221;on&#8221; _builder_version=&#8221;4.27.2&#8243; _module_preset=&#8221;default&#8221; background_enable_image=&#8221;off&#8221; custom_margin=&#8221;0px||||false|false&#8221; global_colors_info=&#8221;{}&#8221;][et_pb_column type=&#8221;3_4&#8243; specialty_columns=&#8221;3&#8243; _builder_version=&#8221;4.16&#8243; custom_padding=&#8221;|||&#8221; global_colors_info=&#8221;{}&#8221; custom_padding__hover=&#8221;|||&#8221;][et_pb_row_inner _builder_version=&#8221;4.27.2&#8243; _module_preset=&#8221;default&#8221; global_colors_info=&#8221;{}&#8221;][et_pb_column_inner saved_specialty_column_type=&#8221;3_4&#8243; _builder_version=&#8221;4.27.2&#8243; _module_preset=&#8221;default&#8221; global_colors_info=&#8221;{}&#8221;][et_pb_text _builder_version=&#8221;4.27.3&#8243; _module_preset=&#8221;default&#8221; background_enable_image=&#8221;off&#8221; global_colors_info=&#8221;{}&#8221;]<\/p>\n<p><span style=\"font-size: medium;\">Discussion panel<\/span><\/p>\n<p>[\/et_pb_text][\/et_pb_column_inner][\/et_pb_row_inner][et_pb_row_inner _builder_version=&#8221;4.27.2&#8243; _module_preset=&#8221;default&#8221; custom_margin=&#8221;-50px||||false|false&#8221; custom_margin_tablet=&#8221;-50px||||false|false&#8221; custom_margin_phone=&#8221;-50px||||false|false&#8221; custom_margin_last_edited=&#8221;on|phone&#8221; global_colors_info=&#8221;{}&#8221;][et_pb_column_inner saved_specialty_column_type=&#8221;3_4&#8243; _builder_version=&#8221;4.27.2&#8243; _module_preset=&#8221;default&#8221; global_colors_info=&#8221;{}&#8221;][et_pb_text _builder_version=&#8221;4.27.3&#8243; _module_preset=&#8221;default&#8221; global_colors_info=&#8221;{}&#8221;]<\/p>\n<h3><strong>Cultural action as a tool for social cohesion<\/strong><\/h3>\n<p>[\/et_pb_text][et_pb_text _builder_version=&#8221;4.27.2&#8243; _module_preset=&#8221;default&#8221; custom_margin=&#8221;-30px||||false|false&#8221; global_colors_info=&#8221;{}&#8221;]<\/p>\n<p><strong>Professional encounter with Dieyn\u00e9bou Fofana-Ballester, Senior Lecturer in Education Sciences<\/strong><\/p>\n<p>[\/et_pb_text][et_pb_image src=&#8221;https:\/\/caminaktion.eu\/wp-content\/uploads\/2024\/11\/2A29985E-8B17-4BD7-B053-74145864D90A_1_105_c-radialjpg.jpg&#8221; title_text=&#8221;2A29985E-8B17-4BD7-B053-74145864D90A_1_105_c radialjpg&#8221; show_in_lightbox=&#8221;on&#8221; _builder_version=&#8221;4.27.3&#8243; _module_preset=&#8221;default&#8221; global_colors_info=&#8221;{}&#8221;][\/et_pb_image][et_pb_text content_tablet=&#8221;<\/p>\n<p style=%22font-weight: 600;%22>In a context marked by growing social divides and challenges of inclusion, and as public policies undergo shifts or even dismantling, we are launching a series of discussion panels aimed at current and future professionals in cultural action and the social sector. This cycle will serve as a collaborative reflection space on the role of cultural action in combating inequalities and exclusion.<\/p>\n<p style=%22font-weight: 400;%22><span><\/span>For this inaugural event in collaboration with Dieyn\u00e9bou Fofana-Ballester and part of the HYPE OCC festival, we invite an exchange among field professionals, artists, and researchers, promoting a cross-sectional sharing of experiences and perspectives. This session provides time and space to discuss the concepts and actions implemented in our communities, highlighting obstacles, opportunities, and challenges encountered or anticipated.<\/p>\n<p style=%22font-weight: 400;%22>Each session in this series will address a key theme, taking into account current political dynamics and social realities: How can culture create spaces for solidarity? In what ways is cultural mediation a driver of social cohesion? How can social inclusion goals align with those of cultural diversity and active citizenship? How might community projects respond to territorial equity issues (with a perspective on projects from other regions and countries)?<\/p>\n<p style=%22font-weight: 400;%22>This event also aims to showcase innovative and inspiring local initiatives that respond to on-the-ground challenges and highlight the role of cultural action in building a cohesive society.<\/p>\n<p style=%22font-weight: 400;%22>Open to all professionals engaged or interested in this topic, these sessions are intended to spark practical ideas for collaboration, strengthen synergies between culture and social action, and co-create inclusive and civic projects.<\/p>\n<p style=%22font-weight: 400;%22>Join us on December 6 from 3 to 5 PM at Halle Tropisme (meeting room A) for this introductory meeting as part of the HYPE OCC festival, which actively works toward inclusivity for all, especially those often distanced from cultural offerings.<\/p>\n<p style=%22font-weight: 400;%22><strong>This encounter is held in French (sorry! The next encounter, of an international dimension, will be bilingual English\/French). When registering, please indicate if you need French sign language interpretation or specific accessibility accommodations.<\/strong><\/p>\n<p style=%22font-weight: 400;%22>To stay updated on future sessions, <a href=%22mailto:contact@caminaktion.eu%22>please share your contact information.<\/a><\/p>\n<p style=%22font-weight: 400;%22>\n<p style=%22font-weight: 400;%22><a href=%22applewebdata:\/\/28862931-97E1-4AC5-8534-D48CCF992946#_ftnref1%22 name=%22_ftn1%22><span>%911%93<\/span><\/a> <span style=%22font-size: small;%22><span>Dieyn\u00e9bou Fofana-Ballester is a researcher and Senior Lecturer in Education Sciences, focusing on the relationship between cultural action and its agents, territorial dynamics, and institutions.<\/span><\/span><\/p>\n<p>&#8221; content_phone=&#8221;<\/p>\n<p style=%22font-weight: 600;%22><span style=%22font-size: medium;%22>In a context marked by growing social divides and challenges of inclusion, and as public policies undergo shifts or even dismantling, we are launching a series of discussion panels aimed at current and future professionals in cultural action and the social sector. This cycle will serve as a collaborative reflection space on the role of cultural action in combating inequalities and exclusion.<\/span><\/p>\n<p style=%22font-weight: 400;%22><span><\/span><span style=%22font-size: medium;%22>For this inaugural event in collaboration with Dieyn\u00e9bou Fofana-Ballester and part of the HYPE OCC festival, we invite an exchange among field professionals, artists, and researchers, promoting a cross-sectional sharing of experiences and perspectives. This session provides time and space to discuss the concepts and actions implemented in our communities, highlighting obstacles, opportunities, and challenges encountered or anticipated.<\/span><\/p>\n<p style=%22font-weight: 400;%22><span style=%22font-size: medium;%22>Each session in this series will address a key theme, taking into account current political dynamics and social realities: How can culture create spaces for solidarity? In what ways is cultural mediation a driver of social cohesion? How can social inclusion goals align with those of cultural diversity and active citizenship? How might community projects respond to territorial equity issues (with a perspective on projects from other regions and countries)?<\/span><\/p>\n<p style=%22font-weight: 400;%22><span style=%22font-size: medium;%22>This event also aims to showcase innovative and inspiring local initiatives that respond to on-the-ground challenges and highlight the role of cultural action in building a cohesive society.<\/span><\/p>\n<p style=%22font-weight: 400;%22><span style=%22font-size: medium;%22>Open to all professionals engaged or interested in this topic, these sessions are intended to spark practical ideas for collaboration, strengthen synergies between culture and social action, and co-create inclusive and civic projects.<\/span><\/p>\n<p style=%22font-weight: 600;%22><span style=%22font-size: medium;%22>Join us on December 6 from 3 to 5 PM at Halle Tropisme (meeting room A) for this introductory meeting as part of the HYPE OCC festival, which actively works toward inclusivity for all, especially those often distanced from cultural offerings.<\/span><\/p>\n<p style=%22font-weight: 400;%22><span style=%22font-size: medium;%22>This encounter is held in French (sorry! The next encounter, with an international dimension, will be bilingual English\/French). When registering, please indicate if you need French sign language interpretation or specific accessibility accommodations.<\/span><\/p>\n<p style=%22font-weight: 400;%22><span style=%22font-size: medium;%22>To stay updated on future sessions, <a href=%22mailto:contact@caminaktion.eu%22>please share your contact information.<\/a><\/span><\/p>\n<p style=%22font-weight: 400;%22>\n<p style=%22font-weight: 400;%22><a href=%22applewebdata:\/\/28862931-97E1-4AC5-8534-D48CCF992946#_ftnref1%22 name=%22_ftn1%22><span>%911%93<\/span><\/a> <span style=%22font-size: small;%22><span>Dieyn\u00e9bou Fofana-Ballester is a researcher and Senior Lecturer in Education Sciences, focusing on the relationship between cultural action and its agents, territorial dynamics, and institutions.<\/span><\/span><\/p>\n<p>&#8221; content_last_edited=&#8221;on|phone&#8221; _builder_version=&#8221;4.27.3&#8243; _module_preset=&#8221;default&#8221; global_colors_info=&#8221;{}&#8221;]<\/p>\n<p style=\"font-weight: 600;\">In a context marked by growing social divides and challenges of inclusion, and as public policies undergo shifts or even dismantling, we are launching a series of discussion panels aimed at current and future professionals in cultural action and the social sector. This cycle will serve as a collaborative reflection space on the role of cultural action in combating inequalities and exclusion.<\/p>\n<p style=\"font-weight: 400;\"><span><\/span>For this inaugural event in collaboration with Dieyn\u00e9bou Fofana-Ballester and part of the HYPE OCC festival, we invite an exchange among field professionals, artists, and researchers, promoting a cross-sectional sharing of experiences and perspectives. This session provides time and space to discuss the concepts and actions implemented in our communities, highlighting obstacles, opportunities, and challenges encountered or anticipated.<\/p>\n<p style=\"font-weight: 400;\">Each session in this series will address a key theme, taking into account current political dynamics and social realities: How can culture create spaces for solidarity? In what ways is cultural mediation a driver of social cohesion? How can social inclusion goals align with those of cultural diversity and active citizenship? How might community projects respond to territorial equity issues (with a perspective on projects from other regions and countries)?<\/p>\n<p style=\"font-weight: 400;\">This event also aims to showcase innovative and inspiring local initiatives that respond to on-the-ground challenges and highlight the role of cultural action in building a cohesive society.<\/p>\n<p style=\"font-weight: 400;\">Open to all professionals engaged or interested in this topic, these sessions are intended to spark practical ideas for collaboration, strengthen synergies between culture and social action, and co-create inclusive and civic projects.<\/p>\n<p style=\"font-weight: 600;\">Join us on December 6 from 3 to 5 PM at Halle Tropisme (meeting room A) for this introductory meeting as part of the HYPE OCC festival, which actively works toward inclusivity for all, especially those often distanced from cultural offerings.<\/p>\n<p style=\"font-weight: 600;\">This encounter is held in French (sorry! The next encounter, of an international dimension, will be bilingual English\/French). When registering, please indicate if you need French sign language interpretation or specific accessibility accommodations.<\/p>\n<p style=\"font-weight: 400;\">To stay updated on future sessions, <a href=\"mailto:contact@caminaktion.eu\">please share your contact information.<\/a><\/p>\n<p style=\"font-weight: 400;\"><a href=\"applewebdata:\/\/28862931-97E1-4AC5-8534-D48CCF992946#_ftnref1\" name=\"_ftn1\"><span>[1]<\/span><\/a> <span style=\"font-size: small;\"><span>Dieyn\u00e9bou Fofana-Ballester is a researcher and Senior Lecturer in Education Sciences, focusing on the relationship between cultural action and its agents, territorial dynamics, and institutions.<\/span><\/span><\/p>\n<p>[\/et_pb_text][et_pb_text content_tablet=&#8221;<\/p>\n<p><span style=%22font-size: medium;%22>Ce cycle de rencontres est propos\u00e9 par <a href=%22https:\/\/caminaktion.eu\/%22>camin aktion, bureau de production | agence cr\u00e9ative \u00e0 plus-value solidaire<\/a> \u00e0 Montpellier. Les valeurs de la coh\u00e9sion sociale et de la d\u00e9mocratie culturelle traversent tous les champs de travail de cette structure associative, avec des actions fortes tel que le <a href=%22https:\/\/caminaktion.eu\/jesuis-programme%22>programme socioculturel #JeSuis <\/a>port\u00e9 et financ\u00e9 par camin aktion, ou encore le <a href=%22https:\/\/caminaktion.eu\/hypeocc%22>festival HYPE OCC<\/a>, r\u00e9pondant \u00e0 une carence de l\u2019offre culturelle et artistique en Occitanie.<\/span><\/p>\n<p>&#8221; content_phone=&#8221;<\/p>\n<p><span style=%22font-size: medium;%22>Ce cycle de rencontres est propos\u00e9 par <a href=%22https:\/\/caminaktion.eu\/%22>camin aktion, bureau de production | agence cr\u00e9ative \u00e0 plus-value solidaire<\/a> \u00e0 Montpellier. Les valeurs de la coh\u00e9sion sociale et de la d\u00e9mocratie culturelle traversent tous les champs de travail de cette structure associative, avec des actions fortes tel que le <a href=%22https:\/\/caminaktion.eu\/jesuis-programme%22>programme socioculturel #JeSuis <\/a>port\u00e9 et financ\u00e9 par camin aktion, ou encore le <a href=%22https:\/\/caminaktion.eu\/hypeocc%22>festival HYPE OCC<\/a>, r\u00e9pondant \u00e0 une carence de l\u2019offre culturelle et artistique en Occitanie.<\/span><\/p>\n<p>&#8221; content_last_edited=&#8221;on|phone&#8221; _builder_version=&#8221;4.27.2&#8243; _module_preset=&#8221;default&#8221; background_color=&#8221;#FF9F85&#8243; custom_padding=&#8221;10px|10px|10px|10px|false|false&#8221; border_width_all=&#8221;1px&#8221; border_color_all=&#8221;#032B35&#8243; global_colors_info=&#8221;{}&#8221;]<\/p>\n<p><span style=\"font-size: medium;\">This discussion series is presented by <a href=\"https:\/\/caminaktion.eu\/en\/\">camin aktion, a production office and creative agency with a social solidarity focus<\/a>, based in Montpellier. The organization\u2019s work is rooted in values of social cohesion and cultural democracy, with significant initiatives like the <a href=\"https:\/\/caminaktion.eu\/en\/jesuis-program\">sociocultural program #JeSuis<\/a>, funded and operated by camin aktion, and the <a href=\"https:\/\/caminaktion.eu\/en\/hypeocc\">HYPE OCC festival<\/a>, addressing gaps in cultural and artistic offerings in the Occitanie region.<\/span><\/p>\n<p>[\/et_pb_text][\/et_pb_column_inner][\/et_pb_row_inner][\/et_pb_column][et_pb_column type=&#8221;1_4&#8243; _builder_version=&#8221;4.16&#8243; custom_padding=&#8221;|||&#8221; global_colors_info=&#8221;{}&#8221; custom_padding__hover=&#8221;|||&#8221;][et_pb_text _builder_version=&#8221;4.27.3&#8243; _module_preset=&#8221;default&#8221; custom_margin=&#8221;200px||||false|false&#8221; custom_margin_tablet=&#8221;0px||||false|false&#8221; custom_margin_phone=&#8221;0px||||false|false&#8221; custom_margin_last_edited=&#8221;on|desktop&#8221; global_colors_info=&#8221;{}&#8221;]<\/p>\n<p><span style=\"font-size: medium;\"><strong>Friday, December 6, 2024<\/strong><\/span><\/p>\n<p><span style=\"font-size: medium;\"><strong>3 PM &#8211; 5 PM<\/strong><\/span><\/p>\n<p><span style=\"font-size: medium;\"><strong>Halle Tropisme &#8211; salle A<\/strong><\/span><\/p>\n<p>[\/et_pb_text][et_pb_button button_url=&#8221;https:\/\/caminaktion.eu\/en\/events\/hypeocc-cohesion\/&#8221; url_new_window=&#8221;on&#8221; button_text=&#8221;REGISTRATION&#8221; button_alignment=&#8221;center&#8221; _builder_version=&#8221;4.27.3&#8243; custom_button=&#8221;on&#8221; button_text_size=&#8221;20px&#8221; button_text_color=&#8221;#ffffff&#8221; button_bg_color=&#8221;#FF1D25&#8243; button_border_radius=&#8221;0px&#8221; button_font=&#8221;Raleway|700|||||||&#8221; button_use_icon=&#8221;off&#8221; hover_enabled=&#8221;0&#8243; button_text_color_hover=&#8221;#ffffff&#8221; button_bg_color_hover=&#8221;#00B1B3&#8243; saved_tabs=&#8221;all&#8221; global_colors_info=&#8221;{}&#8221; button_text_size__hover_enabled=&#8221;off&#8221; button_one_text_size__hover_enabled=&#8221;off&#8221; button_two_text_size__hover_enabled=&#8221;off&#8221; button_text_color__hover_enabled=&#8221;on&#8221; button_text_color__hover=&#8221;#ffffff&#8221; button_one_text_color__hover_enabled=&#8221;off&#8221; button_two_text_color__hover_enabled=&#8221;off&#8221; button_border_width__hover_enabled=&#8221;off&#8221; button_one_border_width__hover_enabled=&#8221;off&#8221; button_two_border_width__hover_enabled=&#8221;off&#8221; button_border_color__hover_enabled=&#8221;off&#8221; button_one_border_color__hover_enabled=&#8221;off&#8221; button_two_border_color__hover_enabled=&#8221;off&#8221; button_border_radius__hover_enabled=&#8221;off&#8221; button_one_border_radius__hover_enabled=&#8221;off&#8221; button_two_border_radius__hover_enabled=&#8221;off&#8221; button_letter_spacing__hover_enabled=&#8221;off&#8221; button_one_letter_spacing__hover_enabled=&#8221;off&#8221; button_two_letter_spacing__hover_enabled=&#8221;off&#8221; button_bg_color__hover_enabled=&#8221;on|hover&#8221; button_bg_color__hover=&#8221;#FF1D25&#8243; button_one_bg_color__hover_enabled=&#8221;off&#8221; button_two_bg_color__hover_enabled=&#8221;off&#8221; button_bg_enable_color__hover=&#8221;on&#8221; sticky_enabled=&#8221;0&#8243;][\/et_pb_button][et_pb_image src=&#8221;https:\/\/caminaktion.eu\/wp-content\/uploads\/2024\/11\/PMR-dynamique-noir.png&#8221; title_text=&#8221;PMR dynamique noir&#8221; _builder_version=&#8221;4.27.2&#8243; _module_preset=&#8221;default&#8221; max_width=&#8221;16%&#8221; global_colors_info=&#8221;{}&#8221;][\/et_pb_image][et_pb_text _builder_version=&#8221;4.27.2&#8243; _module_preset=&#8221;default&#8221; background_color=&#8221;#FF9F85&#8243; custom_padding=&#8221;5px|5px|5px|5px|false|false&#8221; border_width_all=&#8221;1px&#8221; border_color_all=&#8221;#FF1D25&#8243; global_colors_info=&#8221;{}&#8221;]<\/p>\n<p><span style=\"color: #0a0a0a;\"><strong><span style=\"font-size: medium;\">Related program<\/span><\/strong><\/span><\/p>\n<p><span style=\"color: #0a0a0a; font-size: medium; caret-color: #0a0a0a;\">Interactive dance conference <em>Dances and struggles <\/em>by<\/span><span style=\"color: #0a0a0a; font-size: medium;\"> Dans6T. Sunday December 8 at 2:30 PM (Halle Tropisme), followed by a jam and a showcase by the junior <span style=\"caret-color: #0a0a0a;\">company from the<\/span> #JeSuis program.<\/span><\/p>\n<p><span style=\"color: #0a0a0a; font-size: medium;\"><\/span><\/p>\n<p>[\/et_pb_text][et_pb_text content_tablet=&#8221;<\/p>\n<p><span style=%22font-size: x-small;%22>Photo \u00a9 Dirk Korell<\/span><\/p>\n<p>&#8221; content_phone=&#8221;<\/p>\n<p><span style=%22font-size: x-small;%22>Photo \u00a9 Dirk Korell<\/span><\/p>\n<p>&#8221; content_last_edited=&#8221;on|phone&#8221; _builder_version=&#8221;4.27.3&#8243; _module_preset=&#8221;default&#8221; custom_margin=&#8221;100px||||false|false&#8221; global_colors_info=&#8221;{}&#8221;]<\/p>\n<p><span style=\"font-size: x-small;\">Photo \u00a9 Dirk Korell<\/span><\/p>\n<p>[\/et_pb_text][\/et_pb_column][\/et_pb_section][et_pb_section fb_built=&#8221;1&#8243; fullwidth=&#8221;on&#8221; _builder_version=&#8221;4.27.2&#8243; _module_preset=&#8221;default&#8221; global_colors_info=&#8221;{}&#8221;][\/et_pb_section]<\/p>\n","protected":false},"excerpt":{"rendered":"<p>Discussion panelCultural action as a tool for social cohesionProfessional encounter with Dieyn\u00e9bou Fofana-Ballester, Senior Lecturer in Education SciencesIn a context marked by growing social divides and challenges of inclusion, and as public policies undergo shifts or even dismantling, we are launching a series of discussion panels aimed at current and future professionals in cultural action [&hellip;]<\/p>\n","protected":false},"author":1,"featured_media":43654,"parent":0,"menu_order":0,"comment_status":"closed","ping_status":"closed","template":"","meta":{"_seopress_robots_primary_cat":"","_seopress_titles_title":"","_seopress_titles_desc":"","_seopress_robots_index":"","_et_pb_use_builder":"on","_et_pb_old_content":"","_et_gb_content_width":"","footnotes":""},"class_list":["post-44614","page","type-page","status-publish","has-post-thumbnail","hentry"],"_links":{"self":[{"href":"https:\/\/caminaktion.eu\/en\/wp-json\/wp\/v2\/pages\/44614","targetHints":{"allow":["GET"]}}],"collection":[{"href":"https:\/\/caminaktion.eu\/en\/wp-json\/wp\/v2\/pages"}],"about":[{"href":"https:\/\/caminaktion.eu\/en\/wp-json\/wp\/v2\/types\/page"}],"author":[{"embeddable":true,"href":"https:\/\/caminaktion.eu\/en\/wp-json\/wp\/v2\/users\/1"}],"replies":[{"embeddable":true,"href":"https:\/\/caminaktion.eu\/en\/wp-json\/wp\/v2\/comments?post=44614"}],"version-history":[{"count":16,"href":"https:\/\/caminaktion.eu\/en\/wp-json\/wp\/v2\/pages\/44614\/revisions"}],"predecessor-version":[{"id":45561,"href":"https:\/\/caminaktion.eu\/en\/wp-json\/wp\/v2\/pages\/44614\/revisions\/45561"}],"wp:featuredmedia":[{"embeddable":true,"href":"https:\/\/caminaktion.eu\/en\/wp-json\/wp\/v2\/media\/43654"}],"wp:attachment":[{"href":"https:\/\/caminaktion.eu\/en\/wp-json\/wp\/v2\/media?parent=44614"}],"curies":[{"name":"wp","href":"https:\/\/api.w.org\/{rel}","templated":true}]}}