{"id":41349,"date":"2023-10-01T16:44:23","date_gmt":"2023-10-01T14:44:23","guid":{"rendered":"https:\/\/caminaktion.eu\/soubwere\/"},"modified":"2025-08-20T15:12:11","modified_gmt":"2025-08-20T13:12:11","slug":"soubwere","status":"publish","type":"page","link":"https:\/\/caminaktion.eu\/en\/soubwere\/","title":{"rendered":"Siaka Coulibaly | Soubw\u00e9r\u00e9"},"content":{"rendered":"<p>[et_pb_section fb_built=&#8221;1&#8243; _builder_version=&#8221;4.16&#8243; global_colors_info=&#8221;{}&#8221;][et_pb_row module_class=&#8221; et_pb_row_fullwidth&#8221; _builder_version=&#8221;4.16&#8243; background_size=&#8221;initial&#8221; background_position=&#8221;top_left&#8221; background_repeat=&#8221;repeat&#8221; width=&#8221;89%&#8221; width_tablet=&#8221;80%&#8221; width_phone=&#8221;&#8221; width_last_edited=&#8221;on|desktop&#8221; max_width=&#8221;89%&#8221; max_width_tablet=&#8221;80%&#8221; max_width_phone=&#8221;&#8221; max_width_last_edited=&#8221;on|desktop&#8221; make_fullwidth=&#8221;on&#8221; global_colors_info=&#8221;{}&#8221;][et_pb_column type=&#8221;4_4&#8243; _builder_version=&#8221;4.16&#8243; custom_padding=&#8221;|||&#8221; global_colors_info=&#8221;{}&#8221; custom_padding__hover=&#8221;|||&#8221;][et_pb_text _builder_version=&#8221;4.16&#8243; global_colors_info=&#8221;{}&#8221;]<\/p>\n<h1><strong>Siaka Coulibaly | <em>Soubw\u00e9r\u00e9<\/em><\/strong><\/h1>\n<h2>A site-specific performance<\/h2>\n<p>[\/et_pb_text][\/et_pb_column][\/et_pb_row][et_pb_row column_structure=&#8221;3_5,2_5&#8243; module_class=&#8221; et_pb_row_fullwidth&#8221; _builder_version=&#8221;4.16&#8243; width=&#8221;89%&#8221; width_tablet=&#8221;80%&#8221; width_phone=&#8221;&#8221; width_last_edited=&#8221;on|desktop&#8221; max_width=&#8221;89%&#8221; max_width_tablet=&#8221;80%&#8221; max_width_phone=&#8221;&#8221; max_width_last_edited=&#8221;on|desktop&#8221; custom_padding=&#8221;||0px|||&#8221; make_fullwidth=&#8221;on&#8221; global_colors_info=&#8221;{}&#8221;][et_pb_column type=&#8221;3_5&#8243; _builder_version=&#8221;4.16&#8243; custom_padding=&#8221;|||&#8221; global_colors_info=&#8221;{}&#8221; custom_padding__hover=&#8221;|||&#8221;][et_pb_image src=&#8221;https:\/\/caminaktion.eu\/wp-content\/uploads\/2025\/06\/img_3461-scaled.jpg&#8221; title_text=&#8221;IMG_3461&#8243; _builder_version=&#8221;4.27.4&#8243; _module_preset=&#8221;default&#8221; global_colors_info=&#8221;{}&#8221;][\/et_pb_image][\/et_pb_column][et_pb_column type=&#8221;2_5&#8243; _builder_version=&#8221;4.16&#8243; custom_padding=&#8221;|||&#8221; global_colors_info=&#8221;{}&#8221; custom_padding__hover=&#8221;|||&#8221;][et_pb_text _builder_version=&#8221;4.22.2&#8243; custom_margin=&#8221;150px||||false|false&#8221; custom_padding=&#8221;||0px|||&#8221; global_colors_info=&#8221;{}&#8221;]<\/p>\n<h3 style=\"text-align: left;\"><\/h3>\n<h3 style=\"text-align: left;\"><\/h3>\n<h3 style=\"text-align: left;\"><\/h3>\n<h3 style=\"text-align: left;\"><\/h3>\n<h3 style=\"text-align: left;\"><\/h3>\n<h3 style=\"text-align: left;\"><\/h3>\n<h3 style=\"text-align: left;\"><\/h3>\n<h3 style=\"text-align: left;\"><\/h3>\n<h3 style=\"text-align: left;\"><\/h3>\n<h3 style=\"text-align: left;\"><\/h3>\n<h2 style=\"text-align: left;\">performance solo, dance<\/h2>\n<p style=\"text-align: left;\"><span style=\"font-size: 20px; font-family: inherit; font-weight: normal;\">Duration: approx. 40 minutes<\/span><\/p>\n<p style=\"text-align: left;\"><span style=\"color: #00b1b3; font-family: inherit;\">Suitable to all audiences. Site-specific, open air. <\/span><\/p>\n<p style=\"text-align: left;\"><span style=\"color: #00b1b3; font-family: inherit;\">Connected artistic and cultural education activities<\/span><span style=\"color: #00b1b3; font-family: inherit;\"><\/span><\/p>\n<p style=\"text-align: left;\"><span style=\"color: #00b1b3; font-family: inherit;\"><\/span><\/p>\n<p>[\/et_pb_text][\/et_pb_column][\/et_pb_row][et_pb_row column_structure=&#8221;1_3,1_3,1_3&#8243; _builder_version=&#8221;4.16&#8243; _module_preset=&#8221;default&#8221; width=&#8221;100%&#8221; max_width=&#8221;1563px&#8221; module_alignment=&#8221;center&#8221; global_colors_info=&#8221;{}&#8221;][et_pb_column type=&#8221;1_3&#8243; _builder_version=&#8221;4.16&#8243; _module_preset=&#8221;default&#8221; global_colors_info=&#8221;{}&#8221;][et_pb_text _builder_version=&#8221;4.22.2&#8243; _module_preset=&#8221;default&#8221; global_colors_info=&#8221;{}&#8221;]<\/p>\n<p>Siaka Coulibaly, dancer-choreographer, is originally from Burkina Faso. He lives in Montpellier.<\/p>\n<p>For Siaka, everything has always been dance: working in the fields with his parents and the movement, the rhythm of the work of the earth; the ceremonies.<\/p>\n<p>Conceiving dance as a profession was simply inconceivable in his rural environment. Thus, he was first trained as a mason, in the traditional Nubian vaulting technique.<\/p>\n<p>Also here, for him, movement is not just something trivial: the rhythm of the feet working the earth to make the bricks is musical. The gestures of the hands erecting the walls, then the magic of the vault, are the fruit of conscious coordination like dance, a choreography.<\/p>\n<p>[\/et_pb_text][\/et_pb_column][et_pb_column type=&#8221;1_3&#8243; _builder_version=&#8221;4.16&#8243; _module_preset=&#8221;default&#8221; global_colors_info=&#8221;{}&#8221;][et_pb_text _builder_version=&#8221;4.22.2&#8243; _module_preset=&#8221;default&#8221; global_colors_info=&#8221;{}&#8221;]<\/p>\n<p>In his solo performance <em>Soubw\u00e9r\u00e9<\/em>, Siaka Coulibaly weaves links between his experiences. In this work, he explores the notions of earth and water, of clay, deeply linked to construction, of what can shelter and separate.<\/p>\n<p>Water, a sacred element &#8211; worn on the head using a <em>soubw\u00e9r\u00e9<\/em>, a sort of fabric ring which is in itself a sacred element for women &#8211; is a source of life and a component of our organisms as well as of construction. .<\/p>\n<p>The <em>soubw\u00e9r\u00e9<\/em> represents a link, a binder just like clay, a joint, which allows mobility and movement. Essential notions for global cohesion, whether societal, emotional, environmental. Bridges and passages allowing people to escape confinement.<\/p>\n<p>[\/et_pb_text][\/et_pb_column][et_pb_column type=&#8221;1_3&#8243; _builder_version=&#8221;4.16&#8243; _module_preset=&#8221;default&#8221; global_colors_info=&#8221;{}&#8221;][et_pb_text _builder_version=&#8221;4.22.2&#8243; _module_preset=&#8221;default&#8221; global_colors_info=&#8221;{}&#8221;]<\/p>\n<p>This solo is also an outlet for the choreographer.<\/p>\n<p>Through this performance, he conveys his personal narrative, his journey of self-transformation while retaining a connection to his earthly origins<\/p>\n<p><span>He brings forth poignant moments, scars etched into his body and soul, instances of uncertainty and obscurity where he felt ensnared by his troubles and fears. <\/span><\/p>\n<p><span>His dance serves as an escape, a means of transcending paralysis; it symbolizes a metamorphosis, a rebuilding aimed at revealing a new self, shaped by his experiences. <\/span><\/p>\n<p><span>It&#8217;s a way of articulating his past through dance in the present, a path to healing for the future.<\/span><\/p>\n<p>[\/et_pb_text][\/et_pb_column][\/et_pb_row][et_pb_row column_structure=&#8221;1_3,1_3,1_3&#8243; _builder_version=&#8221;4.16&#8243; _module_preset=&#8221;default&#8221; width=&#8221;100%&#8221; max_width=&#8221;1550px&#8221; global_colors_info=&#8221;{}&#8221;][et_pb_column type=&#8221;1_3&#8243; _builder_version=&#8221;4.16&#8243; _module_preset=&#8221;default&#8221; global_colors_info=&#8221;{}&#8221;][et_pb_image src=&#8221;https:\/\/caminaktion.eu\/wp-content\/uploads\/2025\/06\/img_3411.jpg&#8221; alt=&#8221;img 3411&#8243; title_text=&#8221;img 3411&#8243; _builder_version=&#8221;4.27.4&#8243; _module_preset=&#8221;default&#8221; global_colors_info=&#8221;{}&#8221;][\/et_pb_image][\/et_pb_column][et_pb_column type=&#8221;1_3&#8243; _builder_version=&#8221;4.22.2&#8243; _module_preset=&#8221;default&#8221; global_colors_info=&#8221;{}&#8221;][et_pb_image src=&#8221;https:\/\/caminaktion.eu\/wp-content\/uploads\/2025\/06\/img_3165.jpeg&#8221; alt=&#8221;img 3165&#8243; title_text=&#8221;img 3165&#8243; _builder_version=&#8221;4.27.4&#8243; _module_preset=&#8221;default&#8221; custom_margin=&#8221;50px||||false|false&#8221; global_colors_info=&#8221;{}&#8221;][\/et_pb_image][\/et_pb_column][et_pb_column type=&#8221;1_3&#8243; _builder_version=&#8221;4.16&#8243; _module_preset=&#8221;default&#8221; global_colors_info=&#8221;{}&#8221;][et_pb_image src=&#8221;https:\/\/caminaktion.eu\/wp-content\/uploads\/2025\/06\/img_3451.jpeg&#8221; alt=&#8221;img 3451&#8243; title_text=&#8221;img 3451&#8243; _builder_version=&#8221;4.27.4&#8243; _module_preset=&#8221;default&#8221; global_colors_info=&#8221;{}&#8221;][\/et_pb_image][\/et_pb_column][\/et_pb_row][et_pb_row column_structure=&#8221;1_2,1_2&#8243; _builder_version=&#8221;4.16&#8243; _module_preset=&#8221;default&#8221; width=&#8221;100%&#8221; max_width=&#8221;1550px&#8221; global_colors_info=&#8221;{}&#8221;][et_pb_column type=&#8221;1_2&#8243; _builder_version=&#8221;4.16&#8243; _module_preset=&#8221;default&#8221; global_colors_info=&#8221;{}&#8221;][et_pb_image src=&#8221;https:\/\/caminaktion.eu\/wp-content\/uploads\/2023\/10\/IMG_4727-1-crop.jpg&#8221; title_text=&#8221;IMG_4727 (1) crop&#8221; _builder_version=&#8221;4.22.2&#8243; _module_preset=&#8221;default&#8221; custom_margin=&#8221;50px||||false|false&#8221; global_colors_info=&#8221;{}&#8221;][\/et_pb_image][et_pb_image src=&#8221;https:\/\/caminaktion.eu\/wp-content\/uploads\/2023\/10\/IMG_4733-1-crop.jpg&#8221; title_text=&#8221;IMG_4733 (1) crop&#8221; _builder_version=&#8221;4.22.2&#8243; _module_preset=&#8221;default&#8221; global_colors_info=&#8221;{}&#8221;][\/et_pb_image][\/et_pb_column][et_pb_column type=&#8221;1_2&#8243; _builder_version=&#8221;4.22.2&#8243; _module_preset=&#8221;default&#8221; global_colors_info=&#8221;{}&#8221;][et_pb_text _builder_version=&#8221;4.22.2&#8243; _module_preset=&#8221;default&#8221; global_colors_info=&#8221;{}&#8221;]<\/p>\n<p>Siaka Coulibaly was born in Koumbia, a rural region in western Burkina Faso. Trained as a specialized mason in the construction of Nubian vaults, it was a form of emancipation for him to shift towards practicing artistic dance and making it a professional project.<\/p>\n<p>This opportunity presented itself to him in the capital, Ouagadougou. After joining the <em>Wass\u00e9l\u00e9mi<\/em> troupe led by Flati\u00e9 D\u00e9m\u00e9l\u00e9, he met Salia Sanou in 2014 and worked with Seydou Boro for the closing ceremony of the <em>Panafrican Film and Television Festival of Ouagadougou (FESPACO)<\/em> in 2016. At the 18th edition of the <em>National Culture Week<\/em> in Bobo-Dioulasso, he won the second prize in the Afro-Contemporary Dance section.<\/p>\n<p>From 2015 to 2017, he trained in Afro-Contemporary dance at the <em>Centre de D\u00e9veloppement Chor\u00e9graphique CDC la Termiti\u00e8re<\/em> in Ouagadougou under the direction of Salia Sanou and Seydou Boro. He received international dance training in Senegal (Germaine and Patrick Acogny, Ir\u00e8ne Tassemb\u00e9do, Flora Th\u00e9faine, Elsa Wolliaston, Mouhamed Balde, Alesandra Seutin), Togo (Chantal Lo\u00efal, Delphine Bachacou), and dance\/documentary filmmaking in Benin. In 2022\/23, he pursued training at Epsedanse Montpellier and has since been a part of Anne-Marie Porras&#8217;s NID company.<\/p>\n<p>In Burkina-Faso, he created solo works such as <em>L&#8217;Exile<\/em> and <em>Solo<\/em> and the duo <em>Comme nous et lui?<\/em> He co-founded the Urban Impro Dance Project company. His solo piece, <em>Soubw\u00e9r\u00e9<\/em>, represents a choreographic research approach focused on labor movements.<\/p>\n<p>As a teacher, he imparts dance to children in Burkina-Faso, including a group of visual impaired children. He teaches dance to adults in Montpellier, France, and Belgium, and regularly conducts dance transmission and awareness programs as part of camin aktion&#8217;s <strong><a href=\"https:\/\/caminaktion.eu\/en\/jesuis-program\/\">#JeSuis<\/a><\/strong> program for unaccompanied minors, asylum seekers, and refugees.<\/p>\n<p>Siaka Coulibaly is a beneficiary of the <span style=\"font-size: medium;\"><strong><a href=\"https:\/\/caminaktion.eu\/incubateur\/\">camin&#8217;cubateur<\/a><\/strong><\/span> program by camin aktion for professional support.<\/p>\n<p><span style=\"font-size: medium;\"><\/span><\/p>\n<p><span style=\"font-size: medium;\"><\/span><\/p>\n<p>[\/et_pb_text][\/et_pb_column][\/et_pb_row][et_pb_row column_structure=&#8221;1_2,1_2&#8243; module_class=&#8221; et_pb_row_fullwidth&#8221; _builder_version=&#8221;4.16&#8243; width=&#8221;89%&#8221; width_tablet=&#8221;80%&#8221; width_phone=&#8221;&#8221; width_last_edited=&#8221;on|desktop&#8221; max_width=&#8221;89%&#8221; max_width_tablet=&#8221;80%&#8221; max_width_phone=&#8221;&#8221; max_width_last_edited=&#8221;on|desktop&#8221; min_height=&#8221;565px&#8221; make_fullwidth=&#8221;on&#8221; global_colors_info=&#8221;{}&#8221;][et_pb_column type=&#8221;1_2&#8243; _builder_version=&#8221;4.16&#8243; custom_padding=&#8221;|||&#8221; global_colors_info=&#8221;{}&#8221; custom_padding__hover=&#8221;|||&#8221;][et_pb_text _builder_version=&#8221;4.16&#8243; _module_preset=&#8221;default&#8221; global_colors_info=&#8221;{}&#8221;]<\/p>\n<h3>Upcoming performance dates<\/h3>\n<p>[\/et_pb_text][et_pb_code _builder_version=&#8221;4.22.2&#8243; _module_preset=&#8221;default&#8221; global_colors_info=&#8221;{}&#8221;]<script id=\"timely_script\" class=\"timely-script\" src=\"https:\/\/events.timely.fun\/embed.js\" data-src=\"https:\/\/events.timely.fun\/0y60xwmh\/?tags=677511625\" data-max-height=\"0\" ><\/script>[\/et_pb_code][\/et_pb_column][et_pb_column type=&#8221;1_2&#8243; _builder_version=&#8221;4.16&#8243; custom_padding=&#8221;|||&#8221; global_colors_info=&#8221;{}&#8221; custom_padding__hover=&#8221;|||&#8221;][et_pb_text _builder_version=&#8221;4.22.2&#8243; text_font=&#8221;||||||||&#8221; text_font_size=&#8221;16px&#8221; text_line_height=&#8221;1.5em&#8221; global_colors_info=&#8221;{}&#8221;]<\/p>\n<p><span style=\"font-family: inherit;\"><strong>Conception &amp; performance<\/strong>\u00a0|\u00a0<\/span><span style=\"font-family: inherit;\">Siaka Coulibaly<\/span><\/p>\n<p><strong><span style=\"font-family: inherit;\">Composition<\/span><\/strong><span style=\"font-family: inherit;\"> | J\u00e9r\u00e9my Andr\u00e9<\/span><span style=\"font-family: inherit;\"><\/span><\/p>\n<p><strong>Outside eyes<\/strong> | Dirk Korell, David Gaulein-Stef<span style=\"font-family: inherit;\"><\/span><\/p>\n<p><strong>Executive production<\/strong> | camin aktion<\/p>\n<p><strong>Co-production and residency<\/strong>\u00a0<em>Impulsions<\/em> M\u00e9tropole Montpellier M\u00e9diterran\u00e9e<\/p>\n<p>Thanks to <strong>Slope<\/strong> for the support with a recording studio.<\/p>\n<p>&nbsp;<\/p>\n<p>[\/et_pb_text][\/et_pb_column][\/et_pb_row][et_pb_row module_class=&#8221; et_pb_row_fullwidth&#8221; _builder_version=&#8221;4.16&#8243; width=&#8221;89%&#8221; width_tablet=&#8221;80%&#8221; width_phone=&#8221;&#8221; width_last_edited=&#8221;on|desktop&#8221; max_width=&#8221;89%&#8221; max_width_tablet=&#8221;80%&#8221; max_width_phone=&#8221;&#8221; max_width_last_edited=&#8221;on|desktop&#8221; make_fullwidth=&#8221;on&#8221; global_colors_info=&#8221;{}&#8221;][et_pb_column type=&#8221;4_4&#8243; _builder_version=&#8221;4.16&#8243; custom_padding=&#8221;|||&#8221; global_colors_info=&#8221;{}&#8221; custom_padding__hover=&#8221;|||&#8221;][et_pb_text _builder_version=&#8221;4.22.2&#8243; text_font_size=&#8221;12px&#8221; global_colors_info=&#8221;{}&#8221;]<\/p>\n<p style=\"text-align: right;\">Photos \u00a9 Dirk Korell<\/p>\n<p>[\/et_pb_text][\/et_pb_column][\/et_pb_row][\/et_pb_section][et_pb_section fb_built=&#8221;1&#8243; fullwidth=&#8221;on&#8221; _builder_version=&#8221;4.16&#8243; global_colors_info=&#8221;{}&#8221;][\/et_pb_section]<\/p>\n","protected":false},"excerpt":{"rendered":"<p>Siaka Coulibaly | Soubw\u00e9r\u00e9 A site-specific performance performance solo, dance Duration: approx. 40 minutes Suitable to all audiences. Site-specific, open air. Connected artistic and cultural education activities Siaka Coulibaly, dancer-choreographer, is originally from Burkina Faso. He lives in Montpellier. For Siaka, everything has always been dance: working in the fields with his parents and the [&hellip;]<\/p>\n","protected":false},"author":1,"featured_media":41322,"parent":0,"menu_order":0,"comment_status":"closed","ping_status":"closed","template":"","meta":{"_seopress_robots_primary_cat":"","_seopress_titles_title":"","_seopress_titles_desc":"","_seopress_robots_index":"","_et_pb_use_builder":"on","_et_pb_old_content":"","_et_gb_content_width":"","footnotes":""},"class_list":["post-41349","page","type-page","status-publish","has-post-thumbnail","hentry"],"_links":{"self":[{"href":"https:\/\/caminaktion.eu\/en\/wp-json\/wp\/v2\/pages\/41349","targetHints":{"allow":["GET"]}}],"collection":[{"href":"https:\/\/caminaktion.eu\/en\/wp-json\/wp\/v2\/pages"}],"about":[{"href":"https:\/\/caminaktion.eu\/en\/wp-json\/wp\/v2\/types\/page"}],"author":[{"embeddable":true,"href":"https:\/\/caminaktion.eu\/en\/wp-json\/wp\/v2\/users\/1"}],"replies":[{"embeddable":true,"href":"https:\/\/caminaktion.eu\/en\/wp-json\/wp\/v2\/comments?post=41349"}],"version-history":[{"count":14,"href":"https:\/\/caminaktion.eu\/en\/wp-json\/wp\/v2\/pages\/41349\/revisions"}],"predecessor-version":[{"id":46492,"href":"https:\/\/caminaktion.eu\/en\/wp-json\/wp\/v2\/pages\/41349\/revisions\/46492"}],"wp:featuredmedia":[{"embeddable":true,"href":"https:\/\/caminaktion.eu\/en\/wp-json\/wp\/v2\/media\/41322"}],"wp:attachment":[{"href":"https:\/\/caminaktion.eu\/en\/wp-json\/wp\/v2\/media?parent=41349"}],"curies":[{"name":"wp","href":"https:\/\/api.w.org\/{rel}","templated":true}]}}