{"id":40768,"date":"2023-03-13T21:05:24","date_gmt":"2023-03-13T20:05:24","guid":{"rendered":"https:\/\/caminaktion.eu\/?page_id=40768"},"modified":"2025-10-20T22:51:05","modified_gmt":"2025-10-20T20:51:05","slug":"agenda","status":"publish","type":"page","link":"https:\/\/caminaktion.eu\/en\/agenda\/","title":{"rendered":"Agenda"},"content":{"rendered":"<p>[et_pb_section fb_built=&#8221;1&#8243; admin_label=&#8221;section&#8221; _builder_version=&#8221;4.16&#8243; background_color=&#8221;#000000&#8243; background_image=&#8221;http:\/\/wp1168365.server-he.de\/wordpress\/wp-content\/uploads\/2017\/04\/11240413_977049579006680_2137374894_n.jpg&#8221; parallax=&#8221;on&#8221; custom_padding=&#8221;90px||12px|||&#8221; global_colors_info=&#8221;{}&#8221;][\/et_pb_section][et_pb_section fb_built=&#8221;1&#8243; admin_label=&#8221;section&#8221; _builder_version=&#8221;4.16&#8243; background_color=&#8221;#000000&#8243; custom_padding=&#8221;50px|||&#8221; global_colors_info=&#8221;{}&#8221;][et_pb_row _builder_version=&#8221;4.27.4&#8243; _module_preset=&#8221;default&#8221; column_structure=&#8221;1_2,1_2&#8243; width=&#8221;100%&#8221; max_width=&#8221;2560px&#8221; hover_enabled=&#8221;0&#8243; sticky_enabled=&#8221;0&#8243;][et_pb_column _builder_version=&#8221;4.27.4&#8243; _module_preset=&#8221;default&#8221; type=&#8221;1_2&#8243;][et_pb_text _builder_version=&#8221;4.20.2&#8243; background_size=&#8221;initial&#8221; background_position=&#8221;top_left&#8221; background_repeat=&#8221;repeat&#8221; global_colors_info=&#8221;{}&#8221;]<\/p>\n<h1 style=\"text-align: center;\"><span style=\"color: #ffffff;\">tour agenda<\/span><\/h1>\n<h1><\/h1>\n<p><span style=\"color: #ffffff;\"><\/span><\/p>\n<p>[\/et_pb_text][et_pb_code _builder_version=&#8221;4.27.4&#8243; _module_preset=&#8221;default&#8221; hover_enabled=&#8221;0&#8243; sticky_enabled=&#8221;0&#8243;]<script id=\"timely_script\" class=\"timely-script\" src=\"https:\/\/events.timely.fun\/embed.js\" data-src=\"https:\/\/events.timely.fun\/0y60xwmh\/posterboard?tags=677603645\" data-max-height=\"0\" ><\/script>[\/et_pb_code][\/et_pb_column][et_pb_column _builder_version=&#8221;4.27.4&#8243; _module_preset=&#8221;default&#8221; type=&#8221;1_2&#8243;][et_pb_text _builder_version=&#8221;4.20.2&#8243; background_size=&#8221;initial&#8221; background_position=&#8221;top_left&#8221; background_repeat=&#8221;repeat&#8221; global_colors_info=&#8221;{}&#8221;]<\/p>\n<h1 style=\"text-align: center;\"><span style=\"color: #ffffff;\">agenda of our activities<\/span><\/h1>\n<p><span style=\"color: #ffffff;\"><\/span><\/p>\n<p>[\/et_pb_text][et_pb_code _builder_version=&#8221;4.27.4&#8243; _module_preset=&#8221;default&#8221; hover_enabled=&#8221;0&#8243; sticky_enabled=&#8221;0&#8243;]<script id=\"timely_script\" class=\"timely-script\" src=\"https:\/\/events.timely.fun\/embed.js\" data-src=\"https:\/\/events.timely.fun\/0y60xwmh\/posterboard?tags=677603646\" data-max-height=\"0\" ><\/script>[\/et_pb_code][\/et_pb_column][\/et_pb_row][\/et_pb_section]<\/p>\n","protected":false},"excerpt":{"rendered":"<p>tour agenda agenda of our activities<\/p>\n","protected":false},"author":1,"featured_media":0,"parent":0,"menu_order":0,"comment_status":"closed","ping_status":"closed","template":"","meta":{"_seopress_robots_primary_cat":"","_seopress_titles_title":"camin aktion : agenda &amp; actualit\u00e9","_seopress_titles_desc":"L&#039;agenda des spectacles accompagn\u00e9s par camin aktion, et un focus sur l&#039;actualit\u00e9.","_seopress_robots_index":"","_et_pb_use_builder":"on","_et_pb_old_content":"","_et_gb_content_width":"","footnotes":""},"class_list":["post-40768","page","type-page","status-publish","hentry"],"_links":{"self":[{"href":"https:\/\/caminaktion.eu\/en\/wp-json\/wp\/v2\/pages\/40768","targetHints":{"allow":["GET"]}}],"collection":[{"href":"https:\/\/caminaktion.eu\/en\/wp-json\/wp\/v2\/pages"}],"about":[{"href":"https:\/\/caminaktion.eu\/en\/wp-json\/wp\/v2\/types\/page"}],"author":[{"embeddable":true,"href":"https:\/\/caminaktion.eu\/en\/wp-json\/wp\/v2\/users\/1"}],"replies":[{"embeddable":true,"href":"https:\/\/caminaktion.eu\/en\/wp-json\/wp\/v2\/comments?post=40768"}],"version-history":[{"count":13,"href":"https:\/\/caminaktion.eu\/en\/wp-json\/wp\/v2\/pages\/40768\/revisions"}],"predecessor-version":[{"id":48333,"href":"https:\/\/caminaktion.eu\/en\/wp-json\/wp\/v2\/pages\/40768\/revisions\/48333"}],"wp:attachment":[{"href":"https:\/\/caminaktion.eu\/en\/wp-json\/wp\/v2\/media?parent=40768"}],"curies":[{"name":"wp","href":"https:\/\/api.w.org\/{rel}","templated":true}]}}