{"id":39201,"date":"2022-03-19T20:26:01","date_gmt":"2022-03-19T19:26:01","guid":{"rendered":"https:\/\/caminaktion.eu\/madoki\/"},"modified":"2024-10-19T13:02:28","modified_gmt":"2024-10-19T11:02:28","slug":"madoki","status":"publish","type":"page","link":"https:\/\/caminaktion.eu\/en\/madoki\/","title":{"rendered":"Company Madoki"},"content":{"rendered":"<p>[et_pb_section fb_built=&#8221;1&#8243; _builder_version=&#8221;4.16&#8243; global_colors_info=&#8221;{}&#8221;][et_pb_row module_class=&#8221; et_pb_row_fullwidth&#8221; _builder_version=&#8221;4.16&#8243; width=&#8221;89%&#8221; width_tablet=&#8221;80%&#8221; width_phone=&#8221;&#8221; width_last_edited=&#8221;on|desktop&#8221; max_width=&#8221;89%&#8221; max_width_tablet=&#8221;80%&#8221; max_width_phone=&#8221;&#8221; max_width_last_edited=&#8221;on|desktop&#8221; make_fullwidth=&#8221;on&#8221; global_colors_info=&#8221;{}&#8221;][et_pb_column type=&#8221;4_4&#8243; _builder_version=&#8221;4.16&#8243; custom_padding=&#8221;|||&#8221; global_colors_info=&#8221;{}&#8221; custom_padding__hover=&#8221;|||&#8221;][et_pb_text _builder_version=&#8221;4.16&#8243; global_colors_info=&#8221;{}&#8221;]<\/p>\n<div class=\"layoutArea\">\n<div class=\"column\">\n<h1 style=\"text-align: justify;\"><strong>Company Madoki<\/strong><\/h1>\n<h1 style=\"text-align: justify;\">Josepha Madoki<\/h1>\n<\/div>\n<\/div>\n<p>[\/et_pb_text][\/et_pb_column][\/et_pb_row][et_pb_row module_class=&#8221; et_pb_row_fullwidth&#8221; _builder_version=&#8221;4.16&#8243; width=&#8221;89%&#8221; width_tablet=&#8221;80%&#8221; width_phone=&#8221;&#8221; width_last_edited=&#8221;on|desktop&#8221; max_width=&#8221;89%&#8221; max_width_tablet=&#8221;80%&#8221; max_width_phone=&#8221;&#8221; max_width_last_edited=&#8221;on|desktop&#8221; make_fullwidth=&#8221;on&#8221; global_colors_info=&#8221;{}&#8221;][et_pb_column type=&#8221;4_4&#8243; _builder_version=&#8221;4.16&#8243; custom_padding=&#8221;|||&#8221; global_colors_info=&#8221;{}&#8221; custom_padding__hover=&#8221;|||&#8221;][et_pb_image src=&#8221;https:\/\/caminaktion.eu\/wp-content\/uploads\/2022\/04\/Dyptik-4-scaled.jpeg&#8221; title_text=&#8221;Dyptik 4&#8243; force_fullwidth=&#8221;on&#8221; _builder_version=&#8221;4.20.0&#8243; global_colors_info=&#8221;{}&#8221;][\/et_pb_image][\/et_pb_column][\/et_pb_row][et_pb_row column_structure=&#8221;1_2,1_2&#8243; module_class=&#8221; et_pb_row_fullwidth&#8221; _builder_version=&#8221;4.16&#8243; width=&#8221;89%&#8221; width_tablet=&#8221;80%&#8221; width_phone=&#8221;&#8221; width_last_edited=&#8221;on|desktop&#8221; max_width=&#8221;89%&#8221; max_width_tablet=&#8221;80%&#8221; max_width_phone=&#8221;&#8221; max_width_last_edited=&#8221;on|desktop&#8221; make_fullwidth=&#8221;on&#8221; global_colors_info=&#8221;{}&#8221;][et_pb_column type=&#8221;1_2&#8243; _builder_version=&#8221;4.16&#8243; custom_padding=&#8221;|||&#8221; global_colors_info=&#8221;{}&#8221; custom_padding__hover=&#8221;|||&#8221;][et_pb_text _builder_version=&#8221;4.16&#8243; global_colors_info=&#8221;{}&#8221;]<\/p>\n<p><strong>Jos\u00e9pha Madoki<\/strong>, also known as <strong>Princess Madoki<\/strong>, is a plural artist. She trained in both urban dances and classical, contemporary and jazz techniques at the Acad\u00e9mie Internationale de Danse (Paris).<\/p>\n<p>She collaborates as a dancer\/performer on eclectic projects, with choreographers from different worlds such as <strong>Damien Jalet, Wayne Mc Gregor, Pierre Rigal, Ousmane Sy<\/strong> or <strong>Robyn Orlin<\/strong>.<\/p>\n<p>Her work as a choreographer began in 2010 with the creation of <strong>Company Madoki<\/strong> and a first solo, <em>Mes mots sont tes maux<\/em>, winning the award Paris Jeunes Talents 2010.<\/p>\n<p>In 2016, Jos\u00e9pha Madoki joined the company of <strong>Sidi Larbi Cherkaoui<\/strong> and danced in works such as <em>Babel 7.16<\/em>, the opera <em>Satyagraha<\/em> (Basel\/Switzerland), the opera <em>Alceste<\/em> (Munich\/Germany) and <em>Stoic<\/em> (Gothenburg\/Sweden). Still with Sidi Larbi Cherkaoui, she collaborated with the international star <strong>Beyonc\u00e9<\/strong>, in the music video <em>Apeshit<\/em> shot at the Louvre Museum, and also in the music videos <em>Spirit<\/em> and <em>Bigger<\/em> shot in Los Angeles (soundtrack of the movie <em>The Lion King<\/em>).<\/p>\n<p>Princess Madoki is the figurehead of a culture that is developing more and more in France and throughout Europe: Waacking.<\/p>\n<p>She is often invited to bring her expertise and participate in international battles. She also transmits her knowledge of Waacking through workshops, masterclasses and conferences all over the world (Australia, China, Japan, Kazakhstan, Russia&#8230;).<\/p>\n<p>2016, Princess Madoki co-founded the first French Waacking collective <strong>Ma Dame Paris<\/strong>, creating stage works highlighting this aesthetic, creations such as <a href=\"https:\/\/www.youtube.com\/watch?v=NecZ0dZKZGk\"><strong><em>Waackez-vous Fran\u00e7ais?<\/em> <\/strong><\/a>and <strong><a href=\"https:\/\/caminaktion.eu\/en\/oui\"><em>Oui, et vous?<\/em><\/a><\/strong><\/p>\n<p>In the year 2019, she launched her own Waacking event in Paris and Moscow: the <strong>All Europe Waacking Festival<\/strong>. Over the years, this event has become the unmissable event for the entire European Waacking scene. Attracting increasing interest from cultural institutions interested in this dance culture, Jos\u00e9pha Madoki organized a Waacking battle at the Mus\u00e9e d&#8217;Orsay (Paris) in 2024. The Festival Paris l&#8217;Et\u00e9 and the Grand Palais in Paris entrusted her with organizing another battle in 2025, the <em><strong>All World Waacking Festival<\/strong><\/em>.<\/p>\n<p>&nbsp;<\/p>\n<p>&nbsp;<\/p>\n<p>&nbsp;<\/p>\n<p>[\/et_pb_text][\/et_pb_column][et_pb_column type=&#8221;1_2&#8243; _builder_version=&#8221;4.16&#8243; global_colors_info=&#8221;{}&#8221;][et_pb_image src=&#8221;https:\/\/caminaktion.eu\/wp-content\/uploads\/2022\/03\/Jose\u0301pha.jpeg&#8221; title_text=&#8221;Jose\u0301pha&#8221; _builder_version=&#8221;4.16&#8243; _module_preset=&#8221;default&#8221; global_colors_info=&#8221;{}&#8221;][\/et_pb_image][et_pb_text _builder_version=&#8221;4.16&#8243; global_colors_info=&#8221;{}&#8221;]<\/p>\n<div class=\"page\" title=\"Page 6\" style=\"text-align: justify;\"><\/div>\n<div class=\"page\" title=\"Page 6\" style=\"text-align: justify;\">\n<div class=\"layoutArea\">\n<div class=\"column\">\n<div class=\"page\" title=\"Page 6\">\n<p>2022, with Compagnie Madoki, she created the performance <a href=\"https:\/\/caminaktion.eu\/en\/disco\"><em><strong>D.I.S.C.O. \u2013 Don&#8217;t Initiate Social Contact with Others<\/strong><\/em><\/a> for 9 dancers and a DJ, showcasing both the world of clubbing and Waacking culture on stage, with the backdrop of the social impact of forced distancing during the lockdowns. Presented internationally (France, Sweden), the performance is adapted for the black box, as well as in a site-specific and participatory form, presented among others at the Mus\u00e9e d&#8217;Orsay in Paris.<\/p>\n<p>The same year, Jos\u00e9pha Madoki participated in the rock opera <em>STARMANIA<\/em> as assistant choreographer to the man who over time became his mentor: Sidi Larbi Cherkaoui. She thus collaborates with one of the key figures of the directing, <strong>Thomas Jolly<\/strong> who, following this project, offers her to sign the choreography of his new production at the Paris Opera: <em>Rom\u00e9o et Juliette<\/em> (2023).<\/p>\n<p>Thomas Jolly who entrusts her with a choreography for the opening ceremony of the Paris 2024 Olympic and Paralympic Games.<\/p>\n<p>Jos\u00e9pha Madoki creates specific works for events and contexts outside of the theater stage and undertakes choreographic commissions, such as for the Ballet de Lorraine in 2025.<\/p>\n<p>Throughout her journey of dance, creation and cooperation, Princess Madoki has developed a choreographic style based on the Waacking aesthetic. As a trainer and federator, she participates in the transmission of this dance culture to new generations, helping to build an essential place for Waacking in the choreographic landscape in France and internationally.<\/p>\n<\/div>\n<div class=\"page\" title=\"Page 6\">\n<div class=\"layoutArea\">\n<div class=\"column\"><\/div>\n<\/div>\n<\/div>\n<\/div>\n<\/div>\n<\/div>\n<p>[\/et_pb_text][\/et_pb_column][\/et_pb_row][et_pb_row column_structure=&#8221;1_3,1_3,1_3&#8243; module_class=&#8221; et_pb_row_fullwidth&#8221; _builder_version=&#8221;4.16&#8243; width=&#8221;89%&#8221; width_tablet=&#8221;80%&#8221; width_phone=&#8221;&#8221; width_last_edited=&#8221;on|desktop&#8221; max_width=&#8221;89%&#8221; max_width_tablet=&#8221;80%&#8221; max_width_phone=&#8221;&#8221; max_width_last_edited=&#8221;on|desktop&#8221; custom_margin=&#8221;-5px||||false|false&#8221; make_fullwidth=&#8221;on&#8221; global_colors_info=&#8221;{}&#8221;][et_pb_column type=&#8221;1_3&#8243; _builder_version=&#8221;4.16&#8243; custom_padding=&#8221;|||&#8221; global_colors_info=&#8221;{}&#8221; custom_padding__hover=&#8221;|||&#8221;][et_pb_button button_url=&#8221;https:\/\/caminaktion.eu\/en\/madoki-repertory\/&#8221; url_new_window=&#8221;on&#8221; button_text=&#8221;Repertory&#8221; button_alignment=&#8221;right&#8221; admin_label=&#8221;Bouton&#8221; _builder_version=&#8221;4.24.0&#8243; custom_button=&#8221;on&#8221; button_text_size=&#8221;20px&#8221; button_border_radius=&#8221;100px&#8221; button_font=&#8221;Raleway|700|||||||&#8221; button_use_icon=&#8221;off&#8221; button_text_color_hover=&#8221;#ffffff&#8221; button_bg_color_hover=&#8221;#00B1B3&#8243; saved_tabs=&#8221;all&#8221; global_colors_info=&#8221;{}&#8221; button_text_size__hover_enabled=&#8221;off&#8221; button_one_text_size__hover_enabled=&#8221;off&#8221; button_two_text_size__hover_enabled=&#8221;off&#8221; button_text_color__hover_enabled=&#8221;on&#8221; button_text_color__hover=&#8221;#ffffff&#8221; button_one_text_color__hover_enabled=&#8221;off&#8221; button_two_text_color__hover_enabled=&#8221;off&#8221; button_border_width__hover_enabled=&#8221;off&#8221; button_one_border_width__hover_enabled=&#8221;off&#8221; button_two_border_width__hover_enabled=&#8221;off&#8221; button_border_color__hover_enabled=&#8221;off&#8221; button_one_border_color__hover_enabled=&#8221;off&#8221; button_two_border_color__hover_enabled=&#8221;off&#8221; button_border_radius__hover_enabled=&#8221;off&#8221; button_one_border_radius__hover_enabled=&#8221;off&#8221; button_two_border_radius__hover_enabled=&#8221;off&#8221; button_letter_spacing__hover_enabled=&#8221;off&#8221; button_one_letter_spacing__hover_enabled=&#8221;off&#8221; button_two_letter_spacing__hover_enabled=&#8221;off&#8221; button_bg_color__hover_enabled=&#8221;on&#8221; button_bg_color__hover=&#8221;#00B1B3&#8243; button_one_bg_color__hover_enabled=&#8221;off&#8221; button_two_bg_color__hover_enabled=&#8221;off&#8221;][\/et_pb_button][\/et_pb_column][et_pb_column type=&#8221;1_3&#8243; _builder_version=&#8221;4.16&#8243; custom_padding=&#8221;|||&#8221; global_colors_info=&#8221;{}&#8221; custom_padding__hover=&#8221;|||&#8221;][et_pb_button button_url=&#8221;https:\/\/josephamadoki.fr\/&#8221; url_new_window=&#8221;on&#8221; button_text=&#8221;Website Company Madoki&#8221; button_alignment=&#8221;center&#8221; admin_label=&#8221;Bouton&#8221; _builder_version=&#8221;4.24.0&#8243; custom_button=&#8221;on&#8221; button_text_size=&#8221;20px&#8221; button_text_color=&#8221;#0a0a0a&#8221; button_bg_color=&#8221;#c3ff1e&#8221; button_border_radius=&#8221;100px&#8221; button_font=&#8221;Raleway|700|||||||&#8221; button_use_icon=&#8221;off&#8221; button_text_color_hover=&#8221;#ffffff&#8221; button_bg_color_hover=&#8221;#00B1B3&#8243; saved_tabs=&#8221;all&#8221; global_colors_info=&#8221;{}&#8221; button_text_size__hover_enabled=&#8221;off&#8221; button_one_text_size__hover_enabled=&#8221;off&#8221; button_two_text_size__hover_enabled=&#8221;off&#8221; button_text_color__hover_enabled=&#8221;on&#8221; button_text_color__hover=&#8221;#ffffff&#8221; button_one_text_color__hover_enabled=&#8221;off&#8221; button_two_text_color__hover_enabled=&#8221;off&#8221; button_border_width__hover_enabled=&#8221;off&#8221; button_one_border_width__hover_enabled=&#8221;off&#8221; button_two_border_width__hover_enabled=&#8221;off&#8221; button_border_color__hover_enabled=&#8221;off&#8221; button_one_border_color__hover_enabled=&#8221;off&#8221; button_two_border_color__hover_enabled=&#8221;off&#8221; button_border_radius__hover_enabled=&#8221;off&#8221; button_one_border_radius__hover_enabled=&#8221;off&#8221; button_two_border_radius__hover_enabled=&#8221;off&#8221; button_letter_spacing__hover_enabled=&#8221;off&#8221; button_one_letter_spacing__hover_enabled=&#8221;off&#8221; button_two_letter_spacing__hover_enabled=&#8221;off&#8221; button_bg_color__hover_enabled=&#8221;on&#8221; button_bg_color__hover=&#8221;#00B1B3&#8243; button_one_bg_color__hover_enabled=&#8221;off&#8221; button_two_bg_color__hover_enabled=&#8221;off&#8221;][\/et_pb_button][\/et_pb_column][et_pb_column type=&#8221;1_3&#8243; _builder_version=&#8221;4.16&#8243; custom_padding=&#8221;|||&#8221; global_colors_info=&#8221;{}&#8221; custom_padding__hover=&#8221;|||&#8221;][et_pb_social_media_follow _builder_version=&#8221;4.16&#8243; text_orientation=&#8221;left&#8221; global_colors_info=&#8221;{}&#8221;][et_pb_social_media_follow_network social_network=&#8221;facebook&#8221; url=&#8221;https:\/\/www.youtube.com\/channel\/UCfFwzJcrwTydxN32D9fjvWw&#8221; _builder_version=&#8221;4.16&#8243; background_color=&#8221;#3b5998&#8243; global_colors_info=&#8221;{}&#8221; follow_button=&#8221;off&#8221; url_new_window=&#8221;on&#8221;]facebook[\/et_pb_social_media_follow_network][et_pb_social_media_follow_network social_network=&#8221;instagram&#8221; url=&#8221;https:\/\/www.instagram.com\/princessmadoki\/?hl=fr&#8221; _builder_version=&#8221;4.16&#8243; background_color=&#8221;#ea2c59&#8243; global_colors_info=&#8221;{}&#8221; follow_button=&#8221;off&#8221; url_new_window=&#8221;on&#8221;]instagram[\/et_pb_social_media_follow_network][et_pb_social_media_follow_network social_network=&#8221;youtube&#8221; url=&#8221;https:\/\/www.youtube.com\/channel\/UCfFwzJcrwTydxN32D9fjvWw&#8221; _builder_version=&#8221;4.16&#8243; _module_preset=&#8221;default&#8221; background_color=&#8221;#a82400&#8243; global_colors_info=&#8221;{}&#8221; follow_button=&#8221;off&#8221; url_new_window=&#8221;on&#8221;]youtube[\/et_pb_social_media_follow_network][\/et_pb_social_media_follow][\/et_pb_column][\/et_pb_row][et_pb_row module_class=&#8221; et_pb_row_fullwidth&#8221; _builder_version=&#8221;4.16&#8243; width=&#8221;89%&#8221; width_tablet=&#8221;80%&#8221; width_phone=&#8221;&#8221; width_last_edited=&#8221;on|desktop&#8221; max_width=&#8221;89%&#8221; max_width_tablet=&#8221;80%&#8221; max_width_phone=&#8221;&#8221; max_width_last_edited=&#8221;on|desktop&#8221; make_fullwidth=&#8221;on&#8221; global_colors_info=&#8221;{}&#8221;][et_pb_column type=&#8221;4_4&#8243; _builder_version=&#8221;4.16&#8243; custom_padding=&#8221;|||&#8221; global_colors_info=&#8221;{}&#8221; custom_padding__hover=&#8221;|||&#8221;][et_pb_text _builder_version=&#8221;4.20.0&#8243; global_colors_info=&#8221;{}&#8221;]<\/p>\n<p style=\"text-align: right;\"><span class=\"s1\" style=\"font-size: x-small;\">Photo performance <em>D.I.S.C.O.<\/em> \u00a9 Raphael Labour\u00e9. Portrait \u00a9 D.R.<\/span><\/p>\n<p style=\"text-align: right;\"><span class=\"s1\" style=\"font-size: small;\"><\/span><\/p>\n<p>[\/et_pb_text][\/et_pb_column][\/et_pb_row][\/et_pb_section]<\/p>\n","protected":false},"excerpt":{"rendered":"<p>Company Madoki Josepha Madoki Jos\u00e9pha Madoki, also known as Princess Madoki, is a plural artist. She trained in both urban dances and classical, contemporary and jazz techniques at the Acad\u00e9mie Internationale de Danse (Paris). She collaborates as a dancer\/performer on eclectic projects, with choreographers from different worlds such as Damien Jalet, Wayne Mc Gregor, Pierre [&hellip;]<\/p>\n","protected":false},"author":1,"featured_media":0,"parent":0,"menu_order":0,"comment_status":"closed","ping_status":"closed","template":"","meta":{"_seopress_robots_primary_cat":"","_seopress_titles_title":"","_seopress_titles_desc":"","_seopress_robots_index":"","_et_pb_use_builder":"on","_et_pb_old_content":"","_et_gb_content_width":"","footnotes":""},"class_list":["post-39201","page","type-page","status-publish","hentry"],"_links":{"self":[{"href":"https:\/\/caminaktion.eu\/en\/wp-json\/wp\/v2\/pages\/39201","targetHints":{"allow":["GET"]}}],"collection":[{"href":"https:\/\/caminaktion.eu\/en\/wp-json\/wp\/v2\/pages"}],"about":[{"href":"https:\/\/caminaktion.eu\/en\/wp-json\/wp\/v2\/types\/page"}],"author":[{"embeddable":true,"href":"https:\/\/caminaktion.eu\/en\/wp-json\/wp\/v2\/users\/1"}],"replies":[{"embeddable":true,"href":"https:\/\/caminaktion.eu\/en\/wp-json\/wp\/v2\/comments?post=39201"}],"version-history":[{"count":14,"href":"https:\/\/caminaktion.eu\/en\/wp-json\/wp\/v2\/pages\/39201\/revisions"}],"predecessor-version":[{"id":43618,"href":"https:\/\/caminaktion.eu\/en\/wp-json\/wp\/v2\/pages\/39201\/revisions\/43618"}],"wp:attachment":[{"href":"https:\/\/caminaktion.eu\/en\/wp-json\/wp\/v2\/media?parent=39201"}],"curies":[{"name":"wp","href":"https:\/\/api.w.org\/{rel}","templated":true}]}}