{"id":38553,"date":"2021-10-11T22:30:30","date_gmt":"2021-10-11T20:30:30","guid":{"rendered":"https:\/\/caminaktion.eu\/jesuis\/"},"modified":"2025-10-19T13:18:10","modified_gmt":"2025-10-19T11:18:10","slug":"jesuis","status":"publish","type":"page","link":"https:\/\/caminaktion.eu\/en\/jesuis\/","title":{"rendered":"#JeSuis"},"content":{"rendered":"<p>[et_pb_section fb_built=&#8221;1&#8243; _builder_version=&#8221;4.16&#8243; global_colors_info=&#8221;{}&#8221;][et_pb_row column_structure=&#8221;1_3,1_3,1_3&#8243; module_class=&#8221; et_pb_row_fullwidth&#8221; _builder_version=&#8221;4.16&#8243; width=&#8221;89%&#8221; width_tablet=&#8221;80%&#8221; width_phone=&#8221;&#8221; width_last_edited=&#8221;on|desktop&#8221; max_width=&#8221;89%&#8221; max_width_tablet=&#8221;80%&#8221; max_width_phone=&#8221;&#8221; max_width_last_edited=&#8221;on|desktop&#8221; make_fullwidth=&#8221;on&#8221; global_colors_info=&#8221;{}&#8221;][et_pb_column type=&#8221;1_3&#8243; _builder_version=&#8221;4.16&#8243; custom_padding=&#8221;|0px||0px|false|false&#8221; global_colors_info=&#8221;{}&#8221; custom_padding__hover=&#8221;|||&#8221;][et_pb_text _builder_version=&#8221;4.27.4&#8243; custom_margin=&#8221;||||false|false&#8221; global_colors_info=&#8221;{}&#8221;]<\/p>\n<div class=\"layoutArea\">\n<p class=\"column\" style=\"text-align: left;\"><span style=\"font-size: large;\"><strong>Feel like going out to see a show, concert, or movie? Want to try a dance, theatre, music, beatmaking, or rap workshop? Or just meet new people and have a good time in Montpellier and around?<br \/>Welcome to the #JeSuis program!<br \/>Certain of our events are also accessible in French Sign Language (LSF).<br \/><\/strong><\/span><span style=\"font-size: large;\"><strong><\/strong><\/span><\/p>\n<p style=\"text-align: left;\">\n<\/div>\n<p>[\/et_pb_text][et_pb_image src=&#8221;https:\/\/caminaktion.eu\/wp-content\/uploads\/2021\/10\/Logo-LSF.png&#8221; title_text=&#8221;Logo LSF&#8221; align=&#8221;right&#8221; _builder_version=&#8221;4.27.4&#8243; _module_preset=&#8221;default&#8221; max_width=&#8221;20%&#8221; max_height=&#8221;1000px&#8221; custom_margin=&#8221;-20px||||false|false&#8221; custom_padding=&#8221;0px||||false|false&#8221; global_colors_info=&#8221;{}&#8221;][\/et_pb_image][\/et_pb_column][et_pb_column type=&#8221;1_3&#8243; _builder_version=&#8221;4.16&#8243; custom_padding=&#8221;|0px||0px|false|false&#8221; global_colors_info=&#8221;{}&#8221; custom_padding__hover=&#8221;|||&#8221;][et_pb_text _builder_version=&#8221;4.16&#8243; transform_scale=&#8221;214%|214%&#8221; transform_translate=&#8221;0px|-16px&#8221; width=&#8221;100%&#8221; module_alignment=&#8221;center&#8221; custom_margin=&#8221;0px|50px|||false|false&#8221; animation_style=&#8221;zoom&#8221; animation_direction=&#8221;top&#8221; animation_duration=&#8221;2000ms&#8221; animation_speed_curve=&#8221;ease&#8221; global_colors_info=&#8221;{}&#8221;]<\/p>\n<div class=\"layoutArea\">\n<div class=\"column\">\n<h1 style=\"text-align: center;\"><strong><span style=\"font-size: 40px;\"><a href=\"https:\/\/caminaktion.eu\/wp-content\/uploads\/2021\/10\/Logo-jeSuis-cercle-vert.png\"><img alt=\"\" alt=\"\" loading=\"lazy\" decoding=\"async\" src=\"https:\/\/caminaktion.eu\/wp-content\/uploads\/2021\/10\/Logo-jeSuis-cercle-vert-300x298.png\" width=\"209\" height=\"207\" alt=\"\" class=\"wp-image-38380 alignnone size-medium\" \/><\/a><\/span><\/strong><\/h1>\n<\/div>\n<\/div>\n<p>[\/et_pb_text][\/et_pb_column][et_pb_column type=&#8221;1_3&#8243; _builder_version=&#8221;4.16&#8243; custom_padding=&#8221;|0px||0px|false|false&#8221; global_colors_info=&#8221;{}&#8221; custom_padding__hover=&#8221;|||&#8221;][et_pb_text _builder_version=&#8221;4.27.4&#8243; custom_margin=&#8221;||||false|false&#8221; global_colors_info=&#8221;{}&#8221;]<\/p>\n<div class=\"layoutArea\">\n<p class=\"column\" style=\"text-align: right;\"><strong><span style=\"font-size: large;\">T\u00e1 a fim de sair pra ver um espet\u00e1culo, um show ou um filme no cinema? Quer participar de uma oficina de dan\u00e7a, teatro, m\u00fasica, beatmaking ou rap? Ou conhecer gente nova e curtir bons momentos em Montpellier e regi\u00e3o?<br \/>Seja bem-vindo(a) ao programa #JeSuis!<br \/>V\u00e1rias das nossas atividades t\u00eam acessibilidade em L\u00edngua de Sinais Francesa (LSF).<\/span><\/strong><\/p>\n<\/div>\n<p style=\"text-align: right;\"><strong><span style=\"font-size: large;\"> <\/span><\/strong><\/p>\n<p>[\/et_pb_text][\/et_pb_column][\/et_pb_row][et_pb_row column_structure=&#8221;1_4,1_4,1_4,1_4&#8243; module_class=&#8221; et_pb_row_fullwidth&#8221; _builder_version=&#8221;4.16&#8243; width=&#8221;89%&#8221; width_tablet=&#8221;80%&#8221; width_phone=&#8221;&#8221; width_last_edited=&#8221;on|desktop&#8221; max_width=&#8221;89%&#8221; max_width_tablet=&#8221;80%&#8221; max_width_phone=&#8221;&#8221; max_width_last_edited=&#8221;on|desktop&#8221; make_fullwidth=&#8221;on&#8221; global_colors_info=&#8221;{}&#8221;][et_pb_column type=&#8221;1_4&#8243; _builder_version=&#8221;4.16&#8243; custom_padding=&#8221;|0px||0px|false|false&#8221; global_colors_info=&#8221;{}&#8221; custom_padding__hover=&#8221;|||&#8221;][et_pb_text _builder_version=&#8221;4.27.4&#8243; _module_preset=&#8221;default&#8221; global_colors_info=&#8221;{}&#8221;]<\/p>\n<p style=\"text-align: left;\"><span style=\"font-size: small;\"><strong>Ndax da ngaa b\u00ebgg dem seet ay spectacle, concert walla film ci cin\u00e9ma? Ndax da ngaa b\u00ebgg tambalee atelier bu dans, th\u00e9\u00e2tre, musique, beatmaking walla rap? Walla ndax da ngaa b\u00ebgg gis ay nit \u00f1u bees te j\u00ebkk ci jamono bu neex ci Montpellier ak \u00e0dduna w\u00ebr?<br \/>\nNopp naa la ci program #JeSuis!<br \/>\n\u00d1u bare ci sunu j\u00ebfandikukat yi am na\u00f1u ay mbirum j\u00e0ppale ci l\u00e0kku l\u00e0ngg ci farans (LSF).<\/p>\n<p>[\/et_pb_text][\/et_pb_column][et_pb_column type=&#8221;1_4&#8243; _builder_version=&#8221;4.16&#8243; custom_padding=&#8221;|0px||0px|false|false&#8221; global_colors_info=&#8221;{}&#8221; custom_padding__hover=&#8221;|||&#8221;][et_pb_text _builder_version=&#8221;4.27.4&#8243; custom_margin=&#8221;||||false|false&#8221; global_colors_info=&#8221;{}&#8221;]<\/p>\n<p style=\"text-align: left;\"><span style=\"font-size: small;\"><strong>\u00bfTe apetece salir a ver un espect\u00e1culo, un concierto o una pel\u00edcula en el cine? \u00bfQuieres participar en un taller de danza, teatro, m\u00fasica, beatmaking o rap? \u00bfO conocer gente nueva y pasar buenos momentos en Montpellier y sus alrededores?<br \/>Bienvenid@ al programa #JeSuis!<br \/>Muchas de nuestras actividades son accesibles en lengua de se\u00f1as francesa (LSF).<\/strong><\/span><\/p>\n<p>&nbsp;<\/p>\n<p>[\/et_pb_text][\/et_pb_column][et_pb_column type=&#8221;1_4&#8243; _builder_version=&#8221;4.16&#8243; custom_padding=&#8221;|0px||0px|false|false&#8221; global_colors_info=&#8221;{}&#8221; custom_padding__hover=&#8221;|||&#8221;][et_pb_text _builder_version=&#8221;4.27.4&#8243; custom_margin=&#8221;||||false|false&#8221; global_colors_info=&#8221;{}&#8221;]<\/p>\n<p style=\"text-align: left;\"><span style=\"font-size: small;\"><strong>Bir g\u00f6steriye, konsere ya da sinemada bir filme gitmek ister misin? Dans, tiyatro, m\u00fczik, beatmaking ya da rap at\u00f6lyesine kat\u0131lmak ister misin? Ya da Montpellier ve \u00e7evresinde yeni insanlarla tan\u0131\u015f\u0131p g\u00fczel vakit ge\u00e7irmek mi istiyorsun?<br \/>\n#JeSuis program\u0131na ho\u015f geldin!<br \/>\nEtkinliklerimizin bir\u00e7o\u011fu Frans\u0131z \u0130\u015faret Dili (LSF) ile eri\u015filebilir.<\/p>\n<p style=\"text-align: left;\">[\/et_pb_text][\/et_pb_column][et_pb_column type=&#8221;1_4&#8243; _builder_version=&#8221;4.16&#8243; custom_padding=&#8221;|0px||0px|false|false&#8221; global_colors_info=&#8221;{}&#8221; custom_padding__hover=&#8221;|||&#8221;][et_pb_text _builder_version=&#8221;4.27.4&#8243; custom_margin=&#8221;||||false|false&#8221; global_colors_info=&#8221;{}&#8221;]<\/p>\n<div class=\"layoutArea\">\n<p style=\"text-align: right;\"><strong><span style=\"font-size: medium;\">\u062d\u0627\u0628\u0628 \u062a\u0631\u0648\u062d \u0639\u0631\u0636\u060c \u062d\u0641\u0644\u0629 \u0645\u0648\u0633\u064a\u0642\u064a\u0629\u060c \u0623\u0648 \u0641\u064a\u0644\u0645 \u0628\u0627\u0644\u0633\u064a\u0646\u0645\u0627\u061f \u0646\u0641\u0633\u0643 \u062a\u0634\u0627\u0631\u0643 \u0641\u064a \u0648\u0631\u0634\u0629 \u0631\u0642\u0635\u060c \u0645\u0633\u0631\u062d\u060c \u0645\u0648\u0633\u064a\u0642\u0649\u060c \u0628\u064a\u062a \u0645\u064a\u0643\u0646\u063a \u0623\u0648 \u0631\u0627\u0628\u061f \u0623\u0648 \u062a\u062a\u0639\u0631\u0641 \u0639\u0644\u0649 \u0646\u0627\u0633 \u062c\u062f\u062f \u0648\u062a\u0642\u0636\u064a \u0623\u0648\u0642\u0627\u062a \u062d\u0644\u0648\u0629 \u0641\u064a \u0645\u0648\u0646\u0628\u064a\u0644\u064a\u064a\u0647 \u0648\u0627\u0644\u0645\u0646\u0627\u0637\u0642 \u0627\u0644\u0644\u064a \u062d\u0648\u0627\u0644\u064a\u0647\u0627\u061f<\/span><\/strong><\/p>\n<p style=\"text-align: right;\"><strong><span style=\"font-size: medium;\">\u0623\u0647\u0644\u0627\u064b \u0648\u0633\u0647\u0644\u0627\u064b \u0641\u064a \u0628\u0631\u0646\u0627\u0645\u062c #JeSuis!<\/span><\/strong><\/p>\n<p style=\"text-align: right;\"><strong><span style=\"font-size: medium;\">\u0627\u0644\u0639\u062f\u064a\u062f \u0645\u0646 \u0623\u0646\u0634\u0637\u062a\u0646\u0627 \u0645\u062a\u0627\u062d\u0629 \u0628\u0644\u063a\u0629 \u0627\u0644\u0625\u0634\u0627\u0631\u0629 \u0627\u0644\u0641\u0631\u0646\u0633\u064a\u0629 (LSF).<\/span><\/strong><\/p>\n<\/div>\n<p>[\/et_pb_text][\/et_pb_column][\/et_pb_row][et_pb_row column_structure=&#8221;1_2,1_2&#8243; module_class=&#8221; et_pb_row_fullwidth&#8221; _builder_version=&#8221;4.16&#8243; width=&#8221;89%&#8221; width_tablet=&#8221;80%&#8221; width_phone=&#8221;&#8221; width_last_edited=&#8221;on|desktop&#8221; max_width=&#8221;89%&#8221; max_width_tablet=&#8221;80%&#8221; max_width_phone=&#8221;&#8221; max_width_last_edited=&#8221;on|desktop&#8221; scroll_vertical_motion_enable=&#8221;on&#8221; scroll_vertical_motion=&#8221;0|75|75|100|4|0|-4&#8243; motion_trigger_start=&#8221;top&#8221; make_fullwidth=&#8221;on&#8221; global_colors_info=&#8221;{}&#8221;][et_pb_column type=&#8221;1_2&#8243; _builder_version=&#8221;4.16&#8243; custom_padding=&#8221;|||&#8221; global_colors_info=&#8221;{}&#8221; custom_padding__hover=&#8221;|||&#8221;][et_pb_image src=&#8221;https:\/\/caminaktion.eu\/wp-content\/uploads\/2025\/07\/img_0293-horizontal-2.jpg&#8221; alt=&#8221;img 0293 horizontal 2&#8243; title_text=&#8221;img 0293 horizontal 2&#8243; align=&#8221;center&#8221; _builder_version=&#8221;4.27.4&#8243; _module_preset=&#8221;default&#8221; width=&#8221;91%&#8221; module_alignment=&#8221;center&#8221; max_height=&#8221;1000px&#8221; overflow-x=&#8221;visible&#8221; overflow-y=&#8221;visible&#8221; box_shadow_style=&#8221;preset2&#8243; box_shadow_blur=&#8221;80px&#8221; box_shadow_color=&#8221;#707070&#8243; global_colors_info=&#8221;{}&#8221;][\/et_pb_image][\/et_pb_column][et_pb_column type=&#8221;1_2&#8243; _builder_version=&#8221;4.16&#8243; custom_padding=&#8221;|||&#8221; global_colors_info=&#8221;{}&#8221; custom_padding__hover=&#8221;|||&#8221;][et_pb_image src=&#8221;https:\/\/caminaktion.eu\/wp-content\/uploads\/2025\/07\/2a29985e-8b17-4bd7-b053-74145864d90a_1_105_c-peinture.jpg&#8221; alt=&#8221;2a29985e 8b17 4bd7 b053 74145864d90a 1 105 c peinture$&#8221; title_text=&#8221;2a29985e 8b17 4bd7 b053 74145864d90a 1 105 c peinture$&#8221; _builder_version=&#8221;4.27.4&#8243; _module_preset=&#8221;default&#8221; box_shadow_style=&#8221;preset1&#8243; box_shadow_blur=&#8221;80px&#8221; box_shadow_color=&#8221;#707070&#8243; global_colors_info=&#8221;{}&#8221;][\/et_pb_image][\/et_pb_column][\/et_pb_row][et_pb_row module_class=&#8221;ps2id&#8221; _builder_version=&#8221;4.16&#8243; background_color=&#8221;#d4fb7c&#8221; width=&#8221;89%&#8221; width_tablet=&#8221;80%&#8221; width_phone=&#8221;&#8221; width_last_edited=&#8221;on|desktop&#8221; max_width=&#8221;89%&#8221; max_width_tablet=&#8221;80%&#8221; max_width_phone=&#8221;&#8221; max_width_last_edited=&#8221;on|desktop&#8221; border_width_all=&#8221;1px&#8221; border_color_all=&#8221;#B43F16&#8243; make_fullwidth=&#8221;on&#8221; global_colors_info=&#8221;{}&#8221;][et_pb_column type=&#8221;4_4&#8243; _builder_version=&#8221;4.16&#8243; custom_padding=&#8221;|||&#8221; global_colors_info=&#8221;{}&#8221; custom_padding__hover=&#8221;|||&#8221;][et_pb_text _builder_version=&#8221;4.27.4&#8243; _module_preset=&#8221;default&#8221; text_line_height=&#8221;1em&#8221; custom_padding=&#8221;1px|||||&#8221; global_colors_info=&#8221;{}&#8221;]<\/p>\n<p><span style=\"color: #b43f16;\"><b><\/b><\/span><\/p>\n<h3 class=\"p1\" style=\"text-align: center;\"><span style=\"color: #b43f16;\"><b><\/b><\/span><\/h3>\n<h3 class=\"p1\" style=\"text-align: center;\"><span style=\"color: #b43f16;\"><b>Upcoming events | Pr\u00f3ximo eventos <\/b><\/span><span style=\"color: #b43f16;\"><b>| Gelecek etkinlikler | \u0627\u0644\u0623\u062d\u062f\u0627\u062b \u0627\u0644\u0642\u0627\u062f\u0645\u0629<\/b><\/span><\/h3>\n<p style=\"text-align: center;\"><span style=\"color: #b43f16; font-family: inherit;\">Bookings: click on &#8220;Tickets&#8221; or send an SMS to +33-+33 6 52 42 25 89<\/span><\/p>\n<p style=\"text-align: center;\"><span style=\"color: #b43f16; font-family: inherit;\">Reservas: clique em \u201cTickets\u201d ou envie um SMS para +33 6 52 42 25 89<\/span><\/p>\n<p style=\"text-align: center;\"><span style=\"color: #b43f16; font-family: inherit;\">Rezervasyon i\u00e7in: &#8220;Tickets&#8221;e t\u0131klay\u0131n veya + 33-+33 6 52 42 25 89&#8217;ye k\u0131sa mesaj g\u00f6nderin.<\/span><\/p>\n<p style=\"text-align: center;\"><span style=\"color: #b43f16; font-family: inherit;\">\u0644\u0644\u062d\u062c\u0632: \u0627\u0636\u063a\u0637 \u0639\u0644\u0649 \u201cTickets\u201d \u0623\u0648 \u0623\u0631\u0633\u0644 \u0631\u0633\u0627\u0644\u0629 \u0642\u0635\u064a\u0631\u0629 \u0625\u0644\u0649 \u0627\u0644\u0631\u0642\u0645 \u200e+33 6 52 42 25 89\u200e<br \/><\/span><\/p>\n<p style=\"text-align: center;\"><span style=\"color: #b43f16;\"><b><\/b><\/span><\/p>\n<p>[\/et_pb_text][\/et_pb_column][\/et_pb_row][et_pb_row module_class=&#8221;ps2id&#8221; _builder_version=&#8221;4.16&#8243; background_enable_color=&#8221;off&#8221; width=&#8221;89%&#8221; width_tablet=&#8221;80%&#8221; width_phone=&#8221;&#8221; width_last_edited=&#8221;on|desktop&#8221; max_width=&#8221;89%&#8221; max_width_tablet=&#8221;80%&#8221; max_width_phone=&#8221;&#8221; max_width_last_edited=&#8221;on|desktop&#8221; border_width_all=&#8221;1px&#8221; border_color_all=&#8221;#B43F16&#8243; make_fullwidth=&#8221;on&#8221; saved_tabs=&#8221;all&#8221; global_colors_info=&#8221;{}&#8221;][et_pb_column type=&#8221;4_4&#8243; _builder_version=&#8221;4.16&#8243; custom_padding=&#8221;|||&#8221; global_colors_info=&#8221;{}&#8221; custom_padding__hover=&#8221;|||&#8221;][et_pb_code _builder_version=&#8221;4.27.4&#8243; _module_preset=&#8221;default&#8221; global_colors_info=&#8221;{}&#8221;]<script id=\"timely_script\" class=\"timely-script\" src=\"https:\/\/events.timely.fun\/embed.js\" data-src=\"https:\/\/events.timely.fun\/0y60xwmh?tags=677669160\" data-max-height=\"0\" ><\/script>[\/et_pb_code][\/et_pb_column][\/et_pb_row][et_pb_row module_class=&#8221;ps2id&#8221; _builder_version=&#8221;4.16&#8243; background_color=&#8221;#d4fb7c&#8221; width=&#8221;89%&#8221; width_tablet=&#8221;80%&#8221; width_phone=&#8221;&#8221; width_last_edited=&#8221;on|desktop&#8221; max_width=&#8221;89%&#8221; max_width_tablet=&#8221;80%&#8221; max_width_phone=&#8221;&#8221; max_width_last_edited=&#8221;on|desktop&#8221; border_width_all=&#8221;1px&#8221; border_color_all=&#8221;#B43F16&#8243; make_fullwidth=&#8221;on&#8221; global_colors_info=&#8221;{}&#8221;][et_pb_column type=&#8221;4_4&#8243; _builder_version=&#8221;4.16&#8243; custom_padding=&#8221;|||&#8221; global_colors_info=&#8221;{}&#8221; custom_padding__hover=&#8221;|||&#8221;][et_pb_text _builder_version=&#8221;4.16&#8243; _module_preset=&#8221;default&#8221; custom_padding=&#8221;1px|||||&#8221; global_colors_info=&#8221;{}&#8221;]<\/p>\n<h3 class=\"p1\" style=\"text-align: center;\"><span style=\"color: #b43f16;\"><b>\u00a0Past events | Eventos passados | Ge\u00e7mi\u015f olaylar | \u0627\u0644\u0623\u062d\u062f\u0627\u062b \u0627\u0644\u0645\u0627\u0636\u064a\u0629<\/b><\/span><\/h3>\n<p>[\/et_pb_text][\/et_pb_column][\/et_pb_row][et_pb_row _builder_version=&#8221;4.20.2&#8243; _module_preset=&#8221;default&#8221; width=&#8221;100%&#8221; max_width=&#8221;1750px&#8221; global_colors_info=&#8221;{}&#8221;][et_pb_column type=&#8221;4_4&#8243; _builder_version=&#8221;4.16&#8243; _module_preset=&#8221;default&#8221; global_colors_info=&#8221;{}&#8221;][et_pb_code _builder_version=&#8221;4.27.4&#8243; _module_preset=&#8221;default&#8221; width=&#8221;100%&#8221; max_width=&#8221;100%&#8221; hover_enabled=&#8221;0&#8243; global_colors_info=&#8221;{}&#8221; sticky_enabled=&#8221;0&#8243;]<script id=\"timely_script\" class=\"timely-script\" src=\"https:\/\/events.timely.fun\/embed.js\" data-src=\"https:\/\/events.timely.fun\/0y60xwmh?tags=677511628&#038;range=custom&#038;start_date=2020-10-01&#038;end_date=2025-10-19\" data-max-height=\"0\" ><\/script>[\/et_pb_code][\/et_pb_column][\/et_pb_row][et_pb_row _builder_version=&#8221;4.16&#8243; _module_preset=&#8221;default&#8221; global_colors_info=&#8221;{}&#8221;][et_pb_column type=&#8221;4_4&#8243; _builder_version=&#8221;4.16&#8243; _module_preset=&#8221;default&#8221; global_colors_info=&#8221;{}&#8221;][et_pb_button button_url=&#8221;https:\/\/caminaktion.eu\/en\/jesuis-program&#8221; button_text=&#8221;The program | O programa&#8221; button_alignment=&#8221;center&#8221; _builder_version=&#8221;4.27.4&#8243; _module_preset=&#8221;default&#8221; custom_button=&#8221;on&#8221; button_font=&#8221;|700|||||||&#8221; global_colors_info=&#8221;{}&#8221;][\/et_pb_button][\/et_pb_column][\/et_pb_row][et_pb_row module_class=&#8221; et_pb_row_fullwidth&#8221; _builder_version=&#8221;4.16&#8243; width=&#8221;89%&#8221; width_tablet=&#8221;80%&#8221; width_phone=&#8221;&#8221; width_last_edited=&#8221;on|desktop&#8221; max_width=&#8221;89%&#8221; max_width_tablet=&#8221;80%&#8221; max_width_phone=&#8221;&#8221; max_width_last_edited=&#8221;on|desktop&#8221; custom_margin=&#8221;|auto||60px||&#8221; make_fullwidth=&#8221;on&#8221; global_colors_info=&#8221;{}&#8221;][et_pb_column type=&#8221;4_4&#8243; _builder_version=&#8221;4.16&#8243; custom_padding=&#8221;|0px||0px|false|false&#8221; global_colors_info=&#8221;{}&#8221; custom_padding__hover=&#8221;|||&#8221;][et_pb_text _builder_version=&#8221;4.23.4&#8243; custom_margin=&#8221;||||false|false&#8221; global_colors_info=&#8221;{}&#8221;]<\/p>\n<div class=\"layoutArea\">\n<p style=\"text-align: justify;\"><strong>Since January 2024, the #JeSuis program has been funded by camin aktion\u2019s own resources, donations, and the volunteer commitment of part of our team. During the 2024\/25 season, Montpellier M\u00e9diterran\u00e9e M\u00e9tropole is a partner, providing access to a dance space at the Maison pour Tous M\u00e9lina Mercouri.<br \/>In 2025, #JeSuis receives support from the Caisse des D\u00e9p\u00f4ts as its main sponsor through philanthropic funding.<br \/>We are committed to ensuring continuity in what we offer to participants: artistic and personal development\u2014especially for vulnerable populations\u2014is a long-term mission.<br \/>Our program is eligible for donations and sponsorship. You can support our initiative by making a contribution that qualifies for a tax deduction (for tax payers in France).<br \/><\/strong><\/p>\n<p style=\"text-align: justify;\"><strong><\/strong><\/p>\n<p><em><strong>Desde janeiro de 2024, o programa #JeSuis \u00e9 financiado atrav\u00e9s de recursos pr\u00f3prios da camin aktion, de doa\u00e7\u00f5es e do comprometimento volunt\u00e1rio de parte da nossa equipa. Durante a temporada 2024\u20132025, a Montpellier M\u00e9diterran\u00e9e M\u00e9tropole \u00e9 parceira do projeto, disponibilizando um espa\u00e7o de dan\u00e7a na Maison pour Tous M\u00e9lina Mercouri. Em 2025, o #JeSuis conta com o apoio da Caisse des D\u00e9p\u00f4ts, o seu principal patrocinador, atrav\u00e9s de financiamento filantr\u00f3pico.<\/strong><\/em><\/p>\n<p><em><strong>Estamos profundamente empenhados em garantir a continuidade do que oferecemos aos participantes: o desenvolvimento art\u00edstico e pessoal \u2014 especialmente para popula\u00e7\u00f5es vulner\u00e1veis \u2014 \u00e9 uma miss\u00e3o de longo prazo.<\/strong><\/em><\/p>\n<p><em><strong>O nosso programa \u00e9 eleg\u00edvel para doa\u00e7\u00f5es e patroc\u00ednios. Pode apoiar esta iniciativa fazendo uma contribui\u00e7\u00e3o que d\u00e1 direito a dedu\u00e7\u00e3o fiscal (para contribuintes em Fran\u00e7a).<\/strong><\/em><\/p>\n<p style=\"text-align: justify;\">\n<\/div>\n<p>[\/et_pb_text][\/et_pb_column][\/et_pb_row][et_pb_row _builder_version=&#8221;4.24.2&#8243; _module_preset=&#8221;default&#8221; global_colors_info=&#8221;{}&#8221;][et_pb_column type=&#8221;4_4&#8243; _builder_version=&#8221;4.24.2&#8243; _module_preset=&#8221;default&#8221; global_colors_info=&#8221;{}&#8221;][et_pb_button button_url=&#8221;https:\/\/camin-aktion.assoconnect.com\/collect\/description\/393720-a-programme-socio-culturel-et-solidaire-jesuis&#8221; button_text=&#8221;Support us | Apoie-nos&#8221; button_alignment=&#8221;center&#8221; _builder_version=&#8221;4.27.4&#8243; _module_preset=&#8221;default&#8221; custom_button=&#8221;on&#8221; button_text_color=&#8221;#FF1D25&#8243; button_bg_color=&#8221;#1FFFF8&#8243; button_font=&#8221;|700|||||||&#8221; background_layout=&#8221;dark&#8221; global_colors_info=&#8221;{}&#8221;][\/et_pb_button][\/et_pb_column][\/et_pb_row][et_pb_row column_structure=&#8221;1_2,1_2&#8243; module_class=&#8221; et_pb_row_fullwidth&#8221; _builder_version=&#8221;4.16&#8243; width=&#8221;89%&#8221; width_tablet=&#8221;80%&#8221; width_phone=&#8221;&#8221; width_last_edited=&#8221;on|desktop&#8221; max_width=&#8221;89%&#8221; max_width_tablet=&#8221;80%&#8221; max_width_phone=&#8221;&#8221; max_width_last_edited=&#8221;on|desktop&#8221; make_fullwidth=&#8221;on&#8221; global_colors_info=&#8221;{}&#8221;][et_pb_column type=&#8221;1_2&#8243; _builder_version=&#8221;4.16&#8243; custom_padding=&#8221;|0px||0px|false|false&#8221; global_colors_info=&#8221;{}&#8221; custom_padding__hover=&#8221;|||&#8221;][et_pb_text _builder_version=&#8221;4.27.4&#8243; _module_preset=&#8221;default&#8221; custom_margin=&#8221;||5px||false|false&#8221; custom_padding=&#8221;||0px||false|false&#8221; global_colors_info=&#8221;{}&#8221;]<\/p>\n<p style=\"text-align: center;\">Main sponsor | Principal Patrocinador<\/p>\n<p>[\/et_pb_text][et_pb_image src=&#8221;https:\/\/caminaktion.eu\/wp-content\/uploads\/2025\/07\/mecenat_pos_cmjn.jpg&#8221; alt=&#8221;mecenat pos cmjn&#8221; title_text=&#8221;mecenat pos cmjn&#8221; align=&#8221;center&#8221; _builder_version=&#8221;4.27.4&#8243; _module_preset=&#8221;default&#8221; width=&#8221;42%&#8221; global_colors_info=&#8221;{}&#8221;][\/et_pb_image][\/et_pb_column][et_pb_column type=&#8221;1_2&#8243; _builder_version=&#8221;4.16&#8243; custom_padding=&#8221;|0px||0px|false|false&#8221; global_colors_info=&#8221;{}&#8221; custom_padding__hover=&#8221;|||&#8221;][et_pb_text _builder_version=&#8221;4.27.4&#8243; _module_preset=&#8221;default&#8221; custom_margin=&#8221;||5px||false|false&#8221; custom_padding=&#8221;||0px||false|false&#8221; global_colors_info=&#8221;{}&#8221;][\/et_pb_text][et_pb_image src=&#8221;https:\/\/caminaktion.eu\/wp-content\/uploads\/2024\/01\/Logo_Montpellier_Mediterranee_Metropole.svg_.png&#8221; title_text=&#8221;Logo_Montpellier_Me\u0301diterrane\u0301e_Me\u0301tropole.svg&#8221; align=&#8221;center&#8221; _builder_version=&#8221;4.23.4&#8243; _module_preset=&#8221;default&#8221; width=&#8221;23%&#8221; global_colors_info=&#8221;{}&#8221;][\/et_pb_image][\/et_pb_column][\/et_pb_row][\/et_pb_section]<\/p>\n","protected":false},"excerpt":{"rendered":"<p>Feel like going out to see a show, concert, or movie? Want to try a dance, theatre, music, beatmaking, or rap workshop? Or just meet new people and have a good time in Montpellier and around?Welcome to the #JeSuis program!Certain of our events are also accessible in French Sign Language (LSF). T\u00e1 a fim de [&hellip;]<\/p>\n","protected":false},"author":1,"featured_media":45129,"parent":0,"menu_order":0,"comment_status":"closed","ping_status":"closed","template":"","meta":{"_seopress_robots_primary_cat":"","_seopress_titles_title":"","_seopress_titles_desc":"","_seopress_robots_index":"","_et_pb_use_builder":"on","_et_pb_old_content":"","_et_gb_content_width":"","footnotes":""},"class_list":["post-38553","page","type-page","status-publish","has-post-thumbnail","hentry"],"_links":{"self":[{"href":"https:\/\/caminaktion.eu\/en\/wp-json\/wp\/v2\/pages\/38553","targetHints":{"allow":["GET"]}}],"collection":[{"href":"https:\/\/caminaktion.eu\/en\/wp-json\/wp\/v2\/pages"}],"about":[{"href":"https:\/\/caminaktion.eu\/en\/wp-json\/wp\/v2\/types\/page"}],"author":[{"embeddable":true,"href":"https:\/\/caminaktion.eu\/en\/wp-json\/wp\/v2\/users\/1"}],"replies":[{"embeddable":true,"href":"https:\/\/caminaktion.eu\/en\/wp-json\/wp\/v2\/comments?post=38553"}],"version-history":[{"count":45,"href":"https:\/\/caminaktion.eu\/en\/wp-json\/wp\/v2\/pages\/38553\/revisions"}],"predecessor-version":[{"id":48033,"href":"https:\/\/caminaktion.eu\/en\/wp-json\/wp\/v2\/pages\/38553\/revisions\/48033"}],"wp:featuredmedia":[{"embeddable":true,"href":"https:\/\/caminaktion.eu\/en\/wp-json\/wp\/v2\/media\/45129"}],"wp:attachment":[{"href":"https:\/\/caminaktion.eu\/en\/wp-json\/wp\/v2\/media?parent=38553"}],"curies":[{"name":"wp","href":"https:\/\/api.w.org\/{rel}","templated":true}]}}