{"id":33092,"date":"2018-05-03T22:12:59","date_gmt":"2018-05-03T20:12:59","guid":{"rendered":"http:\/\/caminaktion.eu\/wkcollective\/"},"modified":"2026-03-18T14:25:32","modified_gmt":"2026-03-18T13:25:32","slug":"wkcollective","status":"publish","type":"page","link":"https:\/\/caminaktion.eu\/en\/wkcollective\/","title":{"rendered":"WKcollective | Wanjiru Kamuyu"},"content":{"rendered":"<p>[et_pb_section fb_built=&#8221;1&#8243; _builder_version=&#8221;4.16&#8243; global_colors_info=&#8221;{}&#8221;][et_pb_row module_class=&#8221; et_pb_row_fullwidth&#8221; _builder_version=&#8221;4.16&#8243; background_size=&#8221;initial&#8221; background_position=&#8221;top_left&#8221; background_repeat=&#8221;repeat&#8221; width=&#8221;89%&#8221; width_tablet=&#8221;80%&#8221; width_phone=&#8221;80%&#8221; width_last_edited=&#8221;on|desktop&#8221; max_width=&#8221;89%&#8221; max_width_tablet=&#8221;80%&#8221; max_width_phone=&#8221;80%&#8221; max_width_last_edited=&#8221;on|desktop&#8221; custom_padding=&#8221;27px|0px|25px|0px|false|false&#8221; make_fullwidth=&#8221;on&#8221; global_colors_info=&#8221;{}&#8221;][et_pb_column type=&#8221;4_4&#8243; _builder_version=&#8221;4.16&#8243; custom_padding=&#8221;|||&#8221; global_colors_info=&#8221;{}&#8221; custom_padding__hover=&#8221;|||&#8221;][et_pb_text _builder_version=&#8221;4.16&#8243; global_colors_info=&#8221;{}&#8221;]<\/p>\n<h1><strong>WKcollective | Wanjiru Kamuyu || associate company<\/strong><\/h1>\n<h2>Paris | France<\/h2>\n<p>[\/et_pb_text][\/et_pb_column][\/et_pb_row][et_pb_row column_structure=&#8221;1_4,3_4&#8243; module_class=&#8221; et_pb_row_fullwidth&#8221; _builder_version=&#8221;4.16&#8243; background_size=&#8221;initial&#8221; background_position=&#8221;top_left&#8221; background_repeat=&#8221;repeat&#8221; width=&#8221;89%&#8221; width_tablet=&#8221;80%&#8221; width_phone=&#8221;80%&#8221; width_last_edited=&#8221;on|desktop&#8221; max_width=&#8221;89%&#8221; max_width_tablet=&#8221;80%&#8221; max_width_phone=&#8221;80%&#8221; max_width_last_edited=&#8221;on|desktop&#8221; make_fullwidth=&#8221;on&#8221; global_colors_info=&#8221;{}&#8221;][et_pb_column type=&#8221;1_4&#8243; _builder_version=&#8221;4.16&#8243; custom_padding=&#8221;|||&#8221; global_colors_info=&#8221;{}&#8221; custom_padding__hover=&#8221;|||&#8221;][et_pb_image src=&#8221;http:\/\/caminaktion.eu\/wp-content\/uploads\/2018\/05\/Wanjiru-Kamuyu-photographe-Mathieu-Waddell.jpg&#8221; force_fullwidth=&#8221;on&#8221; align_tablet=&#8221;center&#8221; align_phone=&#8221;center&#8221; align_last_edited=&#8221;on|desktop&#8221; _builder_version=&#8221;4.16&#8243; global_colors_info=&#8221;{}&#8221;][\/et_pb_image][\/et_pb_column][et_pb_column type=&#8221;3_4&#8243; _builder_version=&#8221;4.16&#8243; custom_padding=&#8221;|||&#8221; global_colors_info=&#8221;{}&#8221; custom_padding__hover=&#8221;|||&#8221;][et_pb_text _builder_version=&#8221;4.16&#8243; text_font=&#8221;Raleway||||||||&#8221; global_colors_info=&#8221;{}&#8221;]<\/p>\n<p style=\"text-align: justify;\"><span style=\"font-family: inherit; font-weight: normal;\">WKcollective creates immersive, visceral experiences through the medium of contemporary dance.\u00a0 Project-based works weave stories and express the universal experience.\u00a0<\/span><\/p>\n<p style=\"text-align: justify;\"><span style=\"font-family: inherit; font-weight: normal;\"> Collaboration across artistic disciplines opens discourse and intrigue through the power of poetic expression in vocal and physical movement.<\/span><\/p>\n<p style=\"text-align: justify;\"><span style=\"font-family: inherit; font-weight: normal;\">Founded by choreographer Wanjiru Kamuyu in 2009, WKcollective attracts multidisciplinary artists of diverse cultural backgrounds to the creative canvas. <\/span><\/p>\n<p style=\"text-align: justify;\"><span style=\"font-family: inherit; font-weight: normal;\">Drawing upon these art forms to stimulate fresh, innovative, vulnerable, raw, graphic art to generate personal and social reflection through a transformative celebration with dance.<\/span><\/p>\n<p>[\/et_pb_text][\/et_pb_column][\/et_pb_row][et_pb_row module_class=&#8221; et_pb_row_fullwidth&#8221; _builder_version=&#8221;4.16&#8243; background_size=&#8221;initial&#8221; background_position=&#8221;top_left&#8221; background_repeat=&#8221;repeat&#8221; width=&#8221;89%&#8221; width_tablet=&#8221;80%&#8221; width_phone=&#8221;80%&#8221; width_last_edited=&#8221;on|desktop&#8221; max_width=&#8221;89%&#8221; max_width_tablet=&#8221;80%&#8221; max_width_phone=&#8221;80%&#8221; max_width_last_edited=&#8221;on|desktop&#8221; make_fullwidth=&#8221;on&#8221; global_colors_info=&#8221;{}&#8221;][et_pb_column type=&#8221;4_4&#8243; _builder_version=&#8221;4.16&#8243; custom_padding=&#8221;|||&#8221; global_colors_info=&#8221;{}&#8221; custom_padding__hover=&#8221;|||&#8221;][et_pb_button button_url=&#8221;http:\/\/caminaktion.eu\/en\/wkcollective-repertory&#8221; url_new_window=&#8221;on&#8221; button_text=&#8221;Touring repertory&#8221; button_alignment=&#8221;center&#8221; _builder_version=&#8221;4.24.0&#8243; custom_button=&#8221;on&#8221; button_text_size=&#8221;20px&#8221; button_border_radius=&#8221;100px&#8221; button_font=&#8221;Raleway|700|||||||&#8221; button_use_icon=&#8221;off&#8221; button_text_color_hover=&#8221;#ffffff&#8221; button_bg_color_hover=&#8221;#00B1B3&#8243; saved_tabs=&#8221;all&#8221; global_colors_info=&#8221;{}&#8221; button_text_size__hover_enabled=&#8221;off&#8221; button_one_text_size__hover_enabled=&#8221;off&#8221; button_two_text_size__hover_enabled=&#8221;off&#8221; button_text_color__hover_enabled=&#8221;on&#8221; button_text_color__hover=&#8221;#ffffff&#8221; button_one_text_color__hover_enabled=&#8221;off&#8221; button_two_text_color__hover_enabled=&#8221;off&#8221; button_border_width__hover_enabled=&#8221;off&#8221; button_one_border_width__hover_enabled=&#8221;off&#8221; button_two_border_width__hover_enabled=&#8221;off&#8221; button_border_color__hover_enabled=&#8221;off&#8221; button_one_border_color__hover_enabled=&#8221;off&#8221; button_two_border_color__hover_enabled=&#8221;off&#8221; button_border_radius__hover_enabled=&#8221;off&#8221; button_one_border_radius__hover_enabled=&#8221;off&#8221; button_two_border_radius__hover_enabled=&#8221;off&#8221; button_letter_spacing__hover_enabled=&#8221;off&#8221; button_one_letter_spacing__hover_enabled=&#8221;off&#8221; button_two_letter_spacing__hover_enabled=&#8221;off&#8221; button_bg_color__hover_enabled=&#8221;on&#8221; button_bg_color__hover=&#8221;#00B1B3&#8243; button_one_bg_color__hover_enabled=&#8221;off&#8221; button_two_bg_color__hover_enabled=&#8221;off&#8221;][\/et_pb_button][\/et_pb_column][\/et_pb_row][et_pb_row column_structure=&#8221;1_2,1_2&#8243; module_class=&#8221; et_pb_row_fullwidth&#8221; _builder_version=&#8221;4.16&#8243; background_size=&#8221;initial&#8221; background_position=&#8221;top_left&#8221; background_repeat=&#8221;repeat&#8221; width=&#8221;89%&#8221; width_tablet=&#8221;80%&#8221; width_phone=&#8221;80%&#8221; width_last_edited=&#8221;on|desktop&#8221; max_width=&#8221;89%&#8221; max_width_tablet=&#8221;80%&#8221; max_width_phone=&#8221;80%&#8221; max_width_last_edited=&#8221;on|desktop&#8221; make_fullwidth=&#8221;on&#8221; global_colors_info=&#8221;{}&#8221;][et_pb_column type=&#8221;1_2&#8243; _builder_version=&#8221;4.16&#8243; custom_padding=&#8221;|||&#8221; global_colors_info=&#8221;{}&#8221; custom_padding__hover=&#8221;|||&#8221;][et_pb_text _builder_version=&#8221;4.27.5&#8243; text_font=&#8221;||||||||&#8221; text_font_size=&#8221;16px&#8221; text_orientation=&#8221;justified&#8221; hover_enabled=&#8221;0&#8243; inline_fonts=&#8221;Aclonica&#8221; global_colors_info=&#8221;{}&#8221; sticky_enabled=&#8221;0&#8243;]<\/p>\n<p><strong>Winner of the prestigious 2026 New York City Bessie Awards <\/strong>(Outstanding Choreographer category), <strong>Wanjiru Kamuyu<\/strong>, born in Nairobi\/Kenya, obtained a Master of Fine Arts at Temple University (Philadelphia, USA). Based in Paris since 2007, she started her career in New York with such notable dance companies as <strong>Urban Bush Women<\/strong> and <strong>Molissa Fenley and Company<\/strong>. As a dancer, she developed a rich and diverse background that fostered her choreographic development and teaching.<\/p>\n<p>Between New York and Paris, on international stages, she has worked with contemporary choreographers including <strong>Jawole Willa Jo Zollar\/Urban Bush Women, Bill T. Jones, Ir\u00e8ne Tassembedo, Robyn Orlin, Nathalie Pubellier, Anne Collod, Stefanie Batten Bland, Bartabas, Dean Moss<\/strong> and more. Wanjiru collaborated with <strong>J\u00e9r\u00f4me Savary<\/strong> (<em>\u00c0 la recherche de Jos\u00e9phine<\/em>), <strong>Bill T. Jones<\/strong> (Broadway show <em>FELA!)<\/em> as well as the film director <strong>Christian Faure<\/strong> (<em>Fais danser la poussi\u00e8re<\/em>) and visual artist <strong>Jean-Paul Goude<\/strong>. She was in the original cast of the Paris Production of <strong>Julie Taymor<\/strong>\u2019s Broadway show, <em>The Lion King<\/em>.<\/p>\n<p>She has created three major works since 2017 (two solos and a trio) plus adaptations for alternative spaces, young audiences, as well as for the hearing and visually impaired. These pieces have been internationally acclaimed in the USA, France, Italy, Ireland, Taiwan, Burkina Faso, Mali, Nigeria, Burundi South Africa, Rwanda, and Mozambique. Her works have been developed in residencies in France, the USA (on a Villa Albertine Residency), and in Ireland. Additionally, in 2020 Kamuyu created her first dance film, <em>La visite<\/em>, directed by <strong>Tommy Pascal<\/strong>. The film was commissioned by the Etablissement public du Palais de la Porte Dor\u00e9e, in partnership with Th\u00e9\u00e2tre de la Ville-Paris. The film has been distributed in France, the Netherlands, Cote D\u2019Ivoire, Burundi, Mali and the US.<\/p>\n<p>&nbsp;<\/p>\n<p>&nbsp;<\/p>\n<p><span style=\"font-weight: normal;\">\u00a0<\/span><\/p>\n<p>[\/et_pb_text][\/et_pb_column][et_pb_column type=&#8221;1_2&#8243; _builder_version=&#8221;4.16&#8243; custom_padding=&#8221;|||&#8221; global_colors_info=&#8221;{}&#8221; custom_padding__hover=&#8221;|||&#8221;][et_pb_text _builder_version=&#8221;4.16&#8243; text_font=&#8221;||||||||&#8221; text_font_size=&#8221;16px&#8221; text_orientation=&#8221;justified&#8221; global_colors_info=&#8221;{}&#8221;]<\/p>\n<p>Kamuyu has also worked as a choreographer with director <strong>J\u00e9r\u00f4me Savary<\/strong> and has developed projects for refugees with New World Theatre (USA) and Euroculture (a project for 65 young artists and 11 refugees from Sudan, Syria, Libya and Afghanistan). She has been commissioned by directors <strong>Hassane Kassi Kouyat\u00e9<\/strong> (Burkina Faso), <strong>Jean-Fran\u00e7ois Auguste<\/strong> (France) and several universities in the USA (Mills College, Stephens College, Wayne State University, University of Michigan) and dance company InkBoat (USA). She has also served as artistic consultant for choreographer <strong>Bintou Dembele<\/strong>\u2019s (France) work, <em>Z.H<\/em>.<\/p>\n<p>Kamuyu teaches master classes and choreography workshops in Europe, North America, Asia and in Africa.<\/p>\n<p><span style=\"font-family: inherit;\"><\/span><\/p>\n<p><span style=\"font-family: inherit;\">Kamuyu\u2019s company, WKcollective, is an associate company with the creative agency camin aktion (Montpellier). Since the end of the 2023\/24 season, Wanjiru Kamuyu has been the associate artist at the National Choreographic Center, <a href=\"http:\/\/ccnnantes.fr\/fr\/pour-les-artistes-saison-2024-2025\"><strong>CCN Nantes<\/strong><\/a>. As a 2023 artist in residence with the <strong><a href=\"https:\/\/villa-albertine.org\/va\/residents\/wanjiru-kamuyu-dirk-korell\/\">Villa Albertine<\/a><\/strong>, Kamuyu continues to receive their support in the touring her work in the US. She is also a Live Feed Artist with <a href=\"https:\/\/newyorklivearts.org\/artists\/wanjiru-kamuyu\/\"><strong>New York Live Arts<\/strong><\/a> for seasons 2023\/24 and 2024\/25. From 2020\/21 through 2023\/24, she was associate artist with L\u2019<strong><a href=\"https:\/\/www.londe.fr\/l-onde\/les-artistes\">Onde Th\u00e9\u00e2tre Centre d\u2019Art, Sc\u00e8ne Conventionn\u00e9e d\u2019Int\u00e9r\u00eat National \u2013 Art et Cr\u00e9ation pour la Danse<\/a><\/strong> (V\u00e9lizy, France).<\/span><\/p>\n<p>[\/et_pb_text][\/et_pb_column][\/et_pb_row][\/et_pb_section][et_pb_section fb_built=&#8221;1&#8243; _builder_version=&#8221;4.16&#8243; background_color=&#8221;#000000&#8243; global_colors_info=&#8221;{}&#8221;][et_pb_row module_class=&#8221; et_pb_row_fullwidth&#8221; _builder_version=&#8221;4.16&#8243; width=&#8221;89%&#8221; width_tablet=&#8221;80%&#8221; width_phone=&#8221;80%&#8221; width_last_edited=&#8221;on|desktop&#8221; max_width=&#8221;89%&#8221; max_width_tablet=&#8221;80%&#8221; max_width_phone=&#8221;80%&#8221; max_width_last_edited=&#8221;on|desktop&#8221; make_fullwidth=&#8221;on&#8221; global_colors_info=&#8221;{}&#8221;][et_pb_column type=&#8221;4_4&#8243; _builder_version=&#8221;4.16&#8243; custom_padding=&#8221;|||&#8221; global_colors_info=&#8221;{}&#8221; custom_padding__hover=&#8221;|||&#8221;][et_pb_text _builder_version=&#8221;4.16&#8243; text_font=&#8221;||||||||&#8221; text_font_size=&#8221;12px&#8221; global_colors_info=&#8221;{}&#8221;]<\/p>\n<p style=\"text-align: right;\"><span style=\"color: #ffffff;\">Photo \u00a9 Mathieu Waddell<\/span><\/p>\n<p>[\/et_pb_text][\/et_pb_column][\/et_pb_row][\/et_pb_section]<\/p>\n","protected":false},"excerpt":{"rendered":"<p>WKcollective | Wanjiru Kamuyu || associate company Paris | FranceWKcollective creates immersive, visceral experiences through the medium of contemporary dance.\u00a0 Project-based works weave stories and express the universal experience.\u00a0 Collaboration across artistic disciplines opens discourse and intrigue through the power of poetic expression in vocal and physical movement. Founded by choreographer Wanjiru Kamuyu in 2009, [&hellip;]<\/p>\n","protected":false},"author":1,"featured_media":0,"parent":0,"menu_order":0,"comment_status":"closed","ping_status":"closed","template":"","meta":{"_seopress_robots_primary_cat":"","_seopress_titles_title":"WKcollective","_seopress_titles_desc":"Dirig\u00e9 par la chor\u00e9graphe Wanjiru Kamuyu, WKcollective implique des artistes pluridisciplinaires de milieux culturels divers et s\u2019appuie sur ces formes artistiques pour stimuler un art chor\u00e9-graphique afin de g\u00e9n\u00e9rer une r\u00e9flexion personnelle et sociale gr\u00e2ce \u00e0 une c\u00e9l\u00e9bration transformatrice avec la danse.","_seopress_robots_index":"","_et_pb_use_builder":"on","_et_pb_old_content":"<p>WKcollective cr\u00e9e des exp\u00e9riences immersives, visc\u00e9rales au moyen de la danse contemporaine.\u00a0 Fond\u00e9es sur ce projet. les \u0152uvres r\u00e9alis\u00e9es tissent des histoires et expriment l\u2019exp\u00e9rience universelle. La collaboration entre les disciplines artistiques \u00e9largit le discours et intrigue par la puissance de l\u2019expression po\u00e9tique s\u2019inscrivant dans le mouvement vocal et physique.<\/p><p>Fond\u00e9 par le chor\u00e9graphe Wanjiru Kamuyu en 2009, WKcollective implique des artistes pluridisciplinaires de milieux culturels divers dans sa toile cr\u00e9ative, et s\u2019appuie sur ces formes artistiques pour stimuler un art chor\u00e9-graphique frais, innovant, vuln\u00e9rable, cru, afin de g\u00e9n\u00e9rer une r\u00e9flexion personnelle et sociale gr\u00e2ce \u00e0 une c\u00e9l\u00e9bration transformatrice avec la danse.<\/p>","_et_gb_content_width":"","footnotes":""},"class_list":["post-33092","page","type-page","status-publish","hentry"],"_links":{"self":[{"href":"https:\/\/caminaktion.eu\/en\/wp-json\/wp\/v2\/pages\/33092","targetHints":{"allow":["GET"]}}],"collection":[{"href":"https:\/\/caminaktion.eu\/en\/wp-json\/wp\/v2\/pages"}],"about":[{"href":"https:\/\/caminaktion.eu\/en\/wp-json\/wp\/v2\/types\/page"}],"author":[{"embeddable":true,"href":"https:\/\/caminaktion.eu\/en\/wp-json\/wp\/v2\/users\/1"}],"replies":[{"embeddable":true,"href":"https:\/\/caminaktion.eu\/en\/wp-json\/wp\/v2\/comments?post=33092"}],"version-history":[{"count":47,"href":"https:\/\/caminaktion.eu\/en\/wp-json\/wp\/v2\/pages\/33092\/revisions"}],"predecessor-version":[{"id":49197,"href":"https:\/\/caminaktion.eu\/en\/wp-json\/wp\/v2\/pages\/33092\/revisions\/49197"}],"wp:attachment":[{"href":"https:\/\/caminaktion.eu\/en\/wp-json\/wp\/v2\/media?parent=33092"}],"curies":[{"name":"wp","href":"https:\/\/api.w.org\/{rel}","templated":true}]}}