{"id":29186,"date":"2017-04-19T19:12:30","date_gmt":"2017-04-19T17:12:30","guid":{"rendered":"http:\/\/wp1168365.server-he.de\/wordpress\/?page_id=29186"},"modified":"2025-10-18T00:34:06","modified_gmt":"2025-10-17T22:34:06","slug":"credits","status":"publish","type":"page","link":"https:\/\/caminaktion.eu\/en\/credits\/","title":{"rendered":"Informations &#038; credits"},"content":{"rendered":"<p>[et_pb_section fb_built=&#8221;1&#8243; fullwidth=&#8221;on&#8221; _builder_version=&#8221;4.16&#8243; background_image=&#8221;http:\/\/caminaktion.eu\/wp-content\/uploads\/2019\/02\/IMG_1689.jpg&#8221; parallax=&#8221;on&#8221; parallax_method=&#8221;off&#8221; custom_css_main_element=&#8221;Padding: 50px 0 250px;||&#8221; global_colors_info=&#8221;{}&#8221;][\/et_pb_section][et_pb_section fb_built=&#8221;1&#8243; admin_label=&#8221;section&#8221; _builder_version=&#8221;4.16&#8243; global_colors_info=&#8221;{}&#8221;][et_pb_row admin_label=&#8221;row&#8221; module_class=&#8221; et_pb_row_fullwidth&#8221; _builder_version=&#8221;4.16&#8243; background_size=&#8221;initial&#8221; background_position=&#8221;top_left&#8221; background_repeat=&#8221;repeat&#8221; width=&#8221;89%&#8221; width_tablet=&#8221;80%&#8221; width_phone=&#8221;80%&#8221; width_last_edited=&#8221;on|desktop&#8221; max_width=&#8221;89%&#8221; max_width_tablet=&#8221;80%&#8221; max_width_phone=&#8221;80%&#8221; max_width_last_edited=&#8221;on|desktop&#8221; custom_padding=&#8221;||0px|&#8221; make_fullwidth=&#8221;on&#8221; global_colors_info=&#8221;{}&#8221;][et_pb_column type=&#8221;4_4&#8243; _builder_version=&#8221;4.16&#8243; custom_padding=&#8221;|||&#8221; global_colors_info=&#8221;{}&#8221; custom_padding__hover=&#8221;|||&#8221;][et_pb_text admin_label=&#8221;Texte&#8221; _builder_version=&#8221;4.16&#8243; text_line_height=&#8221;1.4em&#8221; background_size=&#8221;initial&#8221; background_position=&#8221;top_left&#8221; background_repeat=&#8221;repeat&#8221; global_colors_info=&#8221;{}&#8221;]<\/p>\n<h1><span style=\"color: #0a0000;\">information | credits<\/span><\/h1>\n<p>[\/et_pb_text][\/et_pb_column][\/et_pb_row][et_pb_row admin_label=&#8221;row&#8221; module_class=&#8221; et_pb_row_fullwidth&#8221; _builder_version=&#8221;4.16&#8243; background_size=&#8221;initial&#8221; background_position=&#8221;top_left&#8221; background_repeat=&#8221;repeat&#8221; width=&#8221;89%&#8221; width_tablet=&#8221;80%&#8221; width_phone=&#8221;80%&#8221; width_last_edited=&#8221;on|desktop&#8221; max_width=&#8221;89%&#8221; max_width_tablet=&#8221;80%&#8221; max_width_phone=&#8221;80%&#8221; max_width_last_edited=&#8221;on|desktop&#8221; make_fullwidth=&#8221;on&#8221; global_colors_info=&#8221;{}&#8221;][et_pb_column type=&#8221;4_4&#8243; _builder_version=&#8221;4.16&#8243; custom_padding=&#8221;|||&#8221; global_colors_info=&#8221;{}&#8221; custom_padding__hover=&#8221;|||&#8221;][et_pb_text admin_label=&#8221;Texte&#8221; _builder_version=&#8221;4.16&#8243; text_line_height=&#8221;1.4em&#8221; background_size=&#8221;initial&#8221; background_position=&#8221;top_left&#8221; background_repeat=&#8221;repeat&#8221; global_colors_info=&#8221;{}&#8221;]<\/p>\n<h2>camin aktion<\/h2>\n<p style=\"text-align: left;\"><span style=\"color: #0a0000;\">Head office: 121 rue Fontcouverte &#8211; Bureau 25 | 34070 Montpellier | France<\/span><\/p>\n<p><span style=\"color: #0a0000;\">contact [at] caminaktion.eu | (+33) 06 52 42 25 89\u00a0\u00a0<\/span><\/p>\n<p>&nbsp;<\/p>\n<p><strong>camin aktion is a non-profit organization\u00a0(Association Loi 1901), certified by\u00a0Pr\u00e9fecture de Montpellier.<\/strong><\/p>\n<p>Board members: Marie-Jos\u00e9e Cartier, chairwoman\u00a0| Dorothea Kaiser-Wibaux, treasurer\u00a0| Emmanuelle Echassoux, secretary.<\/p>\n<p><span style=\"font-size: 18px;\">European VAT ID N\u00b0:\u00a0FR73 517 706 545 |\u00a0<\/span>Company register N\u00b0 (SIRET): 517 706 545 00012 | Activity code (APE): 9001Z<\/p>\n<p>Performing arts licences: Licence 2 PLATESV-R-2022-011906 + Licence 3 PLATESV-R-2022-012238 delivered by French Ministry of Culture &#8211; branch Montpellier (DRAC Occitanie &#8211; 5 Rue de La Salle L&#8217;Eveque, 34000 Montpellier &#8211; France).<\/p>\n<hr \/>\n<p>&nbsp;<\/p>\n<p style=\"text-align: justify;\"><span style=\"color: #ff1d25;\">The\u00a0employees and independent workers in the field of the performing arts are vital for the realization of our activities. The companionship of artists is essential for project development, realization of performances, career building of artists and companies. To hire\u00a0our collaborators, we rely on the French system for\u00a0employment in the performing arts, regularly questioned and threatened by the national confederation of French employers and a number of politicians. Even more as &#8211; likewise most of the &#8220;production offices&#8221; in France\u00a0&#8211; camin aktion does not receive any public grant or support: our economy is solely based on the mutual cooperation and sharing, and the unified energy we develop with the\u00a0companies, collectifs and artists, namely the associate companies linked to camin aktion.\u00a0<\/span><\/p>\n<p style=\"text-align: justify;\"><span style=\"color: #ff1d25;\">camin aktion, the associated companies and touring artists share their vision of non-discrimination and the mutual dependence on each other. We care about ecology and try to reduce as much as possible the carbon print of our activities and tours.<\/span><\/p>\n<hr \/>\n<p>&nbsp;<\/p>\n<p>Webdesign &amp; corporate design: Dirk Korell | \u00a9 camin aktion 2024<\/p>\n<p>&nbsp;<\/p>\n<hr \/>\n<p>&nbsp;<\/p>\n<p><em>This site has been developed with\u00a0WordPress. It is hosted at\u00a0HostEurope GmbH (Welserstra\u00dfe 14, D-51149 Cologne, +49 2203 10451040).<\/em><\/p>\n<p>&nbsp;<\/p>\n<p class=\"\" style=\"text-align: right;\"><span style=\"color: #707070; font-size: x-small;\">Photo \u00a9 Dirk Korell<\/span><\/p>\n<p>[\/et_pb_text][\/et_pb_column][\/et_pb_row][\/et_pb_section]<\/p>\n","protected":false},"excerpt":{"rendered":"<p>information | creditscamin aktion Head office: 121 rue Fontcouverte &#8211; Bureau 25 | 34070 Montpellier | France contact [at] caminaktion.eu | (+33) 06 52 42 25 89\u00a0\u00a0 &nbsp; camin aktion is a non-profit organization\u00a0(Association Loi 1901), certified by\u00a0Pr\u00e9fecture de Montpellier. Board members: Marie-Jos\u00e9e Cartier, chairwoman\u00a0| Dorothea Kaiser-Wibaux, treasurer\u00a0| Emmanuelle Echassoux, secretary. European VAT ID N\u00b0:\u00a0FR73 [&hellip;]<\/p>\n","protected":false},"author":1,"featured_media":0,"parent":0,"menu_order":0,"comment_status":"closed","ping_status":"closed","template":"","meta":{"_seopress_robots_primary_cat":"","_seopress_titles_title":"","_seopress_titles_desc":"","_seopress_robots_index":"","_et_pb_use_builder":"on","_et_pb_old_content":"<p><span style=\"color: #b43f16;\"><strong>camin aktion<\/strong><\/span><\/p><p style=\"text-align: left;\"><span style=\"color: #b43f16;\">Si\u00e8ge social : 42 rue Adam de Craponne | 34000 Montpellier | France<\/span><\/p><p><span style=\"color: #b43f16;\">contact [at] caminaktion.eu | (+33) 09 53 08 03 16<\/span><\/p><p>camin aktion est une Association Loi 1901, d\u00e9clar\u00e9e \u00e0 la Pr\u00e9fecture de Montpellier.<\/p><p>Membres du bureau :<\/p><p>Marie-Jos\u00e9e Cartier | pr\u00e9sidente<\/p><p>Dorothea Kaiser-Wibaux | tr\u00e9sori\u00e8re<\/p><p>Emmanuelle Echassoux | secr\u00e9taire<\/p><p>SIRET : 517 706 545 00012 | APE 9001Z | TVA intracommunautaire : FR73 517 706 545.<br \/>Licences d'entrepreneur de spectacle : 2-1098005 et 3-1098006 d\u00e9livr\u00e9es par la DRAC Occitanie (5 Rue de La Salle L'Eveque, 34000 Montpellier).<\/p><hr \/><p>Les intermittents sont indispensables \u00e0 la r\u00e9alisation des activit\u00e9s de notre association qui fonctionne, \u00e9tant bureau de production, sans soutiens publics.<\/p><hr \/><p>Conception du site & charte graphique : Dirk Korell<\/p><p>\u00a9 camin aktion 2017<\/p><hr \/><p><em>Ce site a \u00e9t\u00e9\u00a0d\u00e9velopp\u00e9 sur WordPress. Il est h\u00e9berg\u00e9 chez HostEurope GmbH (Welserstra\u00dfe 14, D-51149 K\u00f6ln, +49 2203 10451040).<\/em><\/p>","_et_gb_content_width":"","footnotes":""},"class_list":["post-29186","page","type-page","status-publish","hentry"],"_links":{"self":[{"href":"https:\/\/caminaktion.eu\/en\/wp-json\/wp\/v2\/pages\/29186","targetHints":{"allow":["GET"]}}],"collection":[{"href":"https:\/\/caminaktion.eu\/en\/wp-json\/wp\/v2\/pages"}],"about":[{"href":"https:\/\/caminaktion.eu\/en\/wp-json\/wp\/v2\/types\/page"}],"author":[{"embeddable":true,"href":"https:\/\/caminaktion.eu\/en\/wp-json\/wp\/v2\/users\/1"}],"replies":[{"embeddable":true,"href":"https:\/\/caminaktion.eu\/en\/wp-json\/wp\/v2\/comments?post=29186"}],"version-history":[{"count":15,"href":"https:\/\/caminaktion.eu\/en\/wp-json\/wp\/v2\/pages\/29186\/revisions"}],"predecessor-version":[{"id":47832,"href":"https:\/\/caminaktion.eu\/en\/wp-json\/wp\/v2\/pages\/29186\/revisions\/47832"}],"wp:attachment":[{"href":"https:\/\/caminaktion.eu\/en\/wp-json\/wp\/v2\/media?parent=29186"}],"curies":[{"name":"wp","href":"https:\/\/api.w.org\/{rel}","templated":true}]}}